{"id":2851,"date":"2024-10-23T14:35:22","date_gmt":"2024-10-23T12:35:22","guid":{"rendered":"http:\/\/billigtrikots.com\/?post_type=product&#038;p=2851"},"modified":"2024-10-23T14:37:24","modified_gmt":"2024-10-23T12:37:24","slug":"kinder-trikotsatz-fc-bayern-muenchen-heimtrikot-rot-2022-mit-aufdruck-kimmich-6","status":"publish","type":"product","link":"https:\/\/www.billigtrikotde.com\/sl\/kinder-trikotsatz-fc-bayern-muenchen-heimtrikot-rot-2022-mit-aufdruck-kimmich-6\/","title":{"rendered":"Otro\u0161ki komplet dresov FC Bayern M\u00fcnchen doma\u010di dres rde\u010da 2022 s tiskom Kimmich 6"},"content":{"rendered":"<p>Tukaj je otro\u0161ki komplet adidas v rde\u010di barvi, ki ti pomaga podpirati tvoj najljub\u0161i klub v vseh razmerah in pokazati, za kaj ti je srce. Kot pravi navija\u010d FC Bayern M\u00fcnchen potrebuje\u0161 ta doma\u010di komplet, ki ga nosijo igralci v 1. Bundesligi. Odsevno, udobno in zra\u010dno funkcionalnostjo se lahko pohvali. S tem kompletom lahko postane\u0161 \u0161e zmogljivej\u0161i in se pripravi\u0161 na naslednjo tekmo. \u010cudovit videz kompleta dopolnjuje grb kluba na prsih in grb kluba na hla\u010dah.<\/p>\n<p>Nasveti za tiskanje: \u010ce sta ime in \u0161tevilka na sliki to\u010dno tak\u0161na, kot ju \u017eelite, ju ni treba ponovno vnesti. \u010ce ni tako, vnesite \u017eeleno ime in \u0161tevilko.<\/p>\n<p>Nasveti za pranje: Priporo\u010dljivo je, da nogometne majice perete ro\u010dno. \u010ce \u017eelite uporabiti pralni stroj, ne pozabite nogometne majice obrniti narobe in jih nato oprati. Stroj napolnite s hladno vodo in uporabite ob\u010dutljiv cikel, da bolje za\u0161\u010ditite barve.<\/p>","protected":false},"excerpt":{"rendered":"<p>Hier kommt das adidas Kinder-Kit in Rot, das dir hilft, deinen Lieblingsverein in jeder Lage zu supporten und zu zeigen, wof\u00fcr dein Herz schl\u00e4gt. Als echter FC Bayern M\u00fcnchen-Fan brauchst du dieses Heim-Set, das die Spieler in der 1. Bundesliga tragen. Die schwei\u00dfableitende, bequeme und atmungsaktive Funktionsweise l\u00e4sst es \u00fcberzeugen. Mit diesem Set kannst du [&hellip;]<\/p>","protected":false},"featured_media":2893,"comment_status":"open","ping_status":"closed","template":"","meta":[],"product_brand":[],"product_cat":[135],"product_tag":[136,137,138,20,94],"class_list":{"0":"post-2851","1":"product","2":"type-product","3":"status-publish","4":"has-post-thumbnail","6":"product_cat-bayern-munich-kindertrikot","7":"product_tag-bayern-muenchen-heimtrikot","8":"product_tag-bayern-muenchen-trikots","9":"product_tag-bayern-munich-trikotsatz-fuer-kinder","10":"product_tag-coole-fussballtrikots","11":"product_tag-kinder-fussball-trikotsatz","13":"first","14":"instock","15":"shipping-taxable","16":"purchasable","17":"product-type-variable"},"_links":{"self":[{"href":"https:\/\/www.billigtrikotde.com\/sl\/wp-json\/wp\/v2\/product\/2851","targetHints":{"allow":["GET"]}}],"collection":[{"href":"https:\/\/www.billigtrikotde.com\/sl\/wp-json\/wp\/v2\/product"}],"about":[{"href":"https:\/\/www.billigtrikotde.com\/sl\/wp-json\/wp\/v2\/types\/product"}],"replies":[{"embeddable":true,"href":"https:\/\/www.billigtrikotde.com\/sl\/wp-json\/wp\/v2\/comments?post=2851"}],"wp:featuredmedia":[{"embeddable":true,"href":"https:\/\/www.billigtrikotde.com\/sl\/wp-json\/wp\/v2\/media\/2893"}],"wp:attachment":[{"href":"https:\/\/www.billigtrikotde.com\/sl\/wp-json\/wp\/v2\/media?parent=2851"}],"wp:term":[{"taxonomy":"product_brand","embeddable":true,"href":"https:\/\/www.billigtrikotde.com\/sl\/wp-json\/wp\/v2\/product_brand?post=2851"},{"taxonomy":"product_cat","embeddable":true,"href":"https:\/\/www.billigtrikotde.com\/sl\/wp-json\/wp\/v2\/product_cat?post=2851"},{"taxonomy":"product_tag","embeddable":true,"href":"https:\/\/www.billigtrikotde.com\/sl\/wp-json\/wp\/v2\/product_tag?post=2851"}],"curies":[{"name":"wp","href":"https:\/\/api.w.org\/{rel}","templated":true}]}}