{"id":2839,"date":"2024-10-23T14:34:49","date_gmt":"2024-10-23T12:34:49","guid":{"rendered":"http:\/\/billigtrikots.com\/?post_type=product&#038;p=2839"},"modified":"2024-10-23T14:36:50","modified_gmt":"2024-10-23T12:36:50","slug":"kindertrikot-as-roma-heim-trikot-2022-rot-fuer-kinder-kumbulla-24-trikotsatz","status":"publish","type":"product","link":"https:\/\/www.billigtrikotde.com\/sl\/kindertrikot-as-roma-heim-trikot-2022-rot-fuer-kinder-kumbulla-24-trikotsatz\/","title":{"rendered":"Otro\u0161ka majica AS Roma Home Jersey 2022 rde\u010da za otroke KUMBULLA 24 Komplet majic"},"content":{"rendered":"<p>Z novo doma\u010do majico Roma v originalnem videzu tvojih junakov ne bo\u0161 le naredil nepozabnega vtisa na stadionu, temve\u010d se bo\u0161 tudi na lastnem treningu izkazal! Prina\u0161a se v tradicionalnih doma\u010dih barvah, v rde\u010di in rumeni, in je okra\u0161ena z uradnimi podrobnostmi kluba ter logotipi sponzorjev. Prvi\u010d bodo rumeno-rde\u010di za prihajajo\u010do sezono opremljeni z blagovno znamko New Balance!<\/p>\n<p>Poleg dizajna imajo tudi material in kroj veliko za ponuditi. Tako doma\u010da majica prihaja v najbolj\u0161i kakovosti in je izdelana iz trajnostnega poliestra 100%. Poleg tega material NB Dry takoj odvaja znoj od telesa, kar ti omogo\u010da, da ostane\u0161 vedno suh in hladen. Udoben, redni kroj ti omogo\u010da veliko gibljivosti, mehak V-izrez pa se gladko prilega ko\u017ei.<\/p>\n<p>Nasveti za tiskanje: \u010ce sta ime in \u0161tevilka na sliki to\u010dno tak\u0161na, kot ju \u017eelite, ju ni treba ponovno vnesti. \u010ce ni tako, vnesite \u017eeleno ime in \u0161tevilko.<\/p>\n<p>Nasveti za pranje: Priporo\u010dljivo je, da nogometne majice perete ro\u010dno. \u010ce \u017eelite uporabiti pralni stroj, ne pozabite nogometne majice obrniti narobe in jih nato oprati. Stroj napolnite s hladno vodo in uporabite ob\u010dutljiv cikel, da bolje za\u0161\u010ditite barve.<\/p>","protected":false},"excerpt":{"rendered":"<p>Z novo doma\u010do majico Roma v originalnem videzu tvojih junakov ne bo\u0161 le naredil nepozabnega vtisa na stadionu, temve\u010d se bo\u0161 tudi na lastnem treningu izkazal! Prina\u0161a se v tradicionalnih doma\u010dih barvah, v rde\u010di in rumeni, in je okra\u0161ena z uradnimi podrobnostmi kluba ter logotipi sponzorjev. Prvi\u010d bodo rumeno-rde\u010di za prihajajo\u010do sezono opremljeni z blagovno znamko New Balance!<\/p>","protected":false},"featured_media":2879,"comment_status":"open","ping_status":"closed","template":"","meta":[],"product_brand":[],"product_cat":[133],"product_tag":[86,87,134,20,94],"class_list":{"0":"post-2839","1":"product","2":"type-product","3":"status-publish","4":"has-post-thumbnail","6":"product_cat-as-roma-kindertrikot","7":"product_tag-as-roma-heimtrikot","8":"product_tag-as-roma-trikots","9":"product_tag-as-roma-trikotsatz-fuer-kinder","10":"product_tag-coole-fussballtrikots","11":"product_tag-kinder-fussball-trikotsatz","13":"first","14":"instock","15":"shipping-taxable","16":"purchasable","17":"product-type-variable"},"_links":{"self":[{"href":"https:\/\/www.billigtrikotde.com\/sl\/wp-json\/wp\/v2\/product\/2839","targetHints":{"allow":["GET"]}}],"collection":[{"href":"https:\/\/www.billigtrikotde.com\/sl\/wp-json\/wp\/v2\/product"}],"about":[{"href":"https:\/\/www.billigtrikotde.com\/sl\/wp-json\/wp\/v2\/types\/product"}],"replies":[{"embeddable":true,"href":"https:\/\/www.billigtrikotde.com\/sl\/wp-json\/wp\/v2\/comments?post=2839"}],"wp:featuredmedia":[{"embeddable":true,"href":"https:\/\/www.billigtrikotde.com\/sl\/wp-json\/wp\/v2\/media\/2879"}],"wp:attachment":[{"href":"https:\/\/www.billigtrikotde.com\/sl\/wp-json\/wp\/v2\/media?parent=2839"}],"wp:term":[{"taxonomy":"product_brand","embeddable":true,"href":"https:\/\/www.billigtrikotde.com\/sl\/wp-json\/wp\/v2\/product_brand?post=2839"},{"taxonomy":"product_cat","embeddable":true,"href":"https:\/\/www.billigtrikotde.com\/sl\/wp-json\/wp\/v2\/product_cat?post=2839"},{"taxonomy":"product_tag","embeddable":true,"href":"https:\/\/www.billigtrikotde.com\/sl\/wp-json\/wp\/v2\/product_tag?post=2839"}],"curies":[{"name":"wp","href":"https:\/\/api.w.org\/{rel}","templated":true}]}}