{"id":2788,"date":"2024-10-23T14:32:38","date_gmt":"2024-10-23T12:32:38","guid":{"rendered":"http:\/\/billigtrikots.com\/?post_type=product&#038;p=2788"},"modified":"2024-10-23T14:34:41","modified_gmt":"2024-10-23T12:34:41","slug":"uruguay-2022-heimtrikot-herren-trikotsatz-kurzarm-in-hellblau-kurze-hosen-schwarz","status":"publish","type":"product","link":"https:\/\/www.billigtrikotde.com\/sl\/uruguay-2022-heimtrikot-herren-trikotsatz-kurzarm-in-hellblau-kurze-hosen-schwarz\/","title":{"rendered":"Dres Urugvaja 2022 za mo\u0161ke, kratke rokave, svetlo modri, s kratkimi hla\u010dami \u010drne barve"},"content":{"rendered":"<p>Das Puma Uruguay 2022 Trikot kombiniert die ikonischen Farben Uruguays und ist haupts\u00e4chlich hellblau (\u201eSilver Lake Blue\u201c).<\/p>\n<p>Die saubere Basis wird mit wei\u00dfen Logos sowie wei\u00dfen Streifen an den Seitenbahnen kombiniert. Das AUF (Uruguayan Football Federation) Logo ist in einer neuen wei\u00df-goldenen Applikation angebracht.<\/p>\n<p>Die Hosen des Puma Uruguay 2021 Heimtrikots sind schwarz.<\/p>\n<p>Nasveti za tiskanje: \u010ce sta ime in \u0161tevilka na sliki to\u010dno tak\u0161na, kot ju \u017eelite, ju ni treba ponovno vnesti. \u010ce ni tako, vnesite \u017eeleno ime in \u0161tevilko.<\/p>\n<p>Nasveti za pranje: Priporo\u010dljivo je, da nogometne majice perete ro\u010dno. \u010ce \u017eelite uporabiti pralni stroj, ne pozabite nogometne majice obrniti narobe in jih nato oprati. Stroj napolnite s hladno vodo in uporabite ob\u010dutljiv cikel, da bolje za\u0161\u010ditite barve.<\/p>","protected":false},"excerpt":{"rendered":"<p>Das Puma Uruguay 2022 Trikot kombiniert die ikonischen Farben Uruguays und ist haupts\u00e4chlich hellblau (\u201eSilver Lake Blue\u201c). Die saubere Basis wird mit wei\u00dfen Logos sowie wei\u00dfen Streifen an den Seitenbahnen kombiniert. Das AUF (Uruguayan Football Federation) Logo ist in einer neuen wei\u00df-goldenen Applikation angebracht. Die Hosen des Puma Uruguay 2021 Heimtrikots sind schwarz. Tipps zum [&hellip;]<\/p>","protected":false},"featured_media":2829,"comment_status":"open","ping_status":"closed","template":"","meta":[],"product_brand":[],"product_cat":[128],"product_tag":[20,21,22,23,24,129,130],"class_list":{"0":"post-2788","1":"product","2":"type-product","3":"status-publish","4":"has-post-thumbnail","6":"product_cat-uruguay-trikots","7":"product_tag-coole-fussballtrikots","8":"product_tag-fussballtrikot-fuer-herren","9":"product_tag-fussballtrikot-guenstig-kaufen","10":"product_tag-fussballtrikot-kurzarm","11":"product_tag-guenstiges-fussballtrikot","12":"product_tag-uruguay-heimtrikot","13":"product_tag-uruguay-trikots","15":"first","16":"instock","17":"shipping-taxable","18":"purchasable","19":"product-type-variable"},"_links":{"self":[{"href":"https:\/\/www.billigtrikotde.com\/sl\/wp-json\/wp\/v2\/product\/2788","targetHints":{"allow":["GET"]}}],"collection":[{"href":"https:\/\/www.billigtrikotde.com\/sl\/wp-json\/wp\/v2\/product"}],"about":[{"href":"https:\/\/www.billigtrikotde.com\/sl\/wp-json\/wp\/v2\/types\/product"}],"replies":[{"embeddable":true,"href":"https:\/\/www.billigtrikotde.com\/sl\/wp-json\/wp\/v2\/comments?post=2788"}],"wp:featuredmedia":[{"embeddable":true,"href":"https:\/\/www.billigtrikotde.com\/sl\/wp-json\/wp\/v2\/media\/2829"}],"wp:attachment":[{"href":"https:\/\/www.billigtrikotde.com\/sl\/wp-json\/wp\/v2\/media?parent=2788"}],"wp:term":[{"taxonomy":"product_brand","embeddable":true,"href":"https:\/\/www.billigtrikotde.com\/sl\/wp-json\/wp\/v2\/product_brand?post=2788"},{"taxonomy":"product_cat","embeddable":true,"href":"https:\/\/www.billigtrikotde.com\/sl\/wp-json\/wp\/v2\/product_cat?post=2788"},{"taxonomy":"product_tag","embeddable":true,"href":"https:\/\/www.billigtrikotde.com\/sl\/wp-json\/wp\/v2\/product_tag?post=2788"}],"curies":[{"name":"wp","href":"https:\/\/api.w.org\/{rel}","templated":true}]}}