{"id":2784,"date":"2024-10-23T14:32:34","date_gmt":"2024-10-23T12:32:34","guid":{"rendered":"http:\/\/billigtrikots.com\/?post_type=product&#038;p=2784"},"modified":"2024-10-23T14:34:40","modified_gmt":"2024-10-23T12:34:40","slug":"herren-trikots-nationalteams-uruguay-heimtrikot-copa-america-2022-mit-aufdruck-bentancur-6","status":"publish","type":"product","link":"https:\/\/www.billigtrikotde.com\/sl\/herren-trikots-nationalteams-uruguay-heimtrikot-copa-america-2022-mit-aufdruck-bentancur-6\/","title":{"rendered":"Mo\u0161ki dresi \u2013 reprezentan\u010dni dresi Urugvaja, doma\u010di dres Copa America 2022 z napisom Bentancur 6"},"content":{"rendered":"<p>Tragi\u010dni doma\u010di Puma Uruguay dres za doma\u010de tekme 2021\/22 v modri barvi izkazuje tvojo brezpogojno zvestobo in pripadnost svoji ekipi. \u0160portni top pri pravih navija\u010dih Urugvaja povzro\u010da popolno navdu\u0161enje. Je zra\u010den, zelo udoben in odvaja znoj. Tako si \u0161e zmogljivej\u0161i in lahko v vsakem treningu da\u0161 vse od sebe. Vizualno izstopa z logotipom zveze na prsih.<\/p>\n<p>Nasveti za tiskanje: \u010ce sta ime in \u0161tevilka na sliki to\u010dno tak\u0161na, kot ju \u017eelite, ju ni treba ponovno vnesti. \u010ce ni tako, vnesite \u017eeleno ime in \u0161tevilko.<\/p>\n<p>Nasveti za pranje: Priporo\u010dljivo je, da nogometne majice perete ro\u010dno. \u010ce \u017eelite uporabiti pralni stroj, ne pozabite nogometne majice obrniti narobe in jih nato oprati. Stroj napolnite s hladno vodo in uporabite ob\u010dutljiv cikel, da bolje za\u0161\u010ditite barve.<\/p>","protected":false},"excerpt":{"rendered":"<p>Tragi\u010dni doma\u010di Puma Uruguay dres za doma\u010de tekme 2021\/22 v modri barvi izkazuje tvojo brezpogojno zvestobo in pripadnost svoji ekipi. \u0160portni top pri pravih navija\u010dih Urugvaja povzro\u010da popolno navdu\u0161enje. Je zra\u010den, zelo udoben in odvaja znoj. Tako si \u0161e zmogljivej\u0161i in lahko v vsakem treningu da\u0161 vse od sebe. Vizualno izstopa z logotipom zveze na prsih.<\/p>","protected":false},"featured_media":2819,"comment_status":"open","ping_status":"closed","template":"","meta":[],"product_brand":[],"product_cat":[128],"product_tag":[20,21,22,23,24,129,130],"class_list":{"0":"post-2784","1":"product","2":"type-product","3":"status-publish","4":"has-post-thumbnail","6":"product_cat-uruguay-trikots","7":"product_tag-coole-fussballtrikots","8":"product_tag-fussballtrikot-fuer-herren","9":"product_tag-fussballtrikot-guenstig-kaufen","10":"product_tag-fussballtrikot-kurzarm","11":"product_tag-guenstiges-fussballtrikot","12":"product_tag-uruguay-heimtrikot","13":"product_tag-uruguay-trikots","15":"first","16":"instock","17":"shipping-taxable","18":"purchasable","19":"product-type-variable"},"_links":{"self":[{"href":"https:\/\/www.billigtrikotde.com\/sl\/wp-json\/wp\/v2\/product\/2784","targetHints":{"allow":["GET"]}}],"collection":[{"href":"https:\/\/www.billigtrikotde.com\/sl\/wp-json\/wp\/v2\/product"}],"about":[{"href":"https:\/\/www.billigtrikotde.com\/sl\/wp-json\/wp\/v2\/types\/product"}],"replies":[{"embeddable":true,"href":"https:\/\/www.billigtrikotde.com\/sl\/wp-json\/wp\/v2\/comments?post=2784"}],"wp:featuredmedia":[{"embeddable":true,"href":"https:\/\/www.billigtrikotde.com\/sl\/wp-json\/wp\/v2\/media\/2819"}],"wp:attachment":[{"href":"https:\/\/www.billigtrikotde.com\/sl\/wp-json\/wp\/v2\/media?parent=2784"}],"wp:term":[{"taxonomy":"product_brand","embeddable":true,"href":"https:\/\/www.billigtrikotde.com\/sl\/wp-json\/wp\/v2\/product_brand?post=2784"},{"taxonomy":"product_cat","embeddable":true,"href":"https:\/\/www.billigtrikotde.com\/sl\/wp-json\/wp\/v2\/product_cat?post=2784"},{"taxonomy":"product_tag","embeddable":true,"href":"https:\/\/www.billigtrikotde.com\/sl\/wp-json\/wp\/v2\/product_tag?post=2784"}],"curies":[{"name":"wp","href":"https:\/\/api.w.org\/{rel}","templated":true}]}}