{"id":2764,"date":"2024-10-23T14:31:31","date_gmt":"2024-10-23T12:31:31","guid":{"rendered":"http:\/\/billigtrikots.com\/?post_type=product&#038;p=2764"},"modified":"2024-10-23T14:33:36","modified_gmt":"2024-10-23T12:33:36","slug":"herren-trikotsatz-uruguay-2022-heimtrikot-hellblau-mit-aufdruck-valverde-15","status":"publish","type":"product","link":"https:\/\/www.billigtrikotde.com\/sl\/herren-trikotsatz-uruguay-2022-heimtrikot-hellblau-mit-aufdruck-valverde-15\/","title":{"rendered":"Mo\u0161ki komplet dresov Urugvaja 2022, doma\u010di dres, svetlo modri, z napisom VALVERDE 15"},"content":{"rendered":"<p>Avtenti\u010dni dizajn tega doma\u010dega dresa PUMA temelji na tekmovalnih dresih ekipe Urugvaj na Copa Am\u00e9rica 2022. S tem uradnim replika doma\u010dim dresom za mo\u0161ke dobite videz svojih najljub\u0161ih igralcev. Material dryCELL, ki odvaja vlago, zagotavlja suh in udoben ob\u010dutek med no\u0161enjem, ne glede na to, ali trenirate ali ste na stadionu. \u0160portni kroj vas podpira pri vseh gibih. Zastava na prsih ne pu\u0161\u010da dvoma, za katero ekipo stojite.<\/p>\n<p>Nasveti za tiskanje: \u010ce sta ime in \u0161tevilka na sliki to\u010dno tak\u0161na, kot ju \u017eelite, ju ni treba ponovno vnesti. \u010ce ni tako, vnesite \u017eeleno ime in \u0161tevilko.<\/p>\n<p>Nasveti za pranje: Priporo\u010dljivo je, da nogometne majice perete ro\u010dno. \u010ce \u017eelite uporabiti pralni stroj, ne pozabite nogometne majice obrniti narobe in jih nato oprati. Stroj napolnite s hladno vodo in uporabite ob\u010dutljiv cikel, da bolje za\u0161\u010ditite barve.<\/p>","protected":false},"excerpt":{"rendered":"<p>Das authentische Design dieses Puma Home Jerseys basiert auf den Spieltrikots des Uruguay-Teams bei der Copa Am\u00e9rica 2021. Mit diesem offiziellen Replica Heimtrikot f\u00fcr Herren erh\u00e4ltst du den Look deiner Lieblingsspieler. Das feuchtigkeitsleitende dryCELL-Material sorgt f\u00fcr trockenen und angenehmen Tragekomfort, egal ob beim Training oder im Stadion. Die sportliche Passform unterst\u00fctzt dich bei allen Bewegungsabl\u00e4ufen. [&hellip;]<\/p>","protected":false},"featured_media":2806,"comment_status":"open","ping_status":"closed","template":"","meta":[],"product_brand":[],"product_cat":[128],"product_tag":[20,21,22,23,24,129,130],"class_list":{"0":"post-2764","1":"product","2":"type-product","3":"status-publish","4":"has-post-thumbnail","6":"product_cat-uruguay-trikots","7":"product_tag-coole-fussballtrikots","8":"product_tag-fussballtrikot-fuer-herren","9":"product_tag-fussballtrikot-guenstig-kaufen","10":"product_tag-fussballtrikot-kurzarm","11":"product_tag-guenstiges-fussballtrikot","12":"product_tag-uruguay-heimtrikot","13":"product_tag-uruguay-trikots","15":"first","16":"instock","17":"shipping-taxable","18":"purchasable","19":"product-type-variable"},"_links":{"self":[{"href":"https:\/\/www.billigtrikotde.com\/sl\/wp-json\/wp\/v2\/product\/2764","targetHints":{"allow":["GET"]}}],"collection":[{"href":"https:\/\/www.billigtrikotde.com\/sl\/wp-json\/wp\/v2\/product"}],"about":[{"href":"https:\/\/www.billigtrikotde.com\/sl\/wp-json\/wp\/v2\/types\/product"}],"replies":[{"embeddable":true,"href":"https:\/\/www.billigtrikotde.com\/sl\/wp-json\/wp\/v2\/comments?post=2764"}],"wp:featuredmedia":[{"embeddable":true,"href":"https:\/\/www.billigtrikotde.com\/sl\/wp-json\/wp\/v2\/media\/2806"}],"wp:attachment":[{"href":"https:\/\/www.billigtrikotde.com\/sl\/wp-json\/wp\/v2\/media?parent=2764"}],"wp:term":[{"taxonomy":"product_brand","embeddable":true,"href":"https:\/\/www.billigtrikotde.com\/sl\/wp-json\/wp\/v2\/product_brand?post=2764"},{"taxonomy":"product_cat","embeddable":true,"href":"https:\/\/www.billigtrikotde.com\/sl\/wp-json\/wp\/v2\/product_cat?post=2764"},{"taxonomy":"product_tag","embeddable":true,"href":"https:\/\/www.billigtrikotde.com\/sl\/wp-json\/wp\/v2\/product_tag?post=2764"}],"curies":[{"name":"wp","href":"https:\/\/api.w.org\/{rel}","templated":true}]}}