{"id":2746,"date":"2024-10-23T14:30:53","date_gmt":"2024-10-23T12:30:53","guid":{"rendered":"http:\/\/billigtrikots.com\/?post_type=product&#038;p=2746"},"modified":"2024-10-23T14:33:02","modified_gmt":"2024-10-23T12:33:02","slug":"fussballtrikots-czech-republic-heimtrikot-em-2022-kurzarm-set-mit-aufdruck-soucek-15","status":"publish","type":"product","link":"https:\/\/www.billigtrikotde.com\/sl\/fussballtrikots-czech-republic-heimtrikot-em-2022-kurzarm-set-mit-aufdruck-soucek-15\/","title":{"rendered":"Nogometne majice \u010ce\u0161ka doma\u010da majica Euro 2022 komplet kratkih rokavov s tiskom Soucek 15"},"content":{"rendered":"<p>Poka\u017ei pripadnost svoji ekipi z modelom v rde\u010di barvi. Blagovna znamka PUMA tr\u017ei z odli\u010dnim izdelkom \u2013 \u0161portna majica. Ljubi svojo ekipo \u2013 z doma\u010do \u0161portno majico, ki jo nosijo celo igralci na evropskem prvenstvu, poka\u017ee\u0161, za koga ti srce utripa. Je zra\u010dna, udobna in lahka. Poleg tega ti je zagotovljena visoka vzdr\u017eljivost. S to \u0161portno majico lahko postane\u0161 \u0161e zmogljivej\u0161i in se pripravi\u0161 na naslednjo tekmo.<\/p>\n<p>Nasveti za tiskanje: \u010ce sta ime in \u0161tevilka na sliki to\u010dno tak\u0161na, kot ju \u017eelite, ju ni treba ponovno vnesti. \u010ce ni tako, vnesite \u017eeleno ime in \u0161tevilko.<\/p>\n<p>Nasveti za pranje: Priporo\u010dljivo je, da nogometne majice perete ro\u010dno. \u010ce \u017eelite uporabiti pralni stroj, ne pozabite nogometne majice obrniti narobe in jih nato oprati. Stroj napolnite s hladno vodo in uporabite ob\u010dutljiv cikel, da bolje za\u0161\u010ditite barve.<\/p>","protected":false},"excerpt":{"rendered":"<p>Zeige deine Zugeh\u00f6rigkeit zu deinem Team durch das Modell in Rot. Die Marke PUMA bringt mit dem Sportshirt ein wunderbares Produkt auf den Markt. Liebe deine Mannschaft \u2013 mit dem Heim-Sportshirt, das sogar von den Spielern bei der Europameisterschaft getragen wird, zeigst du, f\u00fcr wen dein Herz schl\u00e4gt. Es ist atmungsaktiv, bequem und leicht. Au\u00dferdem [&hellip;]<\/p>","protected":false},"featured_media":2782,"comment_status":"open","ping_status":"closed","template":"","meta":[],"product_brand":[],"product_cat":[122],"product_tag":[20,21,22,23,24,123,124],"class_list":{"0":"post-2746","1":"product","2":"type-product","3":"status-publish","4":"has-post-thumbnail","6":"product_cat-tschechien-trikots","7":"product_tag-coole-fussballtrikots","8":"product_tag-fussballtrikot-fuer-herren","9":"product_tag-fussballtrikot-guenstig-kaufen","10":"product_tag-fussballtrikot-kurzarm","11":"product_tag-guenstiges-fussballtrikot","12":"product_tag-tschechien-heimtrikot","13":"product_tag-tschechien-trikots","15":"first","16":"instock","17":"shipping-taxable","18":"purchasable","19":"product-type-variable"},"_links":{"self":[{"href":"https:\/\/www.billigtrikotde.com\/sl\/wp-json\/wp\/v2\/product\/2746","targetHints":{"allow":["GET"]}}],"collection":[{"href":"https:\/\/www.billigtrikotde.com\/sl\/wp-json\/wp\/v2\/product"}],"about":[{"href":"https:\/\/www.billigtrikotde.com\/sl\/wp-json\/wp\/v2\/types\/product"}],"replies":[{"embeddable":true,"href":"https:\/\/www.billigtrikotde.com\/sl\/wp-json\/wp\/v2\/comments?post=2746"}],"wp:featuredmedia":[{"embeddable":true,"href":"https:\/\/www.billigtrikotde.com\/sl\/wp-json\/wp\/v2\/media\/2782"}],"wp:attachment":[{"href":"https:\/\/www.billigtrikotde.com\/sl\/wp-json\/wp\/v2\/media?parent=2746"}],"wp:term":[{"taxonomy":"product_brand","embeddable":true,"href":"https:\/\/www.billigtrikotde.com\/sl\/wp-json\/wp\/v2\/product_brand?post=2746"},{"taxonomy":"product_cat","embeddable":true,"href":"https:\/\/www.billigtrikotde.com\/sl\/wp-json\/wp\/v2\/product_cat?post=2746"},{"taxonomy":"product_tag","embeddable":true,"href":"https:\/\/www.billigtrikotde.com\/sl\/wp-json\/wp\/v2\/product_tag?post=2746"}],"curies":[{"name":"wp","href":"https:\/\/api.w.org\/{rel}","templated":true}]}}