{"id":2726,"date":"2024-10-23T14:29:51","date_gmt":"2024-10-23T12:29:51","guid":{"rendered":"http:\/\/billigtrikots.com\/?post_type=product&#038;p=2726"},"modified":"2024-10-23T14:31:57","modified_gmt":"2024-10-23T12:31:57","slug":"personalisierbar-herren-kurzarm-t-shirt-frankreich-trikot-home-em-2022-blau","status":"publish","type":"product","link":"https:\/\/www.billigtrikotde.com\/sl\/personalisierbar-herren-kurzarm-t-shirt-frankreich-trikot-home-em-2022-blau\/","title":{"rendered":"Prilagodljiva mo\u0161ka majica s kratkimi rokavi France Shirt Home EM 2022 Blue"},"content":{"rendered":"<p>Podpri svojo ekipo kot 12. igralec z modrim modelom, ki odvaja znoj. Nike \u0161portna majica vzbuja pravo navdu\u0161enje. Doma\u010da \u0161portna majica, kot jo nosijo igralci na evropskem prvenstvu, povzro\u010da izjemno navdu\u0161enje pri pravih navija\u010dih Slovenije. Model, ki odvaja znoj, je zra\u010den in lahek, ter prepri\u010da na vseh podro\u010djih. Ta dres je bil ustvarjen, da dvigne tvoj nastop na vi\u0161jo raven. \u010cudovit videz \u0161portne majice poudari grb zveze na prsih.<\/p>\n<p>Nasveti za tiskanje: \u010ce sta ime in \u0161tevilka na sliki to\u010dno tak\u0161na, kot ju \u017eelite, ju ni treba ponovno vnesti. \u010ce ni tako, vnesite \u017eeleno ime in \u0161tevilko.<\/p>\n<p>Nasveti za pranje: Priporo\u010dljivo je, da nogometne majice perete ro\u010dno. \u010ce \u017eelite uporabiti pralni stroj, ne pozabite nogometne majice obrniti narobe in jih nato oprati. Stroj napolnite s hladno vodo in uporabite ob\u010dutljiv cikel, da bolje za\u0161\u010ditite barve.<\/p>","protected":false},"excerpt":{"rendered":"<p>Unterst\u00fctze dein Team als 12. Mann mit dem schwei\u00dfableitenden Modell in Blau. Das Nike Sportshirt sorgt f\u00fcr wahrhaftige Begeisterung. Das Heim-Sportshirt, wie es die Spieler bei der Europameisterschaft tragen, sorgt bei echten England-Anh\u00e4ngern f\u00fcr absolute Begeisterung. Das schwei\u00dfableitende, atmungsaktive und leichte Modell \u00fcberzeugt auf ganzer Linie. Dieses Trikot wurde geschaffen, um deine Leistung um ein [&hellip;]<\/p>","protected":false},"featured_media":2767,"comment_status":"open","ping_status":"closed","template":"","meta":[],"product_brand":[],"product_cat":[117],"product_tag":[120,20,121,119,21,22,23,24],"class_list":{"0":"post-2726","1":"product","2":"type-product","3":"status-publish","4":"has-post-thumbnail","6":"product_cat-frankreich-trikots","7":"product_tag-belgien-trikots","8":"product_tag-coole-fussballtrikots","9":"product_tag-frankreich-heimtrikot","10":"product_tag-frankreich-trikots","11":"product_tag-fussballtrikot-fuer-herren","12":"product_tag-fussballtrikot-guenstig-kaufen","13":"product_tag-fussballtrikot-kurzarm","14":"product_tag-guenstiges-fussballtrikot","16":"first","17":"instock","18":"shipping-taxable","19":"purchasable","20":"product-type-variable"},"_links":{"self":[{"href":"https:\/\/www.billigtrikotde.com\/sl\/wp-json\/wp\/v2\/product\/2726","targetHints":{"allow":["GET"]}}],"collection":[{"href":"https:\/\/www.billigtrikotde.com\/sl\/wp-json\/wp\/v2\/product"}],"about":[{"href":"https:\/\/www.billigtrikotde.com\/sl\/wp-json\/wp\/v2\/types\/product"}],"replies":[{"embeddable":true,"href":"https:\/\/www.billigtrikotde.com\/sl\/wp-json\/wp\/v2\/comments?post=2726"}],"wp:featuredmedia":[{"embeddable":true,"href":"https:\/\/www.billigtrikotde.com\/sl\/wp-json\/wp\/v2\/media\/2767"}],"wp:attachment":[{"href":"https:\/\/www.billigtrikotde.com\/sl\/wp-json\/wp\/v2\/media?parent=2726"}],"wp:term":[{"taxonomy":"product_brand","embeddable":true,"href":"https:\/\/www.billigtrikotde.com\/sl\/wp-json\/wp\/v2\/product_brand?post=2726"},{"taxonomy":"product_cat","embeddable":true,"href":"https:\/\/www.billigtrikotde.com\/sl\/wp-json\/wp\/v2\/product_cat?post=2726"},{"taxonomy":"product_tag","embeddable":true,"href":"https:\/\/www.billigtrikotde.com\/sl\/wp-json\/wp\/v2\/product_tag?post=2726"}],"curies":[{"name":"wp","href":"https:\/\/api.w.org\/{rel}","templated":true}]}}