{"id":2698,"date":"2024-10-23T14:28:45","date_gmt":"2024-10-23T12:28:45","guid":{"rendered":"http:\/\/billigtrikots.com\/?post_type=product&#038;p=2698"},"modified":"2024-10-23T14:30:47","modified_gmt":"2024-10-23T12:30:47","slug":"frankreich-auswaertstrikot-em-2022-weiss-dunkelblau-mit-aufdruck-mbappe-10","status":"publish","type":"product","link":"https:\/\/www.billigtrikotde.com\/sl\/frankreich-auswaertstrikot-em-2022-weiss-dunkelblau-mit-aufdruck-mbappe-10\/","title":{"rendered":"Francija komplet EM 2022 bela temno modra s potiskom MBAPPE 10"},"content":{"rendered":"<p>Predstavi svojo ekipo v NIKE Sloveniji Breathe Stadium gostujo\u010di dres. Izjemno zra\u010dno material odvaja znoj od ko\u017ee in zagotavlja hladen ob\u010dutek med no\u0161enjem na igri\u0161\u010du ali tribuni. Material NIKE Breathe zagotavlja suh in prijetno hladen ob\u010dutek med no\u0161enjem. Z avtenti\u010dnim dizajnom dobi\u0161 videz, ki ga nosijo tudi profesionalci na igri\u0161\u010du.<\/p>\n<p>Nasveti za tiskanje: \u010ce sta ime in \u0161tevilka na sliki to\u010dno tak\u0161na, kot ju \u017eelite, ju ni treba ponovno vnesti. \u010ce ni tako, vnesite \u017eeleno ime in \u0161tevilko.<\/p>\n<p>Nasveti za pranje: Priporo\u010dljivo je, da nogometne majice perete ro\u010dno. \u010ce \u017eelite uporabiti pralni stroj, ne pozabite nogometne majice obrniti narobe in jih nato oprati. Stroj napolnite s hladno vodo in uporabite ob\u010dutljiv cikel, da bolje za\u0161\u010ditite barve.<\/p>","protected":false},"excerpt":{"rendered":"<p>Predstavi svojo ekipo v NIKE Sloveniji Breathe Stadium gostujo\u010di dres. Izjemno zra\u010dno material odvaja znoj od ko\u017ee in zagotavlja hladen ob\u010dutek med no\u0161enjem na igri\u0161\u010du ali tribuni. Material NIKE Breathe zagotavlja suh in prijetno hladen ob\u010dutek med no\u0161enjem. Z avtenti\u010dnim dizajnom dobi\u0161 videz, ki ga nosijo tudi profesionalci na igri\u0161\u010du.<\/p>","protected":false},"featured_media":2732,"comment_status":"open","ping_status":"closed","template":"","meta":[],"product_brand":[],"product_cat":[117],"product_tag":[20,118,119,21,22,23,24],"class_list":{"0":"post-2698","1":"product","2":"type-product","3":"status-publish","4":"has-post-thumbnail","6":"product_cat-frankreich-trikots","7":"product_tag-coole-fussballtrikots","8":"product_tag-frankreich-auswaertstrikot","9":"product_tag-frankreich-trikots","10":"product_tag-fussballtrikot-fuer-herren","11":"product_tag-fussballtrikot-guenstig-kaufen","12":"product_tag-fussballtrikot-kurzarm","13":"product_tag-guenstiges-fussballtrikot","15":"first","16":"instock","17":"shipping-taxable","18":"purchasable","19":"product-type-variable"},"_links":{"self":[{"href":"https:\/\/www.billigtrikotde.com\/sl\/wp-json\/wp\/v2\/product\/2698","targetHints":{"allow":["GET"]}}],"collection":[{"href":"https:\/\/www.billigtrikotde.com\/sl\/wp-json\/wp\/v2\/product"}],"about":[{"href":"https:\/\/www.billigtrikotde.com\/sl\/wp-json\/wp\/v2\/types\/product"}],"replies":[{"embeddable":true,"href":"https:\/\/www.billigtrikotde.com\/sl\/wp-json\/wp\/v2\/comments?post=2698"}],"wp:featuredmedia":[{"embeddable":true,"href":"https:\/\/www.billigtrikotde.com\/sl\/wp-json\/wp\/v2\/media\/2732"}],"wp:attachment":[{"href":"https:\/\/www.billigtrikotde.com\/sl\/wp-json\/wp\/v2\/media?parent=2698"}],"wp:term":[{"taxonomy":"product_brand","embeddable":true,"href":"https:\/\/www.billigtrikotde.com\/sl\/wp-json\/wp\/v2\/product_brand?post=2698"},{"taxonomy":"product_cat","embeddable":true,"href":"https:\/\/www.billigtrikotde.com\/sl\/wp-json\/wp\/v2\/product_cat?post=2698"},{"taxonomy":"product_tag","embeddable":true,"href":"https:\/\/www.billigtrikotde.com\/sl\/wp-json\/wp\/v2\/product_tag?post=2698"}],"curies":[{"name":"wp","href":"https:\/\/api.w.org\/{rel}","templated":true}]}}