{"id":2677,"date":"2024-10-23T14:27:41","date_gmt":"2024-10-23T12:27:41","guid":{"rendered":"http:\/\/billigtrikots.com\/?post_type=product&#038;p=2677"},"modified":"2024-10-23T17:07:21","modified_gmt":"2024-10-23T15:07:21","slug":"herren-england-heimtrikot-em-2022-weiss-blau-mit-aufdruck-bellingham-26","status":"publish","type":"product","link":"https:\/\/www.billigtrikotde.com\/sl\/herren-england-heimtrikot-em-2022-weiss-blau-mit-aufdruck-bellingham-26\/","title":{"rendered":"Mo\u0161ka doma\u010da majica Anglije EM 2022 bela\/modra s potiskom BELLINGHAM 26"},"content":{"rendered":"<p>Kot pravi navija\u010d potrebuje\u0161 to doma\u010do majico, ki jo nosijo igralci na evropskem prvenstvu. Priporo\u010damo ta model, ki odvaja znoj, je zra\u010den, lahek in izjemno udoben ter nudi prijeten ob\u010dutek pri no\u0161enju. Poleg tega ti zagotavlja visoko vzdr\u017eljivost. \u010cudovit videz majice dopolnjuje logotip zveze na prsih. S to \u0161portno majico si popolnoma pripravljen za naslednjo vadbo.<\/p>\n<p>Nasveti za tiskanje: \u010ce sta ime in \u0161tevilka na sliki to\u010dno tak\u0161na, kot ju \u017eelite, ju ni treba ponovno vnesti. \u010ce ni tako, vnesite \u017eeleno ime in \u0161tevilko.<\/p>\n<p>Nasveti za pranje: Priporo\u010dljivo je, da nogometne majice perete ro\u010dno. \u010ce \u017eelite uporabiti pralni stroj, ne pozabite nogometne majice obrniti narobe in jih nato oprati. Stroj napolnite s hladno vodo in uporabite ob\u010dutljiv cikel, da bolje za\u0161\u010ditite barve.<\/p>","protected":false},"excerpt":{"rendered":"<p>Als echter Fan brauchst du dieses Heim-Trikot, das die Spieler bei der Europameisterschaft tragen. Wir empfehlen dieses schwei\u00dfableitende, atmungsaktive, leichte und super bequeme Modell mit dem angenehmen Tragegef\u00fchl. Au\u00dferdem wird dir eine hohe Haltbarkeit geboten. Untermalt wird die tolle Optik des Shirts durch das Verbandslogo auf der Brust. Mit diesem Sporttop bist du f\u00fcr die [&hellip;]<\/p>","protected":false},"featured_media":2718,"comment_status":"open","ping_status":"closed","template":"","meta":[],"product_brand":[],"product_cat":[115],"product_tag":[20,116,21,22,23,24],"class_list":{"0":"post-2677","1":"product","2":"type-product","3":"status-publish","4":"has-post-thumbnail","6":"product_cat-england-trikots","7":"product_tag-coole-fussballtrikots","8":"product_tag-england-heimtrikot","9":"product_tag-fussballtrikot-fuer-herren","10":"product_tag-fussballtrikot-guenstig-kaufen","11":"product_tag-fussballtrikot-kurzarm","12":"product_tag-guenstiges-fussballtrikot","14":"first","15":"instock","16":"shipping-taxable","17":"purchasable","18":"product-type-variable"},"_links":{"self":[{"href":"https:\/\/www.billigtrikotde.com\/sl\/wp-json\/wp\/v2\/product\/2677","targetHints":{"allow":["GET"]}}],"collection":[{"href":"https:\/\/www.billigtrikotde.com\/sl\/wp-json\/wp\/v2\/product"}],"about":[{"href":"https:\/\/www.billigtrikotde.com\/sl\/wp-json\/wp\/v2\/types\/product"}],"replies":[{"embeddable":true,"href":"https:\/\/www.billigtrikotde.com\/sl\/wp-json\/wp\/v2\/comments?post=2677"}],"wp:featuredmedia":[{"embeddable":true,"href":"https:\/\/www.billigtrikotde.com\/sl\/wp-json\/wp\/v2\/media\/2718"}],"wp:attachment":[{"href":"https:\/\/www.billigtrikotde.com\/sl\/wp-json\/wp\/v2\/media?parent=2677"}],"wp:term":[{"taxonomy":"product_brand","embeddable":true,"href":"https:\/\/www.billigtrikotde.com\/sl\/wp-json\/wp\/v2\/product_brand?post=2677"},{"taxonomy":"product_cat","embeddable":true,"href":"https:\/\/www.billigtrikotde.com\/sl\/wp-json\/wp\/v2\/product_cat?post=2677"},{"taxonomy":"product_tag","embeddable":true,"href":"https:\/\/www.billigtrikotde.com\/sl\/wp-json\/wp\/v2\/product_tag?post=2677"}],"curies":[{"name":"wp","href":"https:\/\/api.w.org\/{rel}","templated":true}]}}