{"id":2557,"date":"2024-10-23T14:22:10","date_gmt":"2024-10-23T12:22:10","guid":{"rendered":"http:\/\/billigtrikots.com\/?post_type=product&#038;p=2557"},"modified":"2024-10-23T14:24:18","modified_gmt":"2024-10-23T12:24:18","slug":"kindertrikot-borussia-dortmund-heimtrikot-in-gelbe-2022-trikotsatz","status":"publish","type":"product","link":"https:\/\/www.billigtrikotde.com\/sl\/kindertrikot-borussia-dortmund-heimtrikot-in-gelbe-2022-trikotsatz\/","title":{"rendered":"Otro\u0161ki dres Borussia Dortmund doma\u010di dres v rumeni barvi 2022 kit"},"content":{"rendered":"<p>Doma\u010di dres za sezono 2022 v otro\u0161ki razli\u010dici. Z njim lahko mali Borusi poka\u017eejo svojo ljubezen do kluba in imajo BVB vedno s seboj, ne glede na to, kje so. Zaradi sve\u017eega videza s \u010drtastimi rokavi in \u010drnim vratnim predelom je dres tudi v otro\u0161kih velikostih videti \u0161portno.<\/p>\n<p>Na hrbtni strani dresa je lahko napisan najljub\u0161i igralec BVB, EMMA ali va\u0161e ime.<\/p>\n<p>Upo\u0161tevajte, da majic, ki so posami\u010dno flokirane, ni mogo\u010de zamenjati. Enako velja za spremembe igralcev, imen in \u0161tevilk. Poleg tega je lahko dobavni rok za flokirane majice nekoliko dalj\u0161i.<\/p>\n<p>Napis Dortmund je vnaprej natisnjen na dresih<\/p>\n<p>Nasveti za tiskanje: \u010ce sta ime in \u0161tevilka na sliki to\u010dno tak\u0161na, kot ju \u017eelite, ju ni treba ponovno vnesti. \u010ce ni tako, vnesite \u017eeleno ime in \u0161tevilko.<\/p>\n<p>Nasveti za pranje: Priporo\u010dljivo je, da nogometne majice perete ro\u010dno. \u010ce \u017eelite uporabiti pralni stroj, ne pozabite nogometne majice obrniti narobe in jih nato oprati. Stroj napolnite s hladno vodo in uporabite ob\u010dutljiv cikel, da bolje za\u0161\u010ditite barve.<\/p>","protected":false},"excerpt":{"rendered":"<p>Doma\u010di dres za sezono 2022 v otro\u0161ki razli\u010dici. Z njim lahko mali Borusi poka\u017eejo svojo ljubezen do kluba in imajo BVB vedno s seboj, ne glede na to, kje so. Zaradi sve\u017eega videza s \u010drtastimi rokavi in \u010drnim vratnim predelom je dres tudi v otro\u0161kih velikostih videti \u0161portno.<\/p>","protected":false},"featured_media":2598,"comment_status":"open","ping_status":"closed","template":"","meta":[],"product_brand":[],"product_cat":[108],"product_tag":[20,110,65,109,66,94],"class_list":{"0":"post-2557","1":"product","2":"type-product","3":"status-publish","4":"has-post-thumbnail","6":"product_cat-borussia-dortmund-kindertrikot","7":"product_tag-coole-fussballtrikots","8":"product_tag-borussia-dortmund-heimtrikot","9":"product_tag-borussia-dortmund-trikots","10":"product_tag-borussia-dortmund-trikotsatz-fuer-kinder","11":"product_tag-bvb-trikots","12":"product_tag-kinder-fussball-trikotsatz","14":"first","15":"instock","16":"shipping-taxable","17":"purchasable","18":"product-type-variable"},"_links":{"self":[{"href":"https:\/\/www.billigtrikotde.com\/sl\/wp-json\/wp\/v2\/product\/2557","targetHints":{"allow":["GET"]}}],"collection":[{"href":"https:\/\/www.billigtrikotde.com\/sl\/wp-json\/wp\/v2\/product"}],"about":[{"href":"https:\/\/www.billigtrikotde.com\/sl\/wp-json\/wp\/v2\/types\/product"}],"replies":[{"embeddable":true,"href":"https:\/\/www.billigtrikotde.com\/sl\/wp-json\/wp\/v2\/comments?post=2557"}],"wp:featuredmedia":[{"embeddable":true,"href":"https:\/\/www.billigtrikotde.com\/sl\/wp-json\/wp\/v2\/media\/2598"}],"wp:attachment":[{"href":"https:\/\/www.billigtrikotde.com\/sl\/wp-json\/wp\/v2\/media?parent=2557"}],"wp:term":[{"taxonomy":"product_brand","embeddable":true,"href":"https:\/\/www.billigtrikotde.com\/sl\/wp-json\/wp\/v2\/product_brand?post=2557"},{"taxonomy":"product_cat","embeddable":true,"href":"https:\/\/www.billigtrikotde.com\/sl\/wp-json\/wp\/v2\/product_cat?post=2557"},{"taxonomy":"product_tag","embeddable":true,"href":"https:\/\/www.billigtrikotde.com\/sl\/wp-json\/wp\/v2\/product_tag?post=2557"}],"curies":[{"name":"wp","href":"https:\/\/api.w.org\/{rel}","templated":true}]}}