{"id":2546,"date":"2024-10-23T14:21:35","date_gmt":"2024-10-23T12:21:35","guid":{"rendered":"http:\/\/billigtrikots.com\/?post_type=product&#038;p=2546"},"modified":"2024-10-23T14:23:46","modified_gmt":"2024-10-23T12:23:46","slug":"bvb-borussia-dortmund-heimtrikot-in-gelbe-2022-fuer-kinder-mit-aufdruck-reus-11","status":"publish","type":"product","link":"https:\/\/www.billigtrikotde.com\/sl\/bvb-borussia-dortmund-heimtrikot-in-gelbe-2022-fuer-kinder-mit-aufdruck-reus-11\/","title":{"rendered":"BVB Borussia Dortmund doma\u010di dres v rumeni barvi 2022 za otroke s potiskom Reus 11"},"content":{"rendered":"<p>Otro\u0161ki dresi v dizajnu BVB<br \/>\nEn dres najljub\u0161ega nogometnega kluba je sanje za vsakega malega mladega zvezdnika. \u010ce je va\u0161e otrok velik obo\u017eevalec BVB, tukaj najdete \u0161irok izbor dresov, da ga ali jo oble\u010dete v rumeno in \u010drno. Dresove najdete tukaj v mnogih razli\u010dnih izvedbah. Ne glede na to, kateri se odlo\u010dite, boste dobili zgornji del, ki se odlikuje po naslednjih lastnostih:<\/p>\n<p>Visoka kakovost izdelave<br \/>\nStabilnost<br \/>\nAvtenti\u010dnost<br \/>\nDobra kakovost materiala<br \/>\nPreseneti svojega mladega z odli\u010dnim dresom, saj je zabava ob igri dvakrat ve\u010dja v barvah najljub\u0161ega mo\u0161tva. No\u0161enje dresa pa je primerno tudi pri \u0161tevilnih drugih prilo\u017enostih. \u0160e posebej otroci, ki obi\u010dajno niso podvr\u017eeni dress code-u, radi nosijo majice svoje ekipe tudi v vsakdanjem \u017eivljenju. Radi jih nosijo v \u0161oli in prostem \u010dasu. \u010ce jim je tudi sre\u010da, da lahko spremljajo svojo ekipo v \u017eivo na stadionu, je dres seveda vedno prva izbira.<\/p>\n<p>Nasveti za tiskanje: \u010ce sta ime in \u0161tevilka na sliki to\u010dno tak\u0161na, kot ju \u017eelite, ju ni treba ponovno vnesti. \u010ce ni tako, vnesite \u017eeleno ime in \u0161tevilko.<\/p>\n<p>Nasveti za pranje: Priporo\u010dljivo je, da nogometne majice perete ro\u010dno. \u010ce \u017eelite uporabiti pralni stroj, ne pozabite nogometne majice obrniti narobe in jih nato oprati. Stroj napolnite s hladno vodo in uporabite ob\u010dutljiv cikel, da bolje za\u0161\u010ditite barve.<\/p>","protected":false},"excerpt":{"rendered":"<p>Kindertrikots im BVB-Design Ein Trikot des Lieblingsfu\u00dfballvereins ist ein Traum f\u00fcr jeden kleinen Nachwuchsstar. Wenn dein Kind ein gro\u00dfer BVB-Fan ist, findest du hier eine gro\u00dfe Auswahl an Trikots, um sie oder ihn in Gelb und Schwarz zu h\u00fcllen. Die Trikots findest du hier in vielen verschiedenen Ausf\u00fchrungen. Egal f\u00fcr welches du dich entscheidest, du [&hellip;]<\/p>","protected":false},"featured_media":2587,"comment_status":"open","ping_status":"closed","template":"","meta":[],"product_brand":[],"product_cat":[108],"product_tag":[20,110,65,109,66,94],"class_list":{"0":"post-2546","1":"product","2":"type-product","3":"status-publish","4":"has-post-thumbnail","6":"product_cat-borussia-dortmund-kindertrikot","7":"product_tag-coole-fussballtrikots","8":"product_tag-borussia-dortmund-heimtrikot","9":"product_tag-borussia-dortmund-trikots","10":"product_tag-borussia-dortmund-trikotsatz-fuer-kinder","11":"product_tag-bvb-trikots","12":"product_tag-kinder-fussball-trikotsatz","14":"first","15":"instock","16":"shipping-taxable","17":"purchasable","18":"product-type-variable"},"_links":{"self":[{"href":"https:\/\/www.billigtrikotde.com\/sl\/wp-json\/wp\/v2\/product\/2546","targetHints":{"allow":["GET"]}}],"collection":[{"href":"https:\/\/www.billigtrikotde.com\/sl\/wp-json\/wp\/v2\/product"}],"about":[{"href":"https:\/\/www.billigtrikotde.com\/sl\/wp-json\/wp\/v2\/types\/product"}],"replies":[{"embeddable":true,"href":"https:\/\/www.billigtrikotde.com\/sl\/wp-json\/wp\/v2\/comments?post=2546"}],"wp:featuredmedia":[{"embeddable":true,"href":"https:\/\/www.billigtrikotde.com\/sl\/wp-json\/wp\/v2\/media\/2587"}],"wp:attachment":[{"href":"https:\/\/www.billigtrikotde.com\/sl\/wp-json\/wp\/v2\/media?parent=2546"}],"wp:term":[{"taxonomy":"product_brand","embeddable":true,"href":"https:\/\/www.billigtrikotde.com\/sl\/wp-json\/wp\/v2\/product_brand?post=2546"},{"taxonomy":"product_cat","embeddable":true,"href":"https:\/\/www.billigtrikotde.com\/sl\/wp-json\/wp\/v2\/product_cat?post=2546"},{"taxonomy":"product_tag","embeddable":true,"href":"https:\/\/www.billigtrikotde.com\/sl\/wp-json\/wp\/v2\/product_tag?post=2546"}],"curies":[{"name":"wp","href":"https:\/\/api.w.org\/{rel}","templated":true}]}}