{"id":2542,"date":"2024-10-23T14:21:32","date_gmt":"2024-10-23T12:21:32","guid":{"rendered":"http:\/\/billigtrikots.com\/?post_type=product&#038;p=2542"},"modified":"2024-10-23T14:23:44","modified_gmt":"2024-10-23T12:23:44","slug":"bvb-borussia-dortmund-heimtrikot-in-gelb-2022-fuer-kinder-mit-aufdruck-haaland-9","status":"publish","type":"product","link":"https:\/\/www.billigtrikotde.com\/sl\/bvb-borussia-dortmund-heimtrikot-in-gelb-2022-fuer-kinder-mit-aufdruck-haaland-9\/","title":{"rendered":"BVB Borussia Dortmund doma\u010di dres v rumeni barvi 2022 za otroke s potiskom Haaland 9"},"content":{"rendered":"<p>Dieses kindertrikot l\u00e4sst deinen Nachwuchskicker aussehen wie einen Profi. Dieses Shirt mit Rundhalsausschnitt, Raglan\u00e4rmeln mit Schultereinsatz aus Mesh und integriertem elastischen Bund ist ebenso robust wie bequem. Und dank seiner dryCELL-Technologie bleiben die Kleinen trocken und haben es bequem, ohne dass Schwei\u00df die Stimmung verdirbt. Das offizielle Vereinswappen von Borussia Dortmund prangt auf Oberteil und Shorts.<\/p>\n<p>Nasveti za tiskanje: \u010ce sta ime in \u0161tevilka na sliki to\u010dno tak\u0161na, kot ju \u017eelite, ju ni treba ponovno vnesti. \u010ce ni tako, vnesite \u017eeleno ime in \u0161tevilko.<\/p>\n<p>Nasveti za pranje: Priporo\u010dljivo je, da nogometne majice perete ro\u010dno. \u010ce \u017eelite uporabiti pralni stroj, ne pozabite nogometne majice obrniti narobe in jih nato oprati. Stroj napolnite s hladno vodo in uporabite ob\u010dutljiv cikel, da bolje za\u0161\u010ditite barve.<\/p>","protected":false},"excerpt":{"rendered":"<p>Dieses kindertrikot l\u00e4sst deinen Nachwuchskicker aussehen wie einen Profi. Dieses Shirt mit Rundhalsausschnitt, Raglan\u00e4rmeln mit Schultereinsatz aus Mesh und integriertem elastischen Bund ist ebenso robust wie bequem. Und dank seiner dryCELL-Technologie bleiben die Kleinen trocken und haben es bequem, ohne dass Schwei\u00df die Stimmung verdirbt. Das offizielle Vereinswappen von Borussia Dortmund prangt auf Oberteil und Shorts.<\/p>","protected":false},"featured_media":2585,"comment_status":"open","ping_status":"closed","template":"","meta":[],"product_brand":[],"product_cat":[108],"product_tag":[20,110,65,109,66,94],"class_list":{"0":"post-2542","1":"product","2":"type-product","3":"status-publish","4":"has-post-thumbnail","6":"product_cat-borussia-dortmund-kindertrikot","7":"product_tag-coole-fussballtrikots","8":"product_tag-borussia-dortmund-heimtrikot","9":"product_tag-borussia-dortmund-trikots","10":"product_tag-borussia-dortmund-trikotsatz-fuer-kinder","11":"product_tag-bvb-trikots","12":"product_tag-kinder-fussball-trikotsatz","14":"first","15":"instock","16":"shipping-taxable","17":"purchasable","18":"product-type-variable"},"_links":{"self":[{"href":"https:\/\/www.billigtrikotde.com\/sl\/wp-json\/wp\/v2\/product\/2542","targetHints":{"allow":["GET"]}}],"collection":[{"href":"https:\/\/www.billigtrikotde.com\/sl\/wp-json\/wp\/v2\/product"}],"about":[{"href":"https:\/\/www.billigtrikotde.com\/sl\/wp-json\/wp\/v2\/types\/product"}],"replies":[{"embeddable":true,"href":"https:\/\/www.billigtrikotde.com\/sl\/wp-json\/wp\/v2\/comments?post=2542"}],"wp:featuredmedia":[{"embeddable":true,"href":"https:\/\/www.billigtrikotde.com\/sl\/wp-json\/wp\/v2\/media\/2585"}],"wp:attachment":[{"href":"https:\/\/www.billigtrikotde.com\/sl\/wp-json\/wp\/v2\/media?parent=2542"}],"wp:term":[{"taxonomy":"product_brand","embeddable":true,"href":"https:\/\/www.billigtrikotde.com\/sl\/wp-json\/wp\/v2\/product_brand?post=2542"},{"taxonomy":"product_cat","embeddable":true,"href":"https:\/\/www.billigtrikotde.com\/sl\/wp-json\/wp\/v2\/product_cat?post=2542"},{"taxonomy":"product_tag","embeddable":true,"href":"https:\/\/www.billigtrikotde.com\/sl\/wp-json\/wp\/v2\/product_tag?post=2542"}],"curies":[{"name":"wp","href":"https:\/\/api.w.org\/{rel}","templated":true}]}}