{"id":2538,"date":"2024-10-23T14:21:28","date_gmt":"2024-10-23T12:21:28","guid":{"rendered":"http:\/\/billigtrikots.com\/?post_type=product&#038;p=2538"},"modified":"2024-10-23T14:23:12","modified_gmt":"2024-10-23T12:23:12","slug":"personalisierbar-borussia-dortmund-bvb-auswaertstrikot-saison-2022-fuer-kinder","status":"publish","type":"product","link":"https:\/\/www.billigtrikotde.com\/sl\/personalisierbar-borussia-dortmund-bvb-auswaertstrikot-saison-2022-fuer-kinder\/","title":{"rendered":"Prilagodljiv Borussia Dortmund BVB izletni\u0161ki komplet 2022 sezona za otroke"},"content":{"rendered":"<p>Poka\u017eite svetu, za katerega mo\u0161tva navijate s tem uradnim DFL Borussia Dortmund mo\u0161kim gostujo\u010dim dresom 21\/22. S kultnim logotipom BVB 09 na prsih in prav tako kultnim logotipom PUMA Cat se ta dres po\u010duti tako dobro, kot izgleda. Sestoji iz 100 % recikliranega PET poliestra in ima V-vratni izrez z gobasto konstrukcijo na hrbtni strani ter prevleko materiala na sprednji strani, Raglan rokave z mre\u017enimi vlo\u017eki na ramenih in izstopajo\u010di ovratniki v kontrastnih barvah s prilepljenimi \u0161ivi na obeh rokavih.<\/p>\n<p>Nasveti za tiskanje: \u010ce sta ime in \u0161tevilka na sliki to\u010dno tak\u0161na, kot ju \u017eelite, ju ni treba ponovno vnesti. \u010ce ni tako, vnesite \u017eeleno ime in \u0161tevilko.<\/p>\n<p>Nasveti za pranje: Priporo\u010dljivo je, da nogometne majice perete ro\u010dno. \u010ce \u017eelite uporabiti pralni stroj, ne pozabite nogometne majice obrniti narobe in jih nato oprati. Stroj napolnite s hladno vodo in uporabite ob\u010dutljiv cikel, da bolje za\u0161\u010ditite barve.<\/p>","protected":false},"excerpt":{"rendered":"<p>Zeige der Welt, f\u00fcr welche Mannschaft du jubelst mit diesem offiziellen Borussia Dortmund Replica Trikot. Mit dem kultigen BVB 09 Logo auf der Brust und dem ebenso kultigen PUMA Cat Logo f\u00fchlt sich dieses Trikot genauso gut an, wie es aussieht. Es besteht aus 100 % recyceltem Polyester und hat einen V-Ausschnitt mit gerippter Konstruktion [&hellip;]<\/p>","protected":false},"featured_media":2574,"comment_status":"open","ping_status":"closed","template":"","meta":[],"product_brand":[],"product_cat":[108],"product_tag":[20,68,65,109,66,94],"class_list":{"0":"post-2538","1":"product","2":"type-product","3":"status-publish","4":"has-post-thumbnail","6":"product_cat-borussia-dortmund-kindertrikot","7":"product_tag-coole-fussballtrikots","8":"product_tag-borussia-dortmund-auswaertstrikot","9":"product_tag-borussia-dortmund-trikots","10":"product_tag-borussia-dortmund-trikotsatz-fuer-kinder","11":"product_tag-bvb-trikots","12":"product_tag-kinder-fussball-trikotsatz","14":"first","15":"instock","16":"shipping-taxable","17":"purchasable","18":"product-type-variable"},"_links":{"self":[{"href":"https:\/\/www.billigtrikotde.com\/sl\/wp-json\/wp\/v2\/product\/2538","targetHints":{"allow":["GET"]}}],"collection":[{"href":"https:\/\/www.billigtrikotde.com\/sl\/wp-json\/wp\/v2\/product"}],"about":[{"href":"https:\/\/www.billigtrikotde.com\/sl\/wp-json\/wp\/v2\/types\/product"}],"replies":[{"embeddable":true,"href":"https:\/\/www.billigtrikotde.com\/sl\/wp-json\/wp\/v2\/comments?post=2538"}],"wp:featuredmedia":[{"embeddable":true,"href":"https:\/\/www.billigtrikotde.com\/sl\/wp-json\/wp\/v2\/media\/2574"}],"wp:attachment":[{"href":"https:\/\/www.billigtrikotde.com\/sl\/wp-json\/wp\/v2\/media?parent=2538"}],"wp:term":[{"taxonomy":"product_brand","embeddable":true,"href":"https:\/\/www.billigtrikotde.com\/sl\/wp-json\/wp\/v2\/product_brand?post=2538"},{"taxonomy":"product_cat","embeddable":true,"href":"https:\/\/www.billigtrikotde.com\/sl\/wp-json\/wp\/v2\/product_cat?post=2538"},{"taxonomy":"product_tag","embeddable":true,"href":"https:\/\/www.billigtrikotde.com\/sl\/wp-json\/wp\/v2\/product_tag?post=2538"}],"curies":[{"name":"wp","href":"https:\/\/api.w.org\/{rel}","templated":true}]}}