{"id":2526,"date":"2024-10-23T14:20:53","date_gmt":"2024-10-23T12:20:53","guid":{"rendered":"http:\/\/billigtrikots.com\/?post_type=product&#038;p=2526"},"modified":"2024-10-23T14:22:38","modified_gmt":"2024-10-23T12:22:38","slug":"kinder-tottenham-hotspur-2022-goalkeeper-shirt-gruen-mit-aufdruck-lloris-1","status":"publish","type":"product","link":"https:\/\/www.billigtrikotde.com\/sl\/kinder-tottenham-hotspur-2022-goalkeeper-shirt-gruen-mit-aufdruck-lloris-1\/","title":{"rendered":"Otro\u0161ka majica Tottenham Hotspur 2022 Goalkeeper zelena s potiskom LLORIS 1"},"content":{"rendered":"<p>Zastopajte svojo ekipo z vratarsko majico stadiona Tottenham Hotspur. Izjemno zra\u010dna tkanina odvaja znoj, da boste na igri\u0161\u010du ali na tribunah ostali hladni.<\/p>\n<p>Nasveti za tiskanje: \u010ce sta ime in \u0161tevilka na sliki to\u010dno tak\u0161na, kot ju \u017eelite, ju ni treba ponovno vnesti. \u010ce ni tako, vnesite \u017eeleno ime in \u0161tevilko.<\/p>\n<p>Nasveti za pranje: Priporo\u010dljivo je, da nogometne majice perete ro\u010dno. \u010ce \u017eelite uporabiti pralni stroj, ne pozabite nogometne majice obrniti narobe in jih nato oprati. Stroj napolnite s hladno vodo in uporabite ob\u010dutljiv cikel, da bolje za\u0161\u010ditite barve.<\/p>","protected":false},"excerpt":{"rendered":"<p>Predstavite svojo ekipo z golmanskim dresom Stadion Tottenham Hotspur. Njegovo ultra-prozorno tkanino odvajanje znoja, da ostanete hladni na igri\u0161\u010du ali na tribunah. Nasveti za tisk: \u010ce je ime in \u0161tevilka na sliki natan\u010dno tak\u0161na, kot \u017eelite, ju ne boste morali ponovno vnesti. \u010ce ne, bi morali vnesti svojo \u017eeljeno [\u2026]<\/p>","protected":false},"featured_media":2562,"comment_status":"open","ping_status":"closed","template":"","meta":[],"product_brand":[],"product_cat":[102],"product_tag":[20,35,38,21,24,94,107,104,105],"class_list":{"0":"post-2526","1":"product","2":"type-product","3":"status-publish","4":"has-post-thumbnail","6":"product_cat-tottenham-hotspur-kindertrikot","7":"product_tag-coole-fussballtrikots","8":"product_tag-fussball-torwarttrikots","9":"product_tag-fussball-trikot-langarm","10":"product_tag-fussballtrikot-fuer-herren","11":"product_tag-guenstiges-fussballtrikot","12":"product_tag-kinder-fussball-trikotsatz","13":"product_tag-tottenham-hotspur-torwarttrikot","14":"product_tag-tottenham-hotspur-trikots","15":"product_tag-tottenham-hotspur-trikotsatz-fuer-kinder","17":"first","18":"instock","19":"shipping-taxable","20":"purchasable","21":"product-type-variable"},"_links":{"self":[{"href":"https:\/\/www.billigtrikotde.com\/sl\/wp-json\/wp\/v2\/product\/2526","targetHints":{"allow":["GET"]}}],"collection":[{"href":"https:\/\/www.billigtrikotde.com\/sl\/wp-json\/wp\/v2\/product"}],"about":[{"href":"https:\/\/www.billigtrikotde.com\/sl\/wp-json\/wp\/v2\/types\/product"}],"replies":[{"embeddable":true,"href":"https:\/\/www.billigtrikotde.com\/sl\/wp-json\/wp\/v2\/comments?post=2526"}],"wp:featuredmedia":[{"embeddable":true,"href":"https:\/\/www.billigtrikotde.com\/sl\/wp-json\/wp\/v2\/media\/2562"}],"wp:attachment":[{"href":"https:\/\/www.billigtrikotde.com\/sl\/wp-json\/wp\/v2\/media?parent=2526"}],"wp:term":[{"taxonomy":"product_brand","embeddable":true,"href":"https:\/\/www.billigtrikotde.com\/sl\/wp-json\/wp\/v2\/product_brand?post=2526"},{"taxonomy":"product_cat","embeddable":true,"href":"https:\/\/www.billigtrikotde.com\/sl\/wp-json\/wp\/v2\/product_cat?post=2526"},{"taxonomy":"product_tag","embeddable":true,"href":"https:\/\/www.billigtrikotde.com\/sl\/wp-json\/wp\/v2\/product_tag?post=2526"}],"curies":[{"name":"wp","href":"https:\/\/api.w.org\/{rel}","templated":true}]}}