{"id":2454,"date":"2024-10-23T14:17:36","date_gmt":"2024-10-23T12:17:36","guid":{"rendered":"http:\/\/billigtrikots.com\/?post_type=product&#038;p=2454"},"modified":"2024-10-23T14:19:43","modified_gmt":"2024-10-23T12:19:43","slug":"ac-mailand-auswaertstrikot-2022-beige-rot-fuer-kinder","status":"publish","type":"product","link":"https:\/\/www.billigtrikotde.com\/sl\/ac-mailand-auswaertstrikot-2022-beige-rot-fuer-kinder\/","title":{"rendered":"AC Milan Away Jersey 2022 Beige Red za otroke"},"content":{"rendered":"<p>Tvoj mladi nogometa\u0161 bo cenil dryCELL tehnologijo v tem dresu, ki poskrbi, da se vlaga odvaja od telesa. Tako bo skozi celotno enoto ostal suh in udoben. Ampak ta dres slavi tudi mo\u010d in vpliv, ki ga \u0161port sploh lahko ima na svet. Je del programa Sports for Change, katerega cilj je pomagati potrebnim mladim na \u0161estih kontinentih. Sprednja stran tega dresa ima kultni klubni logotip AC Milan ter enako kultni logo PUMA Cat na nasprotni strani.<\/p>\n<p>Nasveti za tiskanje: \u010ce sta ime in \u0161tevilka na sliki to\u010dno tak\u0161na, kot ju \u017eelite, ju ni treba ponovno vnesti. \u010ce ni tako, vnesite \u017eeleno ime in \u0161tevilko.<\/p>\n<p>Nasveti za pranje: Priporo\u010dljivo je, da nogometne majice perete ro\u010dno. \u010ce \u017eelite uporabiti pralni stroj, ne pozabite nogometne majice obrniti narobe in jih nato oprati. Stroj napolnite s hladno vodo in uporabite ob\u010dutljiv cikel, da bolje za\u0161\u010ditite barve.<\/p>","protected":false},"excerpt":{"rendered":"<p>Dein junger Fu\u00dfballer wird die dryCELL Technologie in diesem Trikot zu sch\u00e4tzen wissen, die daf\u00fcr sorgt, dass die Feuchtigkeit vom K\u00f6rper weggeleitet wird. Damit wird er die ganze Einheit \u00fcber trocken und bequem bleiben. Aber dieses Trikot zelebriert auch die Kraft und den Einfluss, den der Sport auf die Welt im Allgemeinen haben kann. Es [&hellip;]<\/p>","protected":false},"featured_media":2495,"comment_status":"open","ping_status":"closed","template":"","meta":[],"product_brand":[],"product_cat":[92],"product_tag":[19,93,20,94],"class_list":{"0":"post-2454","1":"product","2":"type-product","3":"status-publish","4":"has-post-thumbnail","6":"product_cat-ac-mailand-kindertrikot","7":"product_tag-ac-milan-auswaertstrikot","8":"product_tag-ac-milan-trikotsatz-fuer-kinder","9":"product_tag-coole-fussballtrikots","10":"product_tag-kinder-fussball-trikotsatz","12":"first","13":"instock","14":"shipping-taxable","15":"purchasable","16":"product-type-variable"},"_links":{"self":[{"href":"https:\/\/www.billigtrikotde.com\/sl\/wp-json\/wp\/v2\/product\/2454","targetHints":{"allow":["GET"]}}],"collection":[{"href":"https:\/\/www.billigtrikotde.com\/sl\/wp-json\/wp\/v2\/product"}],"about":[{"href":"https:\/\/www.billigtrikotde.com\/sl\/wp-json\/wp\/v2\/types\/product"}],"replies":[{"embeddable":true,"href":"https:\/\/www.billigtrikotde.com\/sl\/wp-json\/wp\/v2\/comments?post=2454"}],"wp:featuredmedia":[{"embeddable":true,"href":"https:\/\/www.billigtrikotde.com\/sl\/wp-json\/wp\/v2\/media\/2495"}],"wp:attachment":[{"href":"https:\/\/www.billigtrikotde.com\/sl\/wp-json\/wp\/v2\/media?parent=2454"}],"wp:term":[{"taxonomy":"product_brand","embeddable":true,"href":"https:\/\/www.billigtrikotde.com\/sl\/wp-json\/wp\/v2\/product_brand?post=2454"},{"taxonomy":"product_cat","embeddable":true,"href":"https:\/\/www.billigtrikotde.com\/sl\/wp-json\/wp\/v2\/product_cat?post=2454"},{"taxonomy":"product_tag","embeddable":true,"href":"https:\/\/www.billigtrikotde.com\/sl\/wp-json\/wp\/v2\/product_tag?post=2454"}],"curies":[{"name":"wp","href":"https:\/\/api.w.org\/{rel}","templated":true}]}}