{"id":2429,"date":"2024-10-23T14:16:31","date_gmt":"2024-10-23T12:16:31","guid":{"rendered":"http:\/\/billigtrikots.com\/?post_type=product&#038;p=2429"},"modified":"2024-10-23T14:18:36","modified_gmt":"2024-10-23T12:18:36","slug":"ac-mailand-auswaertstrikot-2022-beige-rot-fuer-kinder-mit-aufdruck-theo-19","status":"publish","type":"product","link":"https:\/\/www.billigtrikotde.com\/sl\/ac-mailand-auswaertstrikot-2022-beige-rot-fuer-kinder-mit-aufdruck-theo-19\/","title":{"rendered":"AC Milan Away Jersey 2022 Beige Red za otroke s potiskom THEO 19"},"content":{"rendered":"<p>Otro\u0161ko \u0161portno majico PUMA v be\u017e barvi ti omogo\u010da, da nosi\u0161 barve svojega najljub\u0161ega kluba in vsem poka\u017ee\u0161, za kaj se tvoja srca borijo. Za prave navija\u010de AC Milana je to nuja: gostujo\u010da \u0161portna majica v originalnem dizajnu, kot jo nosijo igralci v Serie A. Je zra\u010dna, izjemno udobna in lahka. Vizualno izstopa z grbom kluba na prsih. S to majico si odli\u010dno opremljen za vsako vadbo.<\/p>\n<p>Nasveti za tiskanje: \u010ce sta ime in \u0161tevilka na sliki to\u010dno tak\u0161na, kot ju \u017eelite, ju ni treba ponovno vnesti. \u010ce ni tako, vnesite \u017eeleno ime in \u0161tevilko.<\/p>\n<p>Nasveti za pranje: Priporo\u010dljivo je, da nogometne majice perete ro\u010dno. \u010ce \u017eelite uporabiti pralni stroj, ne pozabite nogometne majice obrniti narobe in jih nato oprati. Stroj napolnite s hladno vodo in uporabite ob\u010dutljiv cikel, da bolje za\u0161\u010ditite barve.<\/p>","protected":false},"excerpt":{"rendered":"<p>Das Kinder-Sportshirt von PUMA in Beige l\u00e4sst dich die Farben deines Lieblingsclubs tragen und allen zeigen, wof\u00fcr dein Herz schl\u00e4gt. F\u00fcr wahre AC Mailand-Fans ein Must-Have: das Ausw\u00e4rts-Sportshirt im Originaldesign, wie es die Spieler in der Serie A tragen. Es ist atmungsaktiv, super bequem und leicht. Es besticht optisch mit einem Vereinswappen auf der Brust. [&hellip;]<\/p>","protected":false},"featured_media":2471,"comment_status":"open","ping_status":"closed","template":"","meta":[],"product_brand":[],"product_cat":[92],"product_tag":[19,93,20,94],"class_list":{"0":"post-2429","1":"product","2":"type-product","3":"status-publish","4":"has-post-thumbnail","6":"product_cat-ac-mailand-kindertrikot","7":"product_tag-ac-milan-auswaertstrikot","8":"product_tag-ac-milan-trikotsatz-fuer-kinder","9":"product_tag-coole-fussballtrikots","10":"product_tag-kinder-fussball-trikotsatz","12":"first","13":"instock","14":"shipping-taxable","15":"purchasable","16":"product-type-variable"},"_links":{"self":[{"href":"https:\/\/www.billigtrikotde.com\/sl\/wp-json\/wp\/v2\/product\/2429","targetHints":{"allow":["GET"]}}],"collection":[{"href":"https:\/\/www.billigtrikotde.com\/sl\/wp-json\/wp\/v2\/product"}],"about":[{"href":"https:\/\/www.billigtrikotde.com\/sl\/wp-json\/wp\/v2\/types\/product"}],"replies":[{"embeddable":true,"href":"https:\/\/www.billigtrikotde.com\/sl\/wp-json\/wp\/v2\/comments?post=2429"}],"wp:featuredmedia":[{"embeddable":true,"href":"https:\/\/www.billigtrikotde.com\/sl\/wp-json\/wp\/v2\/media\/2471"}],"wp:attachment":[{"href":"https:\/\/www.billigtrikotde.com\/sl\/wp-json\/wp\/v2\/media?parent=2429"}],"wp:term":[{"taxonomy":"product_brand","embeddable":true,"href":"https:\/\/www.billigtrikotde.com\/sl\/wp-json\/wp\/v2\/product_brand?post=2429"},{"taxonomy":"product_cat","embeddable":true,"href":"https:\/\/www.billigtrikotde.com\/sl\/wp-json\/wp\/v2\/product_cat?post=2429"},{"taxonomy":"product_tag","embeddable":true,"href":"https:\/\/www.billigtrikotde.com\/sl\/wp-json\/wp\/v2\/product_tag?post=2429"}],"curies":[{"name":"wp","href":"https:\/\/api.w.org\/{rel}","templated":true}]}}