{"id":24225,"date":"2026-01-18T08:40:32","date_gmt":"2026-01-18T07:40:32","guid":{"rendered":"https:\/\/www.billigtrikotde.com\/?post_type=product&#038;p=24225"},"modified":"2026-01-18T08:40:32","modified_gmt":"2026-01-18T07:40:32","slug":"manchester-united-guenstige-harry-maguire-5-auswaertstrikot-kinder-2025-26-fussballtrikots-set","status":"publish","type":"product","link":"https:\/\/www.billigtrikotde.com\/sl\/manchester-united-guenstige-harry-maguire-5-auswaertstrikot-kinder-2025-26-fussballtrikots-set\/","title":{"rendered":"Manchester United Ugodni Harry Maguire #5 ve\u010dnaravni dres za goste otroke 2025-26 nogometni dres komplet"},"content":{"rendered":"<p>Manchester United nogometni dres kompleti za otroke Nasveti za tiskanje: \u010ce je ime in \u0161tevilka na sliki natan\u010dno tak\u0161na, kot \u017eelite, ju ne rabite znova vna\u0161ati. \u010ce ni, vnesite \u017eeljeno ime in \u0161tevilko.<\/p>\n<p>Nasveti za pranje: Priporo\u010dljivo je, da nogometne majice perete ro\u010dno. \u010ce \u017eelite uporabiti pralni stroj, ne pozabite nogometne majice obrniti narobe in jih nato oprati. Stroj napolnite s hladno vodo in uporabite ob\u010dutljiv cikel, da bolje za\u0161\u010ditite barve.<\/p>","protected":false},"excerpt":{"rendered":"<p>Manchester United nogometna majica komplet za otroke Nasveti za tiskanje: \u010ce je ime in \u0161tevilka na sliki to\u010dno tako, kot \u017eelite, ju ni treba znova vnositi. \u010ce ne, vnesite svoje \u017eelene ime in \u0161tevilko. Nasveti za pranje: priporo\u010dljivo je ro\u010dno pranje nogometnih dresov. \u010ce \u017eelite uporabljati pralni stroj, [\u2026]<\/p>","protected":false},"featured_media":24227,"comment_status":"open","ping_status":"closed","template":"","meta":[],"product_brand":[],"product_cat":[140],"product_tag":[],"class_list":{"0":"post-24225","1":"product","2":"type-product","3":"status-publish","4":"has-post-thumbnail","6":"product_cat-manchester-united-kindertrikot","8":"first","9":"instock","10":"shipping-taxable","11":"purchasable","12":"product-type-variable"},"_links":{"self":[{"href":"https:\/\/www.billigtrikotde.com\/sl\/wp-json\/wp\/v2\/product\/24225","targetHints":{"allow":["GET"]}}],"collection":[{"href":"https:\/\/www.billigtrikotde.com\/sl\/wp-json\/wp\/v2\/product"}],"about":[{"href":"https:\/\/www.billigtrikotde.com\/sl\/wp-json\/wp\/v2\/types\/product"}],"replies":[{"embeddable":true,"href":"https:\/\/www.billigtrikotde.com\/sl\/wp-json\/wp\/v2\/comments?post=24225"}],"wp:featuredmedia":[{"embeddable":true,"href":"https:\/\/www.billigtrikotde.com\/sl\/wp-json\/wp\/v2\/media\/24227"}],"wp:attachment":[{"href":"https:\/\/www.billigtrikotde.com\/sl\/wp-json\/wp\/v2\/media?parent=24225"}],"wp:term":[{"taxonomy":"product_brand","embeddable":true,"href":"https:\/\/www.billigtrikotde.com\/sl\/wp-json\/wp\/v2\/product_brand?post=24225"},{"taxonomy":"product_cat","embeddable":true,"href":"https:\/\/www.billigtrikotde.com\/sl\/wp-json\/wp\/v2\/product_cat?post=24225"},{"taxonomy":"product_tag","embeddable":true,"href":"https:\/\/www.billigtrikotde.com\/sl\/wp-json\/wp\/v2\/product_tag?post=24225"}],"curies":[{"name":"wp","href":"https:\/\/api.w.org\/{rel}","templated":true}]}}