{"id":2421,"date":"2024-10-23T14:16:01","date_gmt":"2024-10-23T12:16:01","guid":{"rendered":"http:\/\/billigtrikots.com\/?post_type=product&#038;p=2421"},"modified":"2024-10-23T14:18:04","modified_gmt":"2024-10-23T12:18:04","slug":"fussball-trikots-langarm-atletico-madrid-2022-heimtrikot-mit-aufdruck-m-llorente-14","status":"publish","type":"product","link":"https:\/\/www.billigtrikotde.com\/sl\/fussball-trikots-langarm-atletico-madrid-2022-heimtrikot-mit-aufdruck-m-llorente-14\/","title":{"rendered":"Nogometne majice z dolgimi rokavi Atl\u00e9tico Madrid 2022 Doma\u010da majica s potiskom M.Llorente 14"},"content":{"rendered":"<p>Predstavljajte svojo najljub\u0161o ekipo z majico za doma\u010do tekmo Atl\u00e9tico de Madrid. Tkanina, ki je odporna na znoj, poskrbi, da boste na igri\u0161\u010du in na tribunah suhi in udobni, z ekipnimi podrobnostmi pa boste lahko pokazali svojo podporo, kjerkoli boste.<\/p>\n<p>Nasveti za tiskanje: \u010ce sta ime in \u0161tevilka na sliki to\u010dno tak\u0161na, kot ju \u017eelite, ju ni treba ponovno vnesti. \u010ce ni tako, vnesite \u017eeleno ime in \u0161tevilko.<\/p>\n<p>Nasveti za pranje: Priporo\u010dljivo je, da nogometne majice perete ro\u010dno. \u010ce \u017eelite uporabiti pralni stroj, ne pozabite nogometne majice obrniti narobe in jih nato oprati. Stroj napolnite s hladno vodo in uporabite ob\u010dutljiv cikel, da bolje za\u0161\u010ditite barve.<\/p>","protected":false},"excerpt":{"rendered":"<p>Repr\u00e4sentieren Sie Ihre Lieblingsmannschaft mit dem Atl\u00e9tico de Madrid Heimspieltrikot. Das schwei\u00dfresistente Gewebe h\u00e4lt Sie auf dem Spielfeld und auf der Trib\u00fcne trocken und komfortabel, und die Teamdetails lassen Sie Ihre Unterst\u00fctzung zeigen, wo immer Sie gehen. Tipps zum Drucken: Wenn der Name und die Nummer auf dem Bild genau Ihren W\u00fcnschen entsprechen, m\u00fcssen Sie [&hellip;]<\/p>","protected":false},"featured_media":2461,"comment_status":"open","ping_status":"closed","template":"","meta":[],"product_brand":[],"product_cat":[88],"product_tag":[89,90,20,38,21,24],"class_list":{"0":"post-2421","1":"product","2":"type-product","3":"status-publish","4":"has-post-thumbnail","6":"product_cat-atletico-madrid","7":"product_tag-atletico-madrid-heimtrikot","8":"product_tag-atletico-madrid-trikots","9":"product_tag-coole-fussballtrikots","10":"product_tag-fussball-trikot-langarm","11":"product_tag-fussballtrikot-fuer-herren","12":"product_tag-guenstiges-fussballtrikot","14":"first","15":"instock","16":"shipping-taxable","17":"purchasable","18":"product-type-variable"},"_links":{"self":[{"href":"https:\/\/www.billigtrikotde.com\/sl\/wp-json\/wp\/v2\/product\/2421","targetHints":{"allow":["GET"]}}],"collection":[{"href":"https:\/\/www.billigtrikotde.com\/sl\/wp-json\/wp\/v2\/product"}],"about":[{"href":"https:\/\/www.billigtrikotde.com\/sl\/wp-json\/wp\/v2\/types\/product"}],"replies":[{"embeddable":true,"href":"https:\/\/www.billigtrikotde.com\/sl\/wp-json\/wp\/v2\/comments?post=2421"}],"wp:featuredmedia":[{"embeddable":true,"href":"https:\/\/www.billigtrikotde.com\/sl\/wp-json\/wp\/v2\/media\/2461"}],"wp:attachment":[{"href":"https:\/\/www.billigtrikotde.com\/sl\/wp-json\/wp\/v2\/media?parent=2421"}],"wp:term":[{"taxonomy":"product_brand","embeddable":true,"href":"https:\/\/www.billigtrikotde.com\/sl\/wp-json\/wp\/v2\/product_brand?post=2421"},{"taxonomy":"product_cat","embeddable":true,"href":"https:\/\/www.billigtrikotde.com\/sl\/wp-json\/wp\/v2\/product_cat?post=2421"},{"taxonomy":"product_tag","embeddable":true,"href":"https:\/\/www.billigtrikotde.com\/sl\/wp-json\/wp\/v2\/product_tag?post=2421"}],"curies":[{"name":"wp","href":"https:\/\/api.w.org\/{rel}","templated":true}]}}