{"id":2384,"date":"2024-10-23T14:14:21","date_gmt":"2024-10-23T12:14:21","guid":{"rendered":"http:\/\/billigtrikots.com\/?post_type=product&#038;p=2384"},"modified":"2024-10-23T14:16:24","modified_gmt":"2024-10-23T12:16:24","slug":"as-roma-2022-heimtrikot-rot-trikotsatz-kurzarm-kurze-hosen-spinazzola-37","status":"publish","type":"product","link":"https:\/\/www.billigtrikotde.com\/sl\/as-roma-2022-heimtrikot-rot-trikotsatz-kurzarm-kurze-hosen-spinazzola-37\/","title":{"rendered":"AS Roma 2022 Doma\u010da majica rde\u010da s kratkimi rokavi + kratke hla\u010de SPINAZZOLA 37"},"content":{"rendered":"<p>Vsak pravi podpornik AS Rom potrebuje to doma\u010do \u0161portno majico, saj jo nosijo tudi igralci v Serie A. Zra\u010dno dihljiva, udobna, lahka in potenje odvra\u010dajo\u010da funkcionalnost jo naredi prepri\u010dljivo. Pri tej majici lahko vizualno zaupate v klubskega grba na prsih. Ne glede na to, kako naporen je trening ali tekma, s tem modelom ste vedno odli\u010dno oble\u010deni.<\/p>\n<p>Nasveti za tiskanje: \u010ce sta ime in \u0161tevilka na sliki to\u010dno tak\u0161na, kot ju \u017eelite, ju ni treba ponovno vnesti. \u010ce ni tako, vnesite \u017eeleno ime in \u0161tevilko.<\/p>\n<p>Nasveti za pranje: Priporo\u010dljivo je, da nogometne majice perete ro\u010dno. \u010ce \u017eelite uporabiti pralni stroj, ne pozabite nogometne majice obrniti narobe in jih nato oprati. Stroj napolnite s hladno vodo in uporabite ob\u010dutljiv cikel, da bolje za\u0161\u010ditite barve.<\/p>","protected":false},"excerpt":{"rendered":"<p>Vsak pravi podpornik AS Rom potrebuje to doma\u010do \u0161portno majico, saj jo nosijo tudi igralci v Serie A. Zra\u010dno dihljiva, udobna, lahka in potenje odvra\u010dajo\u010da funkcionalnost jo naredi prepri\u010dljivo. Pri tej majici lahko vizualno zaupate v klubskega grba na prsih. Ne glede na to, kako naporen je trening ali tekma, s tem modelom ste vedno odli\u010dno oble\u010deni.<\/p>","protected":false},"featured_media":2424,"comment_status":"open","ping_status":"closed","template":"","meta":[],"product_brand":[],"product_cat":[85],"product_tag":[86,87,20,21,22,23,24],"class_list":{"0":"post-2384","1":"product","2":"type-product","3":"status-publish","4":"has-post-thumbnail","6":"product_cat-as-roma","7":"product_tag-as-roma-heimtrikot","8":"product_tag-as-roma-trikots","9":"product_tag-coole-fussballtrikots","10":"product_tag-fussballtrikot-fuer-herren","11":"product_tag-fussballtrikot-guenstig-kaufen","12":"product_tag-fussballtrikot-kurzarm","13":"product_tag-guenstiges-fussballtrikot","15":"first","16":"instock","17":"shipping-taxable","18":"purchasable","19":"product-type-variable"},"_links":{"self":[{"href":"https:\/\/www.billigtrikotde.com\/sl\/wp-json\/wp\/v2\/product\/2384","targetHints":{"allow":["GET"]}}],"collection":[{"href":"https:\/\/www.billigtrikotde.com\/sl\/wp-json\/wp\/v2\/product"}],"about":[{"href":"https:\/\/www.billigtrikotde.com\/sl\/wp-json\/wp\/v2\/types\/product"}],"replies":[{"embeddable":true,"href":"https:\/\/www.billigtrikotde.com\/sl\/wp-json\/wp\/v2\/comments?post=2384"}],"wp:featuredmedia":[{"embeddable":true,"href":"https:\/\/www.billigtrikotde.com\/sl\/wp-json\/wp\/v2\/media\/2424"}],"wp:attachment":[{"href":"https:\/\/www.billigtrikotde.com\/sl\/wp-json\/wp\/v2\/media?parent=2384"}],"wp:term":[{"taxonomy":"product_brand","embeddable":true,"href":"https:\/\/www.billigtrikotde.com\/sl\/wp-json\/wp\/v2\/product_brand?post=2384"},{"taxonomy":"product_cat","embeddable":true,"href":"https:\/\/www.billigtrikotde.com\/sl\/wp-json\/wp\/v2\/product_cat?post=2384"},{"taxonomy":"product_tag","embeddable":true,"href":"https:\/\/www.billigtrikotde.com\/sl\/wp-json\/wp\/v2\/product_tag?post=2384"}],"curies":[{"name":"wp","href":"https:\/\/api.w.org\/{rel}","templated":true}]}}