{"id":23688,"date":"2025-11-05T11:43:23","date_gmt":"2025-11-05T10:43:23","guid":{"rendered":"https:\/\/www.billigtrikotde.com\/?post_type=product&#038;p=23688"},"modified":"2025-11-05T11:47:14","modified_gmt":"2025-11-05T10:47:14","slug":"manchester-city-guenstige-nathan-ake-6-heimtrikot-kinder-2025-26-fussballtrikots-set","status":"publish","type":"product","link":"https:\/\/www.billigtrikotde.com\/sl\/manchester-city-guenstige-nathan-ake-6-heimtrikot-kinder-2025-26-fussballtrikots-set\/","title":{"rendered":"Manchester City Ugoden Nathan Ake #6 doma\u010di dres otroci 2025-26 nogometne majice komplet"},"content":{"rendered":"<p>Manchester City Nogometni dresi za otroke - Nasveti za tiskanje: \u010ce se ime in \u0161tevilka na sliki natan\u010dno ujemata z va\u0161imi \u017eeljami, ju ni treba znova vna\u0161ati. \u010ce ne, vnesite \u017eeleno ime in \u0161tevilko.<\/p>\n<p>Nasveti za pranje: Priporo\u010dljivo je, da nogometne majice perete ro\u010dno. \u010ce \u017eelite uporabiti pralni stroj, ne pozabite nogometne majice obrniti narobe in jih nato oprati. Stroj napolnite s hladno vodo in uporabite ob\u010dutljiv cikel, da bolje za\u0161\u010ditite barve.<\/p>","protected":false},"excerpt":{"rendered":"<p>Manchester City nogometni dresi za otroke - Nasveti za tiskanje: \u010ce je ime in \u0161tevilka na sliki natan\u010dno tak\u0161no, kot \u017eelite, ju ni treba znova vna\u0161ati. \u010ce ne, vnesite \u017eeleno ime in \u0161tevilko. Nasveti za pranje: Priporo\u010damo ro\u010dno pranje nogometnih dresov. \u010ce \u017eelite uporabiti pralni stroj, ne pozabite na nogometne dresove [\u2026]<\/p>","protected":false},"featured_media":23690,"comment_status":"open","ping_status":"closed","template":"","meta":[],"product_brand":[],"product_cat":[144],"product_tag":[1702,1701],"class_list":{"0":"post-23688","1":"product","2":"type-product","3":"status-publish","4":"has-post-thumbnail","6":"product_cat-manchester-city-kindertrikot","7":"product_tag-guenstige-nathan-ake-trikot-kinder","8":"product_tag-nathan-ake-trikot-kinder-kaufen","10":"first","11":"instock","12":"shipping-taxable","13":"purchasable","14":"product-type-variable"},"_links":{"self":[{"href":"https:\/\/www.billigtrikotde.com\/sl\/wp-json\/wp\/v2\/product\/23688","targetHints":{"allow":["GET"]}}],"collection":[{"href":"https:\/\/www.billigtrikotde.com\/sl\/wp-json\/wp\/v2\/product"}],"about":[{"href":"https:\/\/www.billigtrikotde.com\/sl\/wp-json\/wp\/v2\/types\/product"}],"replies":[{"embeddable":true,"href":"https:\/\/www.billigtrikotde.com\/sl\/wp-json\/wp\/v2\/comments?post=23688"}],"wp:featuredmedia":[{"embeddable":true,"href":"https:\/\/www.billigtrikotde.com\/sl\/wp-json\/wp\/v2\/media\/23690"}],"wp:attachment":[{"href":"https:\/\/www.billigtrikotde.com\/sl\/wp-json\/wp\/v2\/media?parent=23688"}],"wp:term":[{"taxonomy":"product_brand","embeddable":true,"href":"https:\/\/www.billigtrikotde.com\/sl\/wp-json\/wp\/v2\/product_brand?post=23688"},{"taxonomy":"product_cat","embeddable":true,"href":"https:\/\/www.billigtrikotde.com\/sl\/wp-json\/wp\/v2\/product_cat?post=23688"},{"taxonomy":"product_tag","embeddable":true,"href":"https:\/\/www.billigtrikotde.com\/sl\/wp-json\/wp\/v2\/product_tag?post=23688"}],"curies":[{"name":"wp","href":"https:\/\/api.w.org\/{rel}","templated":true}]}}