{"id":2348,"date":"2024-10-23T14:12:42","date_gmt":"2024-10-23T12:12:42","guid":{"rendered":"http:\/\/billigtrikots.com\/?post_type=product&#038;p=2348"},"modified":"2024-10-23T14:14:45","modified_gmt":"2024-10-23T12:14:45","slug":"manchester-city-auswaertstrikot-2022-mit-aufdruck-ederson-m-31","status":"publish","type":"product","link":"https:\/\/www.billigtrikotde.com\/sl\/manchester-city-auswaertstrikot-2022-mit-aufdruck-ederson-m-31\/","title":{"rendered":"Gostujo\u010da majica Manchester City 2022 s potiskom Ederson M.31"},"content":{"rendered":"<p>Najnovej\u0161a mo\u0161ka majica Puma MCFC je v nenavadno svetli barvi in je zato resni\u010dno edinstvena! Seveda ga krasijo ponosni klubski logotip, podatki o uradnem sponzorju in legendarna ma\u010dka Puma. Ne zamudite tega edinstvenega dizajna!<\/p>\n<p>Izdelana je iz recikliranega poliestra 100%, zaradi tehnologije dryCELL pa zagotavlja dobro odvajanje toplote in vlage. Tako bo va\u0161e telo ostalo suho in sve\u017ee, vi pa ste lahko prepri\u010dani o trajnostni kakovosti. Poseben kroj replike se nekoliko razlikuje od tesneje prilegajo\u010dih se igralskih dresov in zagotavlja najve\u010djo svobodo gibanja v vseh smereh.<\/p>\n<p>Izka\u017eite svojo pripadnost in zvestobo, ne glede na to, kdaj in kje so Citizens na igri\u0161\u010du! Priskrbite si uradni mo\u0161ki gostujo\u010di dres Puma Manchester City 2021\/22 in proslavite izjemno uspe\u0161no ekipo!<\/p>\n<p>Nasveti za tiskanje: \u010ce sta ime in \u0161tevilka na sliki to\u010dno tak\u0161na, kot ju \u017eelite, ju ni treba ponovno vnesti. \u010ce ni tako, vnesite \u017eeleno ime in \u0161tevilko.<\/p>\n<p>Nasveti za pranje: Priporo\u010dljivo je, da nogometne majice perete ro\u010dno. \u010ce \u017eelite uporabiti pralni stroj, ne pozabite nogometne majice obrniti narobe in jih nato oprati. Stroj napolnite s hladno vodo in uporabite ob\u010dutljiv cikel, da bolje za\u0161\u010ditite barve.<\/p>","protected":false},"excerpt":{"rendered":"<p>Das aktuelle Puma MCFC Herren Ausw\u00e4rts Trikot zeigt sich in einer ungew\u00f6hnlich hellen Farbe und ist somit ein echtes Unikat! Es ist nat\u00fcrlich mit dem stolzen Vereinslogo, offiziellen Sponsorendetails und der legend\u00e4ren Puma Cat geschm\u00fcckt. Dieses einzigartige Design darfst du dir nicht entgehen lassen! Gefertigt wird es aus 100% recyceltem Polyester und dank der dryCELL [&hellip;]<\/p>","protected":false},"featured_media":2387,"comment_status":"open","ping_status":"closed","template":"","meta":[],"product_brand":[],"product_cat":[82],"product_tag":[20,21,22,23,24,83,84],"class_list":{"0":"post-2348","1":"product","2":"type-product","3":"status-publish","4":"has-post-thumbnail","6":"product_cat-manchester-city","7":"product_tag-coole-fussballtrikots","8":"product_tag-fussballtrikot-fuer-herren","9":"product_tag-fussballtrikot-guenstig-kaufen","10":"product_tag-fussballtrikot-kurzarm","11":"product_tag-guenstiges-fussballtrikot","12":"product_tag-manchester-city-auswaertstrikot","13":"product_tag-manchester-city-trikots","15":"first","16":"instock","17":"shipping-taxable","18":"purchasable","19":"product-type-variable"},"_links":{"self":[{"href":"https:\/\/www.billigtrikotde.com\/sl\/wp-json\/wp\/v2\/product\/2348","targetHints":{"allow":["GET"]}}],"collection":[{"href":"https:\/\/www.billigtrikotde.com\/sl\/wp-json\/wp\/v2\/product"}],"about":[{"href":"https:\/\/www.billigtrikotde.com\/sl\/wp-json\/wp\/v2\/types\/product"}],"replies":[{"embeddable":true,"href":"https:\/\/www.billigtrikotde.com\/sl\/wp-json\/wp\/v2\/comments?post=2348"}],"wp:featuredmedia":[{"embeddable":true,"href":"https:\/\/www.billigtrikotde.com\/sl\/wp-json\/wp\/v2\/media\/2387"}],"wp:attachment":[{"href":"https:\/\/www.billigtrikotde.com\/sl\/wp-json\/wp\/v2\/media?parent=2348"}],"wp:term":[{"taxonomy":"product_brand","embeddable":true,"href":"https:\/\/www.billigtrikotde.com\/sl\/wp-json\/wp\/v2\/product_brand?post=2348"},{"taxonomy":"product_cat","embeddable":true,"href":"https:\/\/www.billigtrikotde.com\/sl\/wp-json\/wp\/v2\/product_cat?post=2348"},{"taxonomy":"product_tag","embeddable":true,"href":"https:\/\/www.billigtrikotde.com\/sl\/wp-json\/wp\/v2\/product_tag?post=2348"}],"curies":[{"name":"wp","href":"https:\/\/api.w.org\/{rel}","templated":true}]}}