{"id":22848,"date":"2025-11-04T15:28:33","date_gmt":"2025-11-04T14:28:33","guid":{"rendered":"https:\/\/www.billigtrikotde.com\/?post_type=product&#038;p=22848"},"modified":"2025-11-04T15:28:34","modified_gmt":"2025-11-04T14:28:34","slug":"manchester-city-phil-foden-47-heimtrikot-2025-26-kurzarm","status":"publish","type":"product","link":"https:\/\/www.billigtrikotde.com\/sl\/manchester-city-phil-foden-47-heimtrikot-2025-26-kurzarm\/","title":{"rendered":"Manchester City Phil Foden #47 doma\u010di dres 2025-26 Kratkimi rokavi"},"content":{"rendered":"<p>Manchester City- nogometne majice nasveti za tiskanje: \u010ce je ime in \u0161tevilka na sliki natan\u010dno tak\u0161ni, kot sta va\u0161e \u017eelje, ju ne morate znova vna\u0161ati. \u010ce ne, vnesite \u017eeleno ime in \u0161tevilko.<\/p>\n<p>Nasveti za pranje nogometnih dresov Manchester United: Priporo\u010damo ro\u010dno pranje nogometnih dresov. \u010ce \u017eelite uporabiti pralni stroj, pomnite, da obrnite nogometne dresove na glavo in jih nato operite. Napolnite stroj s hladno vodo in uporabite program za ob\u010dutljivo pranje, da bolje za\u0161\u010ditite barve.<\/p>","protected":false},"excerpt":{"rendered":"<p>Manchester City-Fu\u00dfballtrikots-Tipps zum Drucken: Wenn der Name und die Nummer auf dem Bild genau Ihren W\u00fcnschen entsprechen, m\u00fcssen Sie sie nicht erneut eingeben. Wenn nicht, sollten Sie Ihren gew\u00fcnschten Namen und Ihre Nummer eingeben. Manchester City-Fu\u00dfballtrikots-Tipps zum Waschen: Es wird empfohlen, Fu\u00dfballtrikots von Hand zu waschen. Wenn Sie die Waschmaschine benutzen m\u00f6chten, denken Sie daran, [&hellip;]<\/p>","protected":false},"featured_media":22850,"comment_status":"open","ping_status":"closed","template":"","meta":[],"product_brand":[],"product_cat":[82],"product_tag":[1259,1260],"class_list":{"0":"post-22848","1":"product","2":"type-product","3":"status-publish","4":"has-post-thumbnail","6":"product_cat-manchester-city","7":"product_tag-guenstige-phil-foden-trikot-kinder","8":"product_tag-phil-foden-trikot-kinder-kaufen","10":"first","11":"instock","12":"shipping-taxable","13":"purchasable","14":"product-type-variable"},"_links":{"self":[{"href":"https:\/\/www.billigtrikotde.com\/sl\/wp-json\/wp\/v2\/product\/22848","targetHints":{"allow":["GET"]}}],"collection":[{"href":"https:\/\/www.billigtrikotde.com\/sl\/wp-json\/wp\/v2\/product"}],"about":[{"href":"https:\/\/www.billigtrikotde.com\/sl\/wp-json\/wp\/v2\/types\/product"}],"replies":[{"embeddable":true,"href":"https:\/\/www.billigtrikotde.com\/sl\/wp-json\/wp\/v2\/comments?post=22848"}],"wp:featuredmedia":[{"embeddable":true,"href":"https:\/\/www.billigtrikotde.com\/sl\/wp-json\/wp\/v2\/media\/22850"}],"wp:attachment":[{"href":"https:\/\/www.billigtrikotde.com\/sl\/wp-json\/wp\/v2\/media?parent=22848"}],"wp:term":[{"taxonomy":"product_brand","embeddable":true,"href":"https:\/\/www.billigtrikotde.com\/sl\/wp-json\/wp\/v2\/product_brand?post=22848"},{"taxonomy":"product_cat","embeddable":true,"href":"https:\/\/www.billigtrikotde.com\/sl\/wp-json\/wp\/v2\/product_cat?post=22848"},{"taxonomy":"product_tag","embeddable":true,"href":"https:\/\/www.billigtrikotde.com\/sl\/wp-json\/wp\/v2\/product_tag?post=22848"}],"curies":[{"name":"wp","href":"https:\/\/api.w.org\/{rel}","templated":true}]}}