{"id":22644,"date":"2025-11-04T15:48:05","date_gmt":"2025-11-04T14:48:05","guid":{"rendered":"https:\/\/www.billigtrikotde.com\/?post_type=product&#038;p=22644"},"modified":"2025-11-04T15:48:07","modified_gmt":"2025-11-04T14:48:07","slug":"tottenham-hotspur-james-maddison-10-heimtrikot-2025-26-kurzarm","status":"publish","type":"product","link":"https:\/\/www.billigtrikotde.com\/sl\/tottenham-hotspur-james-maddison-10-heimtrikot-2025-26-kurzarm\/","title":{"rendered":"Tottenham Hotspur James Maddison #10 doma\u010da majica 2025-26 kratke rokave"},"content":{"rendered":"<p>Nasveti za tiskanje nogometnih dresov Tottenham Hotspur: \u010ce se ime in \u0161tevilka na sliki natan\u010dno ujemata z va\u0161imi \u017eeljami, ju ni treba znova vna\u0161ati. \u010ce ne, vnesite \u017eeleno ime in \u0161tevilko.<\/p>\n<p>Nasveti za pranje: Priporo\u010dljivo je, da nogometne majice perete ro\u010dno. \u010ce \u017eelite uporabiti pralni stroj, ne pozabite nogometne majice obrniti narobe in jih nato oprati. Stroj napolnite s hladno vodo in uporabite ob\u010dutljiv cikel, da bolje za\u0161\u010ditite barve.<\/p>","protected":false},"excerpt":{"rendered":"<p>Tottenham Hotspur nogometne drese - tiskarske napotke: Ko je ime in \u0161tevilka na sliki natan\u010dno tak\u0161ni, kot si \u017eelite, ju ne morate znova vnesti. \u010ce ne, vnesite \u017eeleno ime in \u0161tevilko. Nasveti za pranje: priporo\u010dljivo je ro\u010dno prati nogometne drese. \u010ce \u017eelite uporabiti pralni stroj, imejte v mislih, [\u2026]<\/p>","protected":false},"featured_media":22646,"comment_status":"open","ping_status":"closed","template":"","meta":[],"product_brand":[],"product_cat":[178],"product_tag":[1561,1560],"class_list":{"0":"post-22644","1":"product","2":"type-product","3":"status-publish","4":"has-post-thumbnail","6":"product_cat-tottenham-hotspur","7":"product_tag-guenstige-james-maddison-trikot-kinder","8":"product_tag-james-maddison-trikot-kinder-kaufen","10":"first","11":"instock","12":"shipping-taxable","13":"purchasable","14":"product-type-variable"},"_links":{"self":[{"href":"https:\/\/www.billigtrikotde.com\/sl\/wp-json\/wp\/v2\/product\/22644","targetHints":{"allow":["GET"]}}],"collection":[{"href":"https:\/\/www.billigtrikotde.com\/sl\/wp-json\/wp\/v2\/product"}],"about":[{"href":"https:\/\/www.billigtrikotde.com\/sl\/wp-json\/wp\/v2\/types\/product"}],"replies":[{"embeddable":true,"href":"https:\/\/www.billigtrikotde.com\/sl\/wp-json\/wp\/v2\/comments?post=22644"}],"wp:featuredmedia":[{"embeddable":true,"href":"https:\/\/www.billigtrikotde.com\/sl\/wp-json\/wp\/v2\/media\/22646"}],"wp:attachment":[{"href":"https:\/\/www.billigtrikotde.com\/sl\/wp-json\/wp\/v2\/media?parent=22644"}],"wp:term":[{"taxonomy":"product_brand","embeddable":true,"href":"https:\/\/www.billigtrikotde.com\/sl\/wp-json\/wp\/v2\/product_brand?post=22644"},{"taxonomy":"product_cat","embeddable":true,"href":"https:\/\/www.billigtrikotde.com\/sl\/wp-json\/wp\/v2\/product_cat?post=22644"},{"taxonomy":"product_tag","embeddable":true,"href":"https:\/\/www.billigtrikotde.com\/sl\/wp-json\/wp\/v2\/product_tag?post=22644"}],"curies":[{"name":"wp","href":"https:\/\/api.w.org\/{rel}","templated":true}]}}