{"id":22431,"date":"2025-08-08T14:55:16","date_gmt":"2025-08-08T12:55:16","guid":{"rendered":"https:\/\/www.billigtrikotde.com\/?post_type=product&#038;p=22431"},"modified":"2025-08-08T15:15:20","modified_gmt":"2025-08-08T13:15:20","slug":"inter-miami-lionel-messi-10-heimtrikot-kinder-2025-26-fussball-trikotsatz","status":"publish","type":"product","link":"https:\/\/www.billigtrikotde.com\/sl\/inter-miami-lionel-messi-10-heimtrikot-kinder-2025-26-fussball-trikotsatz\/","title":{"rendered":"Inter Miami Lionel Messi #10 doma\u010di dres otroci 2025-26 komplet dresov"},"content":{"rendered":"<p>Doma\u010di dres 2025 temelji na dresih, ki so jih nosili vznemirljivi novinci, kot so Sergio Busquets, Jordi Alba, Lionel Messi, Luis Su\u00e1rez in preostali prvi mo\u0161tvo v elitnih tekmah MLS, in prikazuje va\u0161o neomajno podporo Inter Miami. Dres nosi ikoni\u010dne roza \u010drte klasi\u010dnega mo\u0161tva Miami International in poudarja energijo tekmovanja na najvi\u0161ji ravni. Tehnologija AEROREADY, prilagojena visokemu dosegu, odvaja vlago, da ostanete suhi, medtem ko klubna zna\u010dka zagotavlja lahek udobnost no\u0161enja.<\/p>\n<p>Nasveti za tiskanje: \u010ce sta ime in \u0161tevilka na sliki to\u010dno tak\u0161na, kot ju \u017eelite, ju ni treba ponovno vnesti. \u010ce ni tako, vnesite \u017eeleno ime in \u0161tevilko.<\/p>\n<p>Nasveti za pranje: Priporo\u010dljivo je, da nogometne majice perete ro\u010dno. \u010ce \u017eelite uporabiti pralni stroj, ne pozabite nogometne majice obrniti narobe in jih nato oprati. Stroj napolnite s hladno vodo in uporabite ob\u010dutljiv cikel, da bolje za\u0161\u010ditite barve.<\/p>","protected":false},"excerpt":{"rendered":"<p>Das Heimtrikot 2025 basiert auf den Trikots, die von aufregenden Neuzug\u00e4ngen wie Sergio Busquets, Jordi Alba, Lionel Messi, Luis Suarez und dem Rest der ersten Mannschaft in Elitespielen der MLS getragen wurden, und zeigt Ihre unersch\u00fctterliche Unterst\u00fctzung f\u00fcr Inter Miami.Das Trikot weist die ikonischen rosa Streifen des klassischen Miami International-Teams auf und unterstreicht die Energie [&hellip;]<\/p>","protected":false},"featured_media":22435,"comment_status":"open","ping_status":"closed","template":"","meta":[],"product_brand":[],"product_cat":[569],"product_tag":[1461,1299],"class_list":{"0":"post-22431","1":"product","2":"type-product","3":"status-publish","4":"has-post-thumbnail","6":"product_cat-inter-miami-kindertrikot","7":"product_tag-guenstige-inter-miami-trikot-kinder","8":"product_tag-lionel-messi-trikots","10":"first","11":"instock","12":"shipping-taxable","13":"purchasable","14":"product-type-variable"},"_links":{"self":[{"href":"https:\/\/www.billigtrikotde.com\/sl\/wp-json\/wp\/v2\/product\/22431","targetHints":{"allow":["GET"]}}],"collection":[{"href":"https:\/\/www.billigtrikotde.com\/sl\/wp-json\/wp\/v2\/product"}],"about":[{"href":"https:\/\/www.billigtrikotde.com\/sl\/wp-json\/wp\/v2\/types\/product"}],"replies":[{"embeddable":true,"href":"https:\/\/www.billigtrikotde.com\/sl\/wp-json\/wp\/v2\/comments?post=22431"}],"wp:featuredmedia":[{"embeddable":true,"href":"https:\/\/www.billigtrikotde.com\/sl\/wp-json\/wp\/v2\/media\/22435"}],"wp:attachment":[{"href":"https:\/\/www.billigtrikotde.com\/sl\/wp-json\/wp\/v2\/media?parent=22431"}],"wp:term":[{"taxonomy":"product_brand","embeddable":true,"href":"https:\/\/www.billigtrikotde.com\/sl\/wp-json\/wp\/v2\/product_brand?post=22431"},{"taxonomy":"product_cat","embeddable":true,"href":"https:\/\/www.billigtrikotde.com\/sl\/wp-json\/wp\/v2\/product_cat?post=22431"},{"taxonomy":"product_tag","embeddable":true,"href":"https:\/\/www.billigtrikotde.com\/sl\/wp-json\/wp\/v2\/product_tag?post=22431"}],"curies":[{"name":"wp","href":"https:\/\/api.w.org\/{rel}","templated":true}]}}