{"id":22139,"date":"2025-07-13T16:19:44","date_gmt":"2025-07-13T14:19:44","guid":{"rendered":"https:\/\/www.billigtrikotde.com\/?post_type=product&#038;p=22139"},"modified":"2025-07-13T16:22:56","modified_gmt":"2025-07-13T14:22:56","slug":"manchester-city-erling-haaland-heimtrikot-kinder-2025-26-fussball-trikotsatz","status":"publish","type":"product","link":"https:\/\/www.billigtrikotde.com\/sl\/manchester-city-erling-haaland-heimtrikot-kinder-2025-26-fussball-trikotsatz\/","title":{"rendered":"Manchester City Erling Haaland #9 Heimtrikot Kinder 2025-26 Fu\u00dfball trikotsatz"},"content":{"rendered":"<p>Manchester City Ruben Dias doma\u010di dres za otroke 2025-26 komplet nogometnih dresov. Prvi\u010d v zgodovini kluba je bil doma\u010di dres Manchester City FC 2025\/26 za mo\u0161ke preoble\u017een z zna\u010dilnim ostrim dizajnom in ikoni\u010dno nebesno modro barvo. To je po\u010dastitev legendarnih gostujo\u010dih dresov preteklosti in simbol edinstvenega duha kluba. Ta doma\u010di dres zdru\u017euje tradicijo z inovacijo in slavi zgodovino Cityja s diagonalnim pasom ter pogumno gleda v prihodnost. Namenjen je udobju in zmogljivosti ter je izdelan iz lahkega materiala ULTRAWEAVE in tehnologije dryCELL, ki odvaja znoj in vas ohranja hladne tako na igri\u0161\u010du kot ob njem.<\/p>\n<p>Nasveti za tiskanje: \u010ce sta ime in \u0161tevilka na sliki to\u010dno tak\u0161na, kot ju \u017eelite, ju ni treba ponovno vnesti. \u010ce ni tako, vnesite \u017eeleno ime in \u0161tevilko.<\/p>\n<p>Nasveti za pranje: Priporo\u010dljivo je, da nogometne majice perete ro\u010dno. \u010ce \u017eelite uporabiti pralni stroj, ne pozabite nogometne majice obrniti narobe in jih nato oprati. Stroj napolnite s hladno vodo in uporabite ob\u010dutljiv cikel, da bolje za\u0161\u010ditite barve.<\/p>","protected":false},"excerpt":{"rendered":"<p>Manchester City Erling Haaland doma\u010da majica za otroke 2025-26 komplet dresi za nogomet. Prvi\u010d v zgodovini kluba je bila doma\u010da majica Manchester City FC za leto 2025\/26 mo\u0161kih, z izrazitim ostrim dizajnom in ikonitnim nebesno modrim odtenkom preoblikovana. To je \u010dast legendarnih tujih dresov preteklosti in simbol edinstvenega duha kluba. Ta doma\u010da majica zdru\u017euje tradicijo z [\u2026]<\/p>","protected":false},"featured_media":22141,"comment_status":"open","ping_status":"closed","template":"","meta":[],"product_brand":[],"product_cat":[144],"product_tag":[1428,1429],"class_list":{"0":"post-22139","1":"product","2":"type-product","3":"status-publish","4":"has-post-thumbnail","6":"product_cat-manchester-city-kindertrikot","7":"product_tag-erling-haaland-trikot-kinder-kaufen","8":"product_tag-guenstige-erling-haaland-trikot-kinder","10":"first","11":"instock","12":"shipping-taxable","13":"purchasable","14":"product-type-variable"},"_links":{"self":[{"href":"https:\/\/www.billigtrikotde.com\/sl\/wp-json\/wp\/v2\/product\/22139","targetHints":{"allow":["GET"]}}],"collection":[{"href":"https:\/\/www.billigtrikotde.com\/sl\/wp-json\/wp\/v2\/product"}],"about":[{"href":"https:\/\/www.billigtrikotde.com\/sl\/wp-json\/wp\/v2\/types\/product"}],"replies":[{"embeddable":true,"href":"https:\/\/www.billigtrikotde.com\/sl\/wp-json\/wp\/v2\/comments?post=22139"}],"wp:featuredmedia":[{"embeddable":true,"href":"https:\/\/www.billigtrikotde.com\/sl\/wp-json\/wp\/v2\/media\/22141"}],"wp:attachment":[{"href":"https:\/\/www.billigtrikotde.com\/sl\/wp-json\/wp\/v2\/media?parent=22139"}],"wp:term":[{"taxonomy":"product_brand","embeddable":true,"href":"https:\/\/www.billigtrikotde.com\/sl\/wp-json\/wp\/v2\/product_brand?post=22139"},{"taxonomy":"product_cat","embeddable":true,"href":"https:\/\/www.billigtrikotde.com\/sl\/wp-json\/wp\/v2\/product_cat?post=22139"},{"taxonomy":"product_tag","embeddable":true,"href":"https:\/\/www.billigtrikotde.com\/sl\/wp-json\/wp\/v2\/product_tag?post=22139"}],"curies":[{"name":"wp","href":"https:\/\/api.w.org\/{rel}","templated":true}]}}