{"id":22056,"date":"2025-05-30T15:24:43","date_gmt":"2025-05-30T13:24:43","guid":{"rendered":"https:\/\/www.billigtrikotde.com\/?post_type=product&#038;p=22056"},"modified":"2025-05-30T16:01:01","modified_gmt":"2025-05-30T14:01:01","slug":"chelsea-enzo-fernandez-8-3rd-trikot-kinder-2024-25-fussball-trikotsatz","status":"publish","type":"product","link":"https:\/\/www.billigtrikotde.com\/sl\/chelsea-enzo-fernandez-8-3rd-trikot-kinder-2024-25-fussball-trikotsatz\/","title":{"rendered":"Chelsea Enzo Fernandez #8 3. dres za otroke 2024-25 komplet nogometnih dresov"},"content":{"rendered":"<h3>Chelsea Enzo Fernandez #8 3. dres za otroke 2024-25 komplet nogometnih dresov<\/h3>\n<p>Nasveti za tiskanje: \u010ce sta ime in \u0161tevilka na sliki to\u010dno tak\u0161na, kot ju \u017eelite, ju ni treba ponovno vnesti. \u010ce ni tako, vnesite \u017eeleno ime in \u0161tevilko.<\/p>\n<p>Nasveti za pranje: Priporo\u010dljivo je, da nogometne majice perete ro\u010dno. \u010ce \u017eelite uporabiti pralni stroj, ne pozabite nogometne majice obrniti narobe in jih nato oprati. Stroj napolnite s hladno vodo in uporabite ob\u010dutljiv cikel, da bolje za\u0161\u010ditite barve.<\/p>","protected":false},"excerpt":{"rendered":"<p>Chelsea Enzo Fernandez #8 3. dres za otroke 2024-25 komplet nogometnih dresov nasveti za tiskanje: \u010ce je ime in \u0161tevilka na sliki to\u010dno po va\u0161ih \u017eeljah, ju ne morate znova vna\u0161ati. \u010ce ni, vnesite svoje \u017eelene ime in \u0161tevilko. Nasveti za pranje: priporo\u010dljivo je ro\u010dno pranje nogometnih dresov. \u010ce [\u2026]<\/p>","protected":false},"featured_media":22058,"comment_status":"open","ping_status":"closed","template":"","meta":[],"product_brand":[],"product_cat":[162],"product_tag":[20,831,832,163,1283,1516,1284,24,94],"class_list":{"0":"post-22056","1":"product","2":"type-product","3":"status-publish","4":"has-post-thumbnail","6":"product_cat-chelsea-kindertrikot","7":"product_tag-coole-fussballtrikots","8":"product_tag-chelsea-fussballtrikots-kinder","9":"product_tag-chelsea-trikot-fuer-kinder","10":"product_tag-chelsea-trikotsatz-fuer-kinder","11":"product_tag-enzo-fernandez-trikot-kinder-kaufen","12":"product_tag-enzo-fernandez-trikots","13":"product_tag-guenstige-enzo-fernandez-trikot-kinder","14":"product_tag-guenstiges-fussballtrikot","15":"product_tag-kinder-fussball-trikotsatz","17":"first","18":"instock","19":"shipping-taxable","20":"purchasable","21":"product-type-variable"},"_links":{"self":[{"href":"https:\/\/www.billigtrikotde.com\/sl\/wp-json\/wp\/v2\/product\/22056","targetHints":{"allow":["GET"]}}],"collection":[{"href":"https:\/\/www.billigtrikotde.com\/sl\/wp-json\/wp\/v2\/product"}],"about":[{"href":"https:\/\/www.billigtrikotde.com\/sl\/wp-json\/wp\/v2\/types\/product"}],"replies":[{"embeddable":true,"href":"https:\/\/www.billigtrikotde.com\/sl\/wp-json\/wp\/v2\/comments?post=22056"}],"wp:featuredmedia":[{"embeddable":true,"href":"https:\/\/www.billigtrikotde.com\/sl\/wp-json\/wp\/v2\/media\/22058"}],"wp:attachment":[{"href":"https:\/\/www.billigtrikotde.com\/sl\/wp-json\/wp\/v2\/media?parent=22056"}],"wp:term":[{"taxonomy":"product_brand","embeddable":true,"href":"https:\/\/www.billigtrikotde.com\/sl\/wp-json\/wp\/v2\/product_brand?post=22056"},{"taxonomy":"product_cat","embeddable":true,"href":"https:\/\/www.billigtrikotde.com\/sl\/wp-json\/wp\/v2\/product_cat?post=22056"},{"taxonomy":"product_tag","embeddable":true,"href":"https:\/\/www.billigtrikotde.com\/sl\/wp-json\/wp\/v2\/product_tag?post=22056"}],"curies":[{"name":"wp","href":"https:\/\/api.w.org\/{rel}","templated":true}]}}