{"id":21948,"date":"2025-05-22T14:03:08","date_gmt":"2025-05-22T12:03:08","guid":{"rendered":"https:\/\/www.billigtrikotde.com\/?post_type=product&#038;p=21948"},"modified":"2025-05-22T14:03:10","modified_gmt":"2025-05-22T12:03:10","slug":"kinder-fussballtrikots-manchester-city-heim-trikotsatz-2025-26","status":"publish","type":"product","link":"https:\/\/www.billigtrikotde.com\/sl\/kinder-fussballtrikots-manchester-city-heim-trikotsatz-2025-26\/","title":{"rendered":"Otro\u0161ke nogometne majice Manchester City Home Kit 2025-26"},"content":{"rendered":"<h3>Otro\u0161ki nogometni dres Manchester City doma\u010di dres set 2025-26 Po meri<\/h3>\n<p>Prvi\u010d v zgodovini kluba je bilo Manchester City FC 2025\/26 doma\u010de mo\u0161ko trikote z zna\u010dilnim ostrim vzorcem in ikoni\u010dnim nebesno modrim nov na\u010din. To je po\u010dastitev legendarnih gostujo\u010dih dresov preteklosti in simbol edinstvenega duha dru\u0161tva. Ta doma\u010di dres zdru\u017euje tradicijo z inovacijo ter proslavlja z diagonalnim pasom zgodovino Cityja in hkrati pogumno gleda v prihodnost. Namenjen je udobju in zmogljivosti ter je narejen iz lahkega ULTRAWEAVE materiala in tehnologije dryCELL, ki odvaja znoj in vas ohranja hladne na igri\u0161\u010du in ob njem.<br \/>\nNasveti za tiskanje: \u010ce sta ime in \u0161tevilka na sliki to\u010dno tak\u0161na, kot ju \u017eelite, ju ni treba ponovno vnesti. \u010ce ni tako, vnesite \u017eeleno ime in \u0161tevilko.<\/p>\n<p>Nasveti za pranje: Priporo\u010dljivo je, da nogometne majice perete ro\u010dno. \u010ce \u017eelite uporabiti pralni stroj, ne pozabite nogometne majice obrniti narobe in jih nato oprati. Stroj napolnite s hladno vodo in uporabite ob\u010dutljiv cikel, da bolje za\u0161\u010ditite barve.<\/p>","protected":false},"excerpt":{"rendered":"<p>Kinder Fu\u00dfballtrikots Manchester City Heim Trikotsatz 2025-26 Personalisierbar Zum ersten Mal in der Vereinsgeschichte wurde das Manchester City FC 2025\/26 Herren-Heimtrikot mit einem markanten Sch\u00e4rpendesign und dem ikonischen Himmelblau neu interpretiert. Es ist eine Hommage an die legend\u00e4ren Ausw\u00e4rtstrikots der Vergangenheit und ein Symbol f\u00fcr den einzigartigen Geist des Vereins. Dieses Heimtrikot verbindet Tradition mit [&hellip;]<\/p>","protected":false},"featured_media":21950,"comment_status":"open","ping_status":"closed","template":"","meta":[],"product_brand":[],"product_cat":[144],"product_tag":[20,22,23,24,1311],"class_list":{"0":"post-21948","1":"product","2":"type-product","3":"status-publish","4":"has-post-thumbnail","6":"product_cat-manchester-city-kindertrikot","7":"product_tag-coole-fussballtrikots","8":"product_tag-fussballtrikot-guenstig-kaufen","9":"product_tag-fussballtrikot-kurzarm","10":"product_tag-guenstiges-fussballtrikot","11":"product_tag-manchester-city-fussballtrikots","13":"first","14":"instock","15":"shipping-taxable","16":"purchasable","17":"product-type-variable"},"_links":{"self":[{"href":"https:\/\/www.billigtrikotde.com\/sl\/wp-json\/wp\/v2\/product\/21948","targetHints":{"allow":["GET"]}}],"collection":[{"href":"https:\/\/www.billigtrikotde.com\/sl\/wp-json\/wp\/v2\/product"}],"about":[{"href":"https:\/\/www.billigtrikotde.com\/sl\/wp-json\/wp\/v2\/types\/product"}],"replies":[{"embeddable":true,"href":"https:\/\/www.billigtrikotde.com\/sl\/wp-json\/wp\/v2\/comments?post=21948"}],"wp:featuredmedia":[{"embeddable":true,"href":"https:\/\/www.billigtrikotde.com\/sl\/wp-json\/wp\/v2\/media\/21950"}],"wp:attachment":[{"href":"https:\/\/www.billigtrikotde.com\/sl\/wp-json\/wp\/v2\/media?parent=21948"}],"wp:term":[{"taxonomy":"product_brand","embeddable":true,"href":"https:\/\/www.billigtrikotde.com\/sl\/wp-json\/wp\/v2\/product_brand?post=21948"},{"taxonomy":"product_cat","embeddable":true,"href":"https:\/\/www.billigtrikotde.com\/sl\/wp-json\/wp\/v2\/product_cat?post=21948"},{"taxonomy":"product_tag","embeddable":true,"href":"https:\/\/www.billigtrikotde.com\/sl\/wp-json\/wp\/v2\/product_tag?post=21948"}],"curies":[{"name":"wp","href":"https:\/\/api.w.org\/{rel}","templated":true}]}}