{"id":21902,"date":"2025-05-17T15:29:02","date_gmt":"2025-05-17T13:29:02","guid":{"rendered":"https:\/\/www.billigtrikotde.com\/?post_type=product&#038;p=21902"},"modified":"2025-05-21T15:30:38","modified_gmt":"2025-05-21T13:30:38","slug":"billige-kinder-inter-miami-heimtrikot-2025-26-fussballtrikots-set","status":"publish","type":"product","link":"https:\/\/www.billigtrikotde.com\/sl\/billige-kinder-inter-miami-heimtrikot-2025-26-fussballtrikots-set\/","title":{"rendered":"Kinder Inter Miami Heimtrikot 2025-26 Kurzarm + Kurze Hosen"},"content":{"rendered":"<h3>Otro\u0161ka doma\u010da majica Inter Miami za doma\u010de tekme 2025-26, set dresov<\/h3>\n<p>Doma\u010di dres 2025 temelji na dresih, ki so jih nosili vznemirljivi novinci, kot so Sergio Busquets, Jordi Alba, Lionel Messi, Luis Su\u00e1rez in preostali prvi mo\u0161tvo v elitnih tekmah MLS, in prikazuje va\u0161o neomajno podporo Inter Miami. Dres nosi ikoni\u010dne roza \u010drte klasi\u010dnega mo\u0161tva Miami International in poudarja energijo tekmovanja na najvi\u0161ji ravni. Tehnologija AEROREADY, prilagojena visokemu dosegu, odvaja vlago, da ostanete suhi, medtem ko klubna zna\u010dka zagotavlja lahek udobnost no\u0161enja.<\/p>\n<p>Nasveti za tiskanje: \u010ce sta ime in \u0161tevilka na sliki to\u010dno tak\u0161na, kot ju \u017eelite, ju ni treba ponovno vnesti. \u010ce ni tako, vnesite \u017eeleno ime in \u0161tevilko.<\/p>\n<p>Nasveti za pranje: Priporo\u010dljivo je, da nogometne majice perete ro\u010dno. \u010ce \u017eelite uporabiti pralni stroj, ne pozabite nogometne majice obrniti narobe in jih nato oprati. Stroj napolnite s hladno vodo in uporabite ob\u010dutljiv cikel, da bolje za\u0161\u010ditite barve.<\/p>","protected":false},"excerpt":{"rendered":"<p>Otro\u0161ki doma\u010di dres Inter Miami za sezono 2025-26 nogometni komplet Doma\u010di dres 2025 temelji na dresih, ki so jih nosili navdu\u0161ujo\u010di novinci, kot so Sergio Busquets, Jordi Alba, Lionel Messi, Luis Su\u00e1rez in preostanek prve mo\u0161tve v elitnih tekmah MLS, ter prikazuje va\u0161o neomajno podporo Inter Miami. Dres odlikujejo ikoni\u010dne roza \u010drte klasi\u010dnega [...]<\/p>","protected":false},"featured_media":21904,"comment_status":"open","ping_status":"closed","template":"","meta":[],"product_brand":[],"product_cat":[569],"product_tag":[20,21,22,1461,24,1467,633],"class_list":{"0":"post-21902","1":"product","2":"type-product","3":"status-publish","4":"has-post-thumbnail","6":"product_cat-inter-miami-kindertrikot","7":"product_tag-coole-fussballtrikots","8":"product_tag-fussballtrikot-fuer-herren","9":"product_tag-fussballtrikot-guenstig-kaufen","10":"product_tag-guenstige-inter-miami-trikot-kinder","11":"product_tag-guenstiges-fussballtrikot","12":"product_tag-inter-miami-auswaertstrikot-2024-25","13":"product_tag-inter-miami-fussballtrikot","15":"first","16":"instock","17":"shipping-taxable","18":"purchasable","19":"product-type-variable"},"_links":{"self":[{"href":"https:\/\/www.billigtrikotde.com\/sl\/wp-json\/wp\/v2\/product\/21902","targetHints":{"allow":["GET"]}}],"collection":[{"href":"https:\/\/www.billigtrikotde.com\/sl\/wp-json\/wp\/v2\/product"}],"about":[{"href":"https:\/\/www.billigtrikotde.com\/sl\/wp-json\/wp\/v2\/types\/product"}],"replies":[{"embeddable":true,"href":"https:\/\/www.billigtrikotde.com\/sl\/wp-json\/wp\/v2\/comments?post=21902"}],"wp:featuredmedia":[{"embeddable":true,"href":"https:\/\/www.billigtrikotde.com\/sl\/wp-json\/wp\/v2\/media\/21904"}],"wp:attachment":[{"href":"https:\/\/www.billigtrikotde.com\/sl\/wp-json\/wp\/v2\/media?parent=21902"}],"wp:term":[{"taxonomy":"product_brand","embeddable":true,"href":"https:\/\/www.billigtrikotde.com\/sl\/wp-json\/wp\/v2\/product_brand?post=21902"},{"taxonomy":"product_cat","embeddable":true,"href":"https:\/\/www.billigtrikotde.com\/sl\/wp-json\/wp\/v2\/product_cat?post=21902"},{"taxonomy":"product_tag","embeddable":true,"href":"https:\/\/www.billigtrikotde.com\/sl\/wp-json\/wp\/v2\/product_tag?post=21902"}],"curies":[{"name":"wp","href":"https:\/\/api.w.org\/{rel}","templated":true}]}}