{"id":21873,"date":"2025-05-16T14:34:01","date_gmt":"2025-05-16T12:34:01","guid":{"rendered":"https:\/\/www.billigtrikotde.com\/?post_type=product&#038;p=21873"},"modified":"2025-05-16T14:34:03","modified_gmt":"2025-05-16T12:34:03","slug":"fussballtrikot-kaufen-aston-villa-emiliano-martinez-torwart-auswaertstrikot-kinder","status":"publish","type":"product","link":"https:\/\/www.billigtrikotde.com\/sl\/fussballtrikot-kaufen-aston-villa-emiliano-martinez-torwart-auswaertstrikot-kinder\/","title":{"rendered":"Aston Villa Emiliano Martinez #23 Torwart Ausw\u00e4rtstrikot Kinder 2024-25 Fu\u00dfball trikotsatz"},"content":{"rendered":"<h3>Nakup nogometnega dresa Aston Villa Emiliano Martinez Goalkeeper gostujo\u010di dres za otroke 2024-25 \u010crna<\/h3>\n<p>Nasveti za tiskanje: \u010ce sta ime in \u0161tevilka na sliki to\u010dno tak\u0161na, kot ju \u017eelite, ju ni treba ponovno vnesti. \u010ce ni tako, vnesite \u017eeleno ime in \u0161tevilko.<\/p>\n<p>Nasveti za pranje: Priporo\u010dljivo je, da nogometne majice perete ro\u010dno. \u010ce \u017eelite uporabiti pralni stroj, ne pozabite nogometne majice obrniti narobe in jih nato oprati. Stroj napolnite s hladno vodo in uporabite ob\u010dutljiv cikel, da bolje za\u0161\u010ditite barve.<\/p>","protected":false},"excerpt":{"rendered":"<p>Nakup nogometne majice Aston Villa Emiliano Martinez Vratar gostujo\u010da majica za otroke 2024-25 \u010crna Nasveti za tiskanje: \u010ce je ime in \u0161tevilka na sliki to\u010dno va\u0161a \u017eelja, ju ne potrebujete ponovno vnesti. \u010ce ni, vnesite \u017eeleno ime in \u0161tevilko. Nasveti za pranje: priporo\u010dljivo je ro\u010dno prati nogometne majice. [\u2026]<\/p>","protected":false},"featured_media":21875,"comment_status":"open","ping_status":"closed","template":"","meta":[],"product_brand":[],"product_cat":[893],"product_tag":[1493,1494,1492,1491,1495],"class_list":{"0":"post-21873","1":"product","2":"type-product","3":"status-publish","4":"has-post-thumbnail","6":"product_cat-aston-villa-kindertrikot","7":"product_tag-aston-villa-torwartbekleidung-fussball-kinder","8":"product_tag-emiliano-martinez-trikot-kinder-kaufen","9":"product_tag-guenstige-aston-villa-torwarttrikot-kinder","10":"product_tag-guenstige-aston-villa-trikot-kinder","11":"product_tag-guenstige-emiliano-martinez-trikot-kinder","13":"first","14":"instock","15":"shipping-taxable","16":"purchasable","17":"product-type-variable"},"_links":{"self":[{"href":"https:\/\/www.billigtrikotde.com\/sl\/wp-json\/wp\/v2\/product\/21873","targetHints":{"allow":["GET"]}}],"collection":[{"href":"https:\/\/www.billigtrikotde.com\/sl\/wp-json\/wp\/v2\/product"}],"about":[{"href":"https:\/\/www.billigtrikotde.com\/sl\/wp-json\/wp\/v2\/types\/product"}],"replies":[{"embeddable":true,"href":"https:\/\/www.billigtrikotde.com\/sl\/wp-json\/wp\/v2\/comments?post=21873"}],"wp:featuredmedia":[{"embeddable":true,"href":"https:\/\/www.billigtrikotde.com\/sl\/wp-json\/wp\/v2\/media\/21875"}],"wp:attachment":[{"href":"https:\/\/www.billigtrikotde.com\/sl\/wp-json\/wp\/v2\/media?parent=21873"}],"wp:term":[{"taxonomy":"product_brand","embeddable":true,"href":"https:\/\/www.billigtrikotde.com\/sl\/wp-json\/wp\/v2\/product_brand?post=21873"},{"taxonomy":"product_cat","embeddable":true,"href":"https:\/\/www.billigtrikotde.com\/sl\/wp-json\/wp\/v2\/product_cat?post=21873"},{"taxonomy":"product_tag","embeddable":true,"href":"https:\/\/www.billigtrikotde.com\/sl\/wp-json\/wp\/v2\/product_tag?post=21873"}],"curies":[{"name":"wp","href":"https:\/\/api.w.org\/{rel}","templated":true}]}}