{"id":21841,"date":"2025-06-04T15:15:36","date_gmt":"2025-06-04T13:15:36","guid":{"rendered":"https:\/\/www.billigtrikotde.com\/?post_type=product&#038;p=21841"},"modified":"2025-06-05T16:38:23","modified_gmt":"2025-06-05T14:38:23","slug":"aston-villa-auswaertstrikot-kinder-2024-25-fussball-trikotsatz","status":"publish","type":"product","link":"https:\/\/www.billigtrikotde.com\/sl\/aston-villa-auswaertstrikot-kinder-2024-25-fussball-trikotsatz\/","title":{"rendered":"Aston Villa zunanji trikotnik za otroke 2024-25 nogometni komplet"},"content":{"rendered":"<h3>Aston Villa gostujo\u010da majica za otroke 2024-25 set \u0161portnih majic<\/h3>\n<p>Aston Villa 2024-25 gostujo\u010da majica ima \u010dist videz z ve\u010dino belo barvo z tremi vijoli\u010dnimi trakovi in logotipi, ki naj bi bili bordo rde\u010di (ali morda \u010drni). Jubilejna znamka \u201eAV 150\u201c je natisnjena na zadnji strani v elegantni kaligrafiji.<\/p>\n<p>Nasveti za tiskanje: \u010ce sta ime in \u0161tevilka na sliki to\u010dno tak\u0161na, kot ju \u017eelite, ju ni treba ponovno vnesti. \u010ce ni tako, vnesite \u017eeleno ime in \u0161tevilko.<\/p>\n<p>Nasveti za pranje: Priporo\u010dljivo je, da nogometne majice perete ro\u010dno. \u010ce \u017eelite uporabiti pralni stroj, ne pozabite nogometne majice obrniti narobe in jih nato oprati. Stroj napolnite s hladno vodo in uporabite ob\u010dutljiv cikel, da bolje za\u0161\u010ditite barve.<\/p>","protected":false},"excerpt":{"rendered":"<p>Aston Villa Ausw\u00e4rtstrikot Kinder 2024-25 Fu\u00dfballtrikots Set Das Aston Villa 2024-25 Ausw\u00e4rtstrikot hat einen cleanen Look mit einer \u00fcberwiegend wei\u00dfen Farbe mit drei lavendelfarbenen Streifen und Logos, die weinrot (oder m\u00f6glicherweise schwarz) zu sein scheinen.Die Jubil\u00e4umsmarke &#8222;AV 150&#8220; ist in stilvoller Kalligrafie auf der R\u00fcckseite aufgedruckt. Tipps zum Drucken: Wenn der Name und die Nummer [&hellip;]<\/p>","protected":false},"featured_media":21843,"comment_status":"open","ping_status":"closed","template":"","meta":[],"product_brand":[],"product_cat":[893],"product_tag":[894,895,20,574,22,1491,24,94],"class_list":{"0":"post-21841","1":"product","2":"type-product","3":"status-publish","4":"has-post-thumbnail","6":"product_cat-aston-villa-kindertrikot","7":"product_tag-aston-villa-fussballtrikots-kinder-mit-eigenem-namen","8":"product_tag-aston-villa-trikot-fuer-kinder","9":"product_tag-coole-fussballtrikots","10":"product_tag-fussballtrikot-deutschland","11":"product_tag-fussballtrikot-guenstig-kaufen","12":"product_tag-guenstige-aston-villa-trikot-kinder","13":"product_tag-guenstiges-fussballtrikot","14":"product_tag-kinder-fussball-trikotsatz","16":"first","17":"instock","18":"shipping-taxable","19":"purchasable","20":"product-type-variable"},"_links":{"self":[{"href":"https:\/\/www.billigtrikotde.com\/sl\/wp-json\/wp\/v2\/product\/21841","targetHints":{"allow":["GET"]}}],"collection":[{"href":"https:\/\/www.billigtrikotde.com\/sl\/wp-json\/wp\/v2\/product"}],"about":[{"href":"https:\/\/www.billigtrikotde.com\/sl\/wp-json\/wp\/v2\/types\/product"}],"replies":[{"embeddable":true,"href":"https:\/\/www.billigtrikotde.com\/sl\/wp-json\/wp\/v2\/comments?post=21841"}],"wp:featuredmedia":[{"embeddable":true,"href":"https:\/\/www.billigtrikotde.com\/sl\/wp-json\/wp\/v2\/media\/21843"}],"wp:attachment":[{"href":"https:\/\/www.billigtrikotde.com\/sl\/wp-json\/wp\/v2\/media?parent=21841"}],"wp:term":[{"taxonomy":"product_brand","embeddable":true,"href":"https:\/\/www.billigtrikotde.com\/sl\/wp-json\/wp\/v2\/product_brand?post=21841"},{"taxonomy":"product_cat","embeddable":true,"href":"https:\/\/www.billigtrikotde.com\/sl\/wp-json\/wp\/v2\/product_cat?post=21841"},{"taxonomy":"product_tag","embeddable":true,"href":"https:\/\/www.billigtrikotde.com\/sl\/wp-json\/wp\/v2\/product_tag?post=21841"}],"curies":[{"name":"wp","href":"https:\/\/api.w.org\/{rel}","templated":true}]}}