{"id":2184,"date":"2024-10-23T14:03:36","date_gmt":"2024-10-23T12:03:36","guid":{"rendered":"http:\/\/billigtrikots.com\/?post_type=product&#038;p=2184"},"modified":"2024-10-23T14:05:40","modified_gmt":"2024-10-23T12:05:40","slug":"inter-mailand-christian-eriksen-24-heimtrikot-trikotsatz-kurzarm-kurze-hosen","status":"publish","type":"product","link":"https:\/\/www.billigtrikotde.com\/sl\/inter-mailand-christian-eriksen-24-heimtrikot-trikotsatz-kurzarm-kurze-hosen\/","title":{"rendered":"Inter Milan Christian Eriksen #24 Doma\u010da majica s kratkimi rokavi (+ kratke hla\u010de)"},"content":{"rendered":"<p>Podpri svojo ekipo kot 12. igralec z izjemno udobnim modelom v modri barvi. Nike je s tem dresom ustvaril res odli\u010den izdelek. Te\u017eko si je zamisliti ve\u010d navdu\u0161enja! S tem doma\u010dim dresom Inter Milana raz\u0161iri svojo zbirko navija\u0161kih predmetov za izdelek, ki ga nosijo igralci v Serie A. Priporo\u010damo ta udoben, znoju odvra\u010dajo\u010d in zra\u010den model z prijetnim ob\u010dutkom pri no\u0161enju. Vizualno izstopa z grbom kluba na prsih. Tako si \u0161e bolj zmogljiv in lahko v vsaki enoti da\u0161 vse.<\/p>","protected":false},"excerpt":{"rendered":"<p>Podpri svojo ekipo kot 12. igralec z izjemno udobnim modelom v modri barvi. Nike je s to majico ustvaril res odli\u010den izdelek. Te\u017eko si je zamisliti ve\u010d navdu\u0161enja! Z to doma\u010do majico Inter Milana raz\u0161irja\u0161 svojo zbirko navija\u0161kih predmetov za izdelek, ki ga nosijo igralci v Serie A. Priporo\u010damo ta udoben, odvajajo\u010d pot in zra\u010den model [\u2026]<\/p>","protected":false},"featured_media":2214,"comment_status":"open","ping_status":"closed","template":"","meta":[],"product_brand":[],"product_cat":[77],"product_tag":[20,21,22,23,54,24,78],"class_list":{"0":"post-2184","1":"product","2":"type-product","3":"status-publish","4":"has-post-thumbnail","6":"product_cat-inter-milan","7":"product_tag-coole-fussballtrikots","8":"product_tag-fussballtrikot-fuer-herren","9":"product_tag-fussballtrikot-guenstig-kaufen","10":"product_tag-fussballtrikot-kurzarm","11":"product_tag-fussballtrikot-set","12":"product_tag-guenstiges-fussballtrikot","13":"product_tag-inter-milan-trikots","15":"first","16":"instock","17":"shipping-taxable","18":"purchasable","19":"product-type-variable"},"_links":{"self":[{"href":"https:\/\/www.billigtrikotde.com\/sl\/wp-json\/wp\/v2\/product\/2184","targetHints":{"allow":["GET"]}}],"collection":[{"href":"https:\/\/www.billigtrikotde.com\/sl\/wp-json\/wp\/v2\/product"}],"about":[{"href":"https:\/\/www.billigtrikotde.com\/sl\/wp-json\/wp\/v2\/types\/product"}],"replies":[{"embeddable":true,"href":"https:\/\/www.billigtrikotde.com\/sl\/wp-json\/wp\/v2\/comments?post=2184"}],"wp:featuredmedia":[{"embeddable":true,"href":"https:\/\/www.billigtrikotde.com\/sl\/wp-json\/wp\/v2\/media\/2214"}],"wp:attachment":[{"href":"https:\/\/www.billigtrikotde.com\/sl\/wp-json\/wp\/v2\/media?parent=2184"}],"wp:term":[{"taxonomy":"product_brand","embeddable":true,"href":"https:\/\/www.billigtrikotde.com\/sl\/wp-json\/wp\/v2\/product_brand?post=2184"},{"taxonomy":"product_cat","embeddable":true,"href":"https:\/\/www.billigtrikotde.com\/sl\/wp-json\/wp\/v2\/product_cat?post=2184"},{"taxonomy":"product_tag","embeddable":true,"href":"https:\/\/www.billigtrikotde.com\/sl\/wp-json\/wp\/v2\/product_tag?post=2184"}],"curies":[{"name":"wp","href":"https:\/\/api.w.org\/{rel}","templated":true}]}}