{"id":21818,"date":"2025-05-27T05:12:32","date_gmt":"2025-05-27T03:12:32","guid":{"rendered":"https:\/\/www.billigtrikotde.com\/?post_type=product&#038;p=21818"},"modified":"2025-05-27T05:12:33","modified_gmt":"2025-05-27T03:12:33","slug":"fussballtrikots-inter-milan-yann-sommer-1-torwart-auswaertstrikot-2024-25lan-yann-sommer-1-torwart-auswaertstrikot-2024-25-langarm","status":"publish","type":"product","link":"https:\/\/www.billigtrikotde.com\/sl\/fussballtrikots-inter-milan-yann-sommer-1-torwart-auswaertstrikot-2024-25lan-yann-sommer-1-torwart-auswaertstrikot-2024-25-langarm\/","title":{"rendered":"Nogometne majice Inter Milan Yann Sommer #1 Goalkeeper Away Shirt 2024-25"},"content":{"rendered":"<h3>Nogometne majice Inter Mil\u00e1n Yann Sommer #1 vratar gostujo\u010da majica 2024-25 dolg rokav<\/h3>\n<p>Nasveti za tiskanje: \u010ce sta ime in \u0161tevilka na sliki to\u010dno tak\u0161na, kot ju \u017eelite, ju ni treba ponovno vnesti. \u010ce ni tako, vnesite \u017eeleno ime in \u0161tevilko.<br \/>\nNasveti za pranje: Priporo\u010dljivo je, da nogometne majice perete ro\u010dno. \u010ce \u017eelite uporabiti pralni stroj, ne pozabite nogometne majice obrniti narobe in jih nato oprati. Stroj napolnite s hladno vodo in uporabite ob\u010dutljiv cikel, da bolje za\u0161\u010ditite barve.<\/p>","protected":false},"excerpt":{"rendered":"<p>Poceni nogometne majice Aston Villa vratar doma\u010da majica za otroke 2024-25 Nasveti za tiskanje: \u010ce se ime in \u0161tevilka na sliki natan\u010dno ujemata z va\u0161imi \u017eeljami, ju ni treba znova vna\u0161ati. \u010ce ne, vnesite \u017eeleno ime in \u0161tevilko. Nasveti za pranje: Priporo\u010damo, da se nogometne majice perijo ro\u010dno. \u010ce \u017eelite, lahko [\u2026]<\/p>","protected":false},"featured_media":21820,"comment_status":"open","ping_status":"closed","template":"","meta":[],"product_brand":[],"product_cat":[77],"product_tag":[20,215,1488,780,1489,781,94],"class_list":{"0":"post-21818","1":"product","2":"type-product","3":"status-publish","4":"has-post-thumbnail","6":"product_cat-inter-milan","7":"product_tag-coole-fussballtrikots","8":"product_tag-fussball-trikot-kurzarm","9":"product_tag-guenstige-inter-milan-torwarttrikot-kinder","10":"product_tag-inter-milan-fussballtrikots-kinder","11":"product_tag-inter-milan-torwartbekleidung-fussball-kinder","12":"product_tag-inter-milan-trikot-fuer-kinder","13":"product_tag-kinder-fussball-trikotsatz","15":"first","16":"instock","17":"shipping-taxable","18":"purchasable","19":"product-type-variable"},"_links":{"self":[{"href":"https:\/\/www.billigtrikotde.com\/sl\/wp-json\/wp\/v2\/product\/21818","targetHints":{"allow":["GET"]}}],"collection":[{"href":"https:\/\/www.billigtrikotde.com\/sl\/wp-json\/wp\/v2\/product"}],"about":[{"href":"https:\/\/www.billigtrikotde.com\/sl\/wp-json\/wp\/v2\/types\/product"}],"replies":[{"embeddable":true,"href":"https:\/\/www.billigtrikotde.com\/sl\/wp-json\/wp\/v2\/comments?post=21818"}],"wp:featuredmedia":[{"embeddable":true,"href":"https:\/\/www.billigtrikotde.com\/sl\/wp-json\/wp\/v2\/media\/21820"}],"wp:attachment":[{"href":"https:\/\/www.billigtrikotde.com\/sl\/wp-json\/wp\/v2\/media?parent=21818"}],"wp:term":[{"taxonomy":"product_brand","embeddable":true,"href":"https:\/\/www.billigtrikotde.com\/sl\/wp-json\/wp\/v2\/product_brand?post=21818"},{"taxonomy":"product_cat","embeddable":true,"href":"https:\/\/www.billigtrikotde.com\/sl\/wp-json\/wp\/v2\/product_cat?post=21818"},{"taxonomy":"product_tag","embeddable":true,"href":"https:\/\/www.billigtrikotde.com\/sl\/wp-json\/wp\/v2\/product_tag?post=21818"}],"curies":[{"name":"wp","href":"https:\/\/api.w.org\/{rel}","templated":true}]}}