{"id":21770,"date":"2025-05-19T16:12:35","date_gmt":"2025-05-19T14:12:35","guid":{"rendered":"https:\/\/www.billigtrikotde.com\/?post_type=product&#038;p=21770"},"modified":"2025-05-19T16:12:36","modified_gmt":"2025-05-19T14:12:36","slug":"inter-milan-torwart-auswaertstrikot-kinder-2024-25-yann-sommer-fussball-trikotsatz","status":"publish","type":"product","link":"https:\/\/www.billigtrikotde.com\/sl\/inter-milan-torwart-auswaertstrikot-kinder-2024-25-yann-sommer-fussball-trikotsatz\/","title":{"rendered":"Inter Milan Yann Sommer #1 Goalkeeper gostujo\u010di komplet kids 2024-25 Nogometni komplet"},"content":{"rendered":"<h3>Dostopna Inter Milan vratarska gostujo\u010da majica za otroke 2024-25 Yann Sommer komplet za nogometne dresy<\/h3>\n<p>Nasveti za tiskanje: \u010ce sta ime in \u0161tevilka na sliki to\u010dno tak\u0161na, kot ju \u017eelite, ju ni treba ponovno vnesti. \u010ce ni tako, vnesite \u017eeleno ime in \u0161tevilko.<\/p>\n<p>Nasveti za pranje: Priporo\u010dljivo je, da nogometne majice perete ro\u010dno. \u010ce \u017eelite uporabiti pralni stroj, ne pozabite nogometne majice obrniti narobe in jih nato oprati. Stroj napolnite s hladno vodo in uporabite ob\u010dutljiv cikel, da bolje za\u0161\u010ditite barve.<\/p>","protected":false},"excerpt":{"rendered":"<p>G\u00fcnstige Inter Milan Torwart Ausw\u00e4rtstrikot Kinder 2024-25 Yann Sommer fu\u00dfball trikotsatz Tipps zum Drucken: Wenn der Name und die Nummer auf dem Bild genau Ihren W\u00fcnschen entsprechen, m\u00fcssen Sie sie nicht erneut eingeben. Wenn nicht, sollten Sie Ihren gew\u00fcnschten Namen und Ihre Nummer eingeben. Tipps zum Waschen: Es wird empfohlen, Fu\u00dfballtrikots von Hand zu waschen. [&hellip;]<\/p>","protected":false},"featured_media":21772,"comment_status":"open","ping_status":"closed","template":"","meta":[],"product_brand":[],"product_cat":[779],"product_tag":[20,215,1488,780,1489,781,94,1500],"class_list":{"0":"post-21770","1":"product","2":"type-product","3":"status-publish","4":"has-post-thumbnail","6":"product_cat-inter-milan-kindertrikot","7":"product_tag-coole-fussballtrikots","8":"product_tag-fussball-trikot-kurzarm","9":"product_tag-guenstige-inter-milan-torwarttrikot-kinder","10":"product_tag-inter-milan-fussballtrikots-kinder","11":"product_tag-inter-milan-torwartbekleidung-fussball-kinder","12":"product_tag-inter-milan-trikot-fuer-kinder","13":"product_tag-kinder-fussball-trikotsatz","14":"product_tag-yann-sommer-trikots","16":"first","17":"instock","18":"shipping-taxable","19":"purchasable","20":"product-type-variable"},"_links":{"self":[{"href":"https:\/\/www.billigtrikotde.com\/sl\/wp-json\/wp\/v2\/product\/21770","targetHints":{"allow":["GET"]}}],"collection":[{"href":"https:\/\/www.billigtrikotde.com\/sl\/wp-json\/wp\/v2\/product"}],"about":[{"href":"https:\/\/www.billigtrikotde.com\/sl\/wp-json\/wp\/v2\/types\/product"}],"replies":[{"embeddable":true,"href":"https:\/\/www.billigtrikotde.com\/sl\/wp-json\/wp\/v2\/comments?post=21770"}],"wp:featuredmedia":[{"embeddable":true,"href":"https:\/\/www.billigtrikotde.com\/sl\/wp-json\/wp\/v2\/media\/21772"}],"wp:attachment":[{"href":"https:\/\/www.billigtrikotde.com\/sl\/wp-json\/wp\/v2\/media?parent=21770"}],"wp:term":[{"taxonomy":"product_brand","embeddable":true,"href":"https:\/\/www.billigtrikotde.com\/sl\/wp-json\/wp\/v2\/product_brand?post=21770"},{"taxonomy":"product_cat","embeddable":true,"href":"https:\/\/www.billigtrikotde.com\/sl\/wp-json\/wp\/v2\/product_cat?post=21770"},{"taxonomy":"product_tag","embeddable":true,"href":"https:\/\/www.billigtrikotde.com\/sl\/wp-json\/wp\/v2\/product_tag?post=21770"}],"curies":[{"name":"wp","href":"https:\/\/api.w.org\/{rel}","templated":true}]}}