{"id":21726,"date":"2025-05-12T13:56:46","date_gmt":"2025-05-12T11:56:46","guid":{"rendered":"https:\/\/www.billigtrikotde.com\/?post_type=product&#038;p=21726"},"modified":"2025-05-22T13:54:17","modified_gmt":"2025-05-22T11:54:17","slug":"inter-milan-3rd-trikot-kinder-2024-25-fussball-trikotsatz","status":"publish","type":"product","link":"https:\/\/www.billigtrikotde.com\/sl\/inter-milan-3rd-trikot-kinder-2024-25-fussball-trikotsatz\/","title":{"rendered":"Inter Milan 3. dres otro\u0161ki 2024-25 nogometni komplet"},"content":{"rendered":"<h3>Podrobnosti o Inter Milan 3. triku za otroke 2024-25 komplet dresov za nogomet:<\/h3>\n<p>Primerno za: otroci<br \/>\nBlagovna znamka: za\u0161ito<br \/>\nIzpis vezan: za\u0161ito<br \/>\n100 % poliestra za suho-no\u0161enje.<br \/>\nBarva izdelka: rumena<\/p>\n<p>Nasveti za tiskanje: \u010ce sta ime in \u0161tevilka na sliki to\u010dno tak\u0161na, kot ju \u017eelite, ju ni treba ponovno vnesti. \u010ce ni tako, vnesite \u017eeleno ime in \u0161tevilko.<\/p>\n<p>Nasveti za pranje: Priporo\u010dljivo je, da nogometne majice perete ro\u010dno. \u010ce \u017eelite uporabiti pralni stroj, ne pozabite nogometne majice obrniti narobe in jih nato oprati. Stroj napolnite s hladno vodo in uporabite ob\u010dutljiv cikel, da bolje za\u0161\u010ditite barve.<\/p>","protected":false},"excerpt":{"rendered":"<p>Details zu Inter Milan 3rd trikot Kinder 2024-25 Fu\u00dfball trikotsatz: Geeignet f\u00fcr: Kinder Markenlogo: Gestickt Teamabzeichen: Gestickt 100 % Polyester f\u00fcr ein trockenes Tragegef\u00fchl. Produktfarbe: Gelb Tipps zum Drucken: Wenn der Name und die Nummer auf dem Bild genau Ihren W\u00fcnschen entsprechen, m\u00fcssen Sie sie nicht erneut eingeben. Wenn nicht, sollten Sie Ihren gew\u00fcnschten Namen [&hellip;]<\/p>","protected":false},"featured_media":21728,"comment_status":"open","ping_status":"closed","template":"","meta":[],"product_brand":[],"product_cat":[779],"product_tag":[20,215,780,781,94],"class_list":{"0":"post-21726","1":"product","2":"type-product","3":"status-publish","4":"has-post-thumbnail","6":"product_cat-inter-milan-kindertrikot","7":"product_tag-coole-fussballtrikots","8":"product_tag-fussball-trikot-kurzarm","9":"product_tag-inter-milan-fussballtrikots-kinder","10":"product_tag-inter-milan-trikot-fuer-kinder","11":"product_tag-kinder-fussball-trikotsatz","13":"first","14":"instock","15":"shipping-taxable","16":"purchasable","17":"product-type-variable"},"_links":{"self":[{"href":"https:\/\/www.billigtrikotde.com\/sl\/wp-json\/wp\/v2\/product\/21726","targetHints":{"allow":["GET"]}}],"collection":[{"href":"https:\/\/www.billigtrikotde.com\/sl\/wp-json\/wp\/v2\/product"}],"about":[{"href":"https:\/\/www.billigtrikotde.com\/sl\/wp-json\/wp\/v2\/types\/product"}],"replies":[{"embeddable":true,"href":"https:\/\/www.billigtrikotde.com\/sl\/wp-json\/wp\/v2\/comments?post=21726"}],"wp:featuredmedia":[{"embeddable":true,"href":"https:\/\/www.billigtrikotde.com\/sl\/wp-json\/wp\/v2\/media\/21728"}],"wp:attachment":[{"href":"https:\/\/www.billigtrikotde.com\/sl\/wp-json\/wp\/v2\/media?parent=21726"}],"wp:term":[{"taxonomy":"product_brand","embeddable":true,"href":"https:\/\/www.billigtrikotde.com\/sl\/wp-json\/wp\/v2\/product_brand?post=21726"},{"taxonomy":"product_cat","embeddable":true,"href":"https:\/\/www.billigtrikotde.com\/sl\/wp-json\/wp\/v2\/product_cat?post=21726"},{"taxonomy":"product_tag","embeddable":true,"href":"https:\/\/www.billigtrikotde.com\/sl\/wp-json\/wp\/v2\/product_tag?post=21726"}],"curies":[{"name":"wp","href":"https:\/\/api.w.org\/{rel}","templated":true}]}}