{"id":21682,"date":"2025-05-06T14:46:48","date_gmt":"2025-05-06T12:46:48","guid":{"rendered":"https:\/\/www.billigtrikotde.com\/?post_type=product&#038;p=21682"},"modified":"2025-05-07T11:43:47","modified_gmt":"2025-05-07T09:43:47","slug":"kaufen-online-juventus-torwart-3rd-trikot-kinder-2024-25-fussballtrikots-set","status":"publish","type":"product","link":"https:\/\/www.billigtrikotde.com\/sl\/kaufen-online-juventus-torwart-3rd-trikot-kinder-2024-25-fussballtrikots-set\/","title":{"rendered":"Nova Juventus vratar 3. majica za otroke 2024-25 kratke rokave (+ kratke hla\u010de)"},"content":{"rendered":"<h3>Nakup online Juventus vratarski tretji dres za mlaj\u0161e otroke 2024-25 nogometni dres set<\/h3>\n<p>Nasveti za tisk: \u010ce se ime in \u0161tevilka, ki sta na sliki, popolnoma ujemata z \u017eelenim, ju ne morate znova vna\u0161ati. \u010ce ni tako, morate vnesti \u017eeleno ime in \u0161tevilko.<\/p>\n<p>Nasveti za pranje: priporo\u010dljivo je ro\u010dno pranje nogometnih dresov. \u010ce \u017eelite uporabiti pralni stroj, razmislite o obrnjanju dresov na hrbtni del pred pranjem. Napolnite stroj z mrzlo vodo in uporabite ne\u017eni program pranja, da bolje za\u0161\u010ditite barve.<\/p>","protected":false},"excerpt":{"rendered":"<p>Kupi Online Juventus vratar 3rd dres otroci 2024-25 Nogometni dresi Set Nasveti za tiskanje: \u010ce je ime in \u0161tevilka na sliki to\u010dno tak\u0161na, kot si \u017eelite, ju ne morate znova vnesti. \u010ce ni tako, morate vnesti \u017eeleno ime in \u0161tevilko. ...<\/p>","protected":false},"featured_media":21684,"comment_status":"open","ping_status":"closed","template":"","meta":[],"product_brand":[],"product_cat":[148],"product_tag":[20,574,24,855,856,61,149,94],"class_list":{"0":"post-21682","1":"product","2":"type-product","3":"status-publish","4":"has-post-thumbnail","6":"product_cat-juventus-kindertrikot","7":"product_tag-coole-fussballtrikots","8":"product_tag-fussballtrikot-deutschland","9":"product_tag-guenstiges-fussballtrikot","10":"product_tag-juventus-fussballtrikots-kinder","11":"product_tag-juventus-trikot-fuer-kinder","12":"product_tag-juventus-trikots","13":"product_tag-juventus-trikotsatz-fuer-kinder","14":"product_tag-kinder-fussball-trikotsatz","16":"first","17":"instock","18":"shipping-taxable","19":"purchasable","20":"product-type-variable"},"_links":{"self":[{"href":"https:\/\/www.billigtrikotde.com\/sl\/wp-json\/wp\/v2\/product\/21682","targetHints":{"allow":["GET"]}}],"collection":[{"href":"https:\/\/www.billigtrikotde.com\/sl\/wp-json\/wp\/v2\/product"}],"about":[{"href":"https:\/\/www.billigtrikotde.com\/sl\/wp-json\/wp\/v2\/types\/product"}],"replies":[{"embeddable":true,"href":"https:\/\/www.billigtrikotde.com\/sl\/wp-json\/wp\/v2\/comments?post=21682"}],"wp:featuredmedia":[{"embeddable":true,"href":"https:\/\/www.billigtrikotde.com\/sl\/wp-json\/wp\/v2\/media\/21684"}],"wp:attachment":[{"href":"https:\/\/www.billigtrikotde.com\/sl\/wp-json\/wp\/v2\/media?parent=21682"}],"wp:term":[{"taxonomy":"product_brand","embeddable":true,"href":"https:\/\/www.billigtrikotde.com\/sl\/wp-json\/wp\/v2\/product_brand?post=21682"},{"taxonomy":"product_cat","embeddable":true,"href":"https:\/\/www.billigtrikotde.com\/sl\/wp-json\/wp\/v2\/product_cat?post=21682"},{"taxonomy":"product_tag","embeddable":true,"href":"https:\/\/www.billigtrikotde.com\/sl\/wp-json\/wp\/v2\/product_tag?post=21682"}],"curies":[{"name":"wp","href":"https:\/\/api.w.org\/{rel}","templated":true}]}}