{"id":21624,"date":"2025-05-05T15:43:09","date_gmt":"2025-05-05T13:43:09","guid":{"rendered":"https:\/\/www.billigtrikotde.com\/?post_type=product&#038;p=21624"},"modified":"2025-05-06T15:23:22","modified_gmt":"2025-05-06T13:23:22","slug":"herren-trikot-denver-nuggets-marineblau-swingman-kaufen-online","status":"publish","type":"product","link":"https:\/\/www.billigtrikotde.com\/sl\/herren-trikot-denver-nuggets-marineblau-swingman-kaufen-online\/","title":{"rendered":"Herren Trikot Denver Nuggets Marineblau Swingman Personalisierbar"},"content":{"rendered":"<h3>Gospodin trikot Denver Nuggets temno modra Swingman kupiti na spletu<\/h3>\n<p>Za navija\u010de NBA-je temno modra gospodin majica brez rokavov Denver Nuggets Swingman Icon Edition 22\/23 je prava izbira. Izdelana je iz kakovostnih materialov in zagotavlja udobje ter pro\u017enost gibanja.<\/p>\n<p>Temno modra gospodin majica brez rokavov Denver Nuggets Swingman Icon Edition 22\/23 vklju\u010duje tehnologijo Dri-Fit, ki absorbira znoj iz telesa in vas ohranja suhega tudi v najtoplej\u0161ih dneh.<\/p>\n<p>Z individualnim tiskom temno modra gospodin majica brez rokavov Denver Nuggets Swingman Icon Edition 22\/23 navija\u010du omogo\u010da neverjaten videz. Ne zamudite te prilo\u017enosti in kupite danes!<\/p>","protected":false},"excerpt":{"rendered":"<p>Gala Trikot Denver Nuggets mornarsko modro Swingman kupiti online Za NBA navija\u010de je modro mo\u0161ko majico Denver Nuggets Swingman Icon Edition 22\/23 prava izbira. Izdelan je iz kakovostnih materialov in nudi udobje ter svobodo gibanja. Modra mo\u0161ka majica Denver Nuggets Swingman Icon Edition 22\/23 ima tehnologijo Dri-Fit, ki absorbira znoj s telesa in vas [...]<\/p>","protected":false},"featured_media":21626,"comment_status":"open","ping_status":"closed","template":"","meta":[],"product_brand":[],"product_cat":[1485],"product_tag":[1486],"class_list":{"0":"post-21624","1":"product","2":"type-product","3":"status-publish","4":"has-post-thumbnail","6":"product_cat-denver-nuggets-trikots","7":"product_tag-trikot-denver-nuggets","9":"first","10":"instock","11":"shipping-taxable","12":"purchasable","13":"product-type-variable"},"_links":{"self":[{"href":"https:\/\/www.billigtrikotde.com\/sl\/wp-json\/wp\/v2\/product\/21624","targetHints":{"allow":["GET"]}}],"collection":[{"href":"https:\/\/www.billigtrikotde.com\/sl\/wp-json\/wp\/v2\/product"}],"about":[{"href":"https:\/\/www.billigtrikotde.com\/sl\/wp-json\/wp\/v2\/types\/product"}],"replies":[{"embeddable":true,"href":"https:\/\/www.billigtrikotde.com\/sl\/wp-json\/wp\/v2\/comments?post=21624"}],"wp:featuredmedia":[{"embeddable":true,"href":"https:\/\/www.billigtrikotde.com\/sl\/wp-json\/wp\/v2\/media\/21626"}],"wp:attachment":[{"href":"https:\/\/www.billigtrikotde.com\/sl\/wp-json\/wp\/v2\/media?parent=21624"}],"wp:term":[{"taxonomy":"product_brand","embeddable":true,"href":"https:\/\/www.billigtrikotde.com\/sl\/wp-json\/wp\/v2\/product_brand?post=21624"},{"taxonomy":"product_cat","embeddable":true,"href":"https:\/\/www.billigtrikotde.com\/sl\/wp-json\/wp\/v2\/product_cat?post=21624"},{"taxonomy":"product_tag","embeddable":true,"href":"https:\/\/www.billigtrikotde.com\/sl\/wp-json\/wp\/v2\/product_tag?post=21624"}],"curies":[{"name":"wp","href":"https:\/\/api.w.org\/{rel}","templated":true}]}}