{"id":21559,"date":"2025-04-29T14:19:48","date_gmt":"2025-04-29T12:19:48","guid":{"rendered":"https:\/\/www.billigtrikotde.com\/?post_type=product&#038;p=21559"},"modified":"2025-04-29T14:19:50","modified_gmt":"2025-04-29T12:19:50","slug":"guenstige-barcelona-torwart-auswaertstrikot-kinder-2024-25-ter-stegen-1","status":"publish","type":"product","link":"https:\/\/www.billigtrikotde.com\/sl\/guenstige-barcelona-torwart-auswaertstrikot-kinder-2024-25-ter-stegen-1\/","title":{"rendered":"Ugoden Barcelona vratar gostujo\u010da majica za otroke 2024-25 Ter Stegen 1"},"content":{"rendered":"<h3>Opis o Barceloni vratarju doma\u010di dres za goste, zelen 2024-25 Ter Stegen<\/h3>\n<p>Nasveti za tiskanje: \u010ce sta ime in \u0161tevilka na sliki to\u010dno tak\u0161na, kot ju \u017eelite, ju ni treba ponovno vnesti. \u010ce ni tako, vnesite \u017eeleno ime in \u0161tevilko.<\/p>\n<p>Nasveti za pranje: Priporo\u010dljivo je, da nogometne majice perete ro\u010dno. \u010ce \u017eelite uporabiti pralni stroj, ne pozabite nogometne majice obrniti narobe in jih nato oprati. Stroj napolnite s hladno vodo in uporabite ob\u010dutljiv cikel, da bolje za\u0161\u010ditite barve.<\/p>","protected":false},"excerpt":{"rendered":"<p>Opis Barceloninega vratarskega away dresa za otroke, zelen 2024-25 Ter Stegen: Pomo\u010d pri tiskanju: \u010ce so ime in \u0161tevilka na sliki to\u010dno tak\u0161ni, kot \u017eeli\u0161, ju ne potrebuje\u0161 ponoviti. \u010ce ne, vnesite \u017eeleno ime in \u0161tevilko. Nasveti za pranje: Priporo\u010damo ro\u010dno pranje nogometnih dresov. \u010ce [\u2026 ]<\/p>","protected":false},"featured_media":21561,"comment_status":"open","ping_status":"closed","template":"","meta":[],"product_brand":[],"product_cat":[146],"product_tag":[707,708,20,215,94,1482],"class_list":{"0":"post-21559","1":"product","2":"type-product","3":"status-publish","4":"has-post-thumbnail","6":"product_cat-barcelona-kindertrikot","7":"product_tag-barcelona-fussballtrikots-kinder","8":"product_tag-barcelona-trikot-fuer-kinder","9":"product_tag-coole-fussballtrikots","10":"product_tag-fussball-trikot-kurzarm","11":"product_tag-kinder-fussball-trikotsatz","12":"product_tag-ter-stegen-trikots","14":"first","15":"instock","16":"shipping-taxable","17":"purchasable","18":"product-type-variable"},"_links":{"self":[{"href":"https:\/\/www.billigtrikotde.com\/sl\/wp-json\/wp\/v2\/product\/21559","targetHints":{"allow":["GET"]}}],"collection":[{"href":"https:\/\/www.billigtrikotde.com\/sl\/wp-json\/wp\/v2\/product"}],"about":[{"href":"https:\/\/www.billigtrikotde.com\/sl\/wp-json\/wp\/v2\/types\/product"}],"replies":[{"embeddable":true,"href":"https:\/\/www.billigtrikotde.com\/sl\/wp-json\/wp\/v2\/comments?post=21559"}],"wp:featuredmedia":[{"embeddable":true,"href":"https:\/\/www.billigtrikotde.com\/sl\/wp-json\/wp\/v2\/media\/21561"}],"wp:attachment":[{"href":"https:\/\/www.billigtrikotde.com\/sl\/wp-json\/wp\/v2\/media?parent=21559"}],"wp:term":[{"taxonomy":"product_brand","embeddable":true,"href":"https:\/\/www.billigtrikotde.com\/sl\/wp-json\/wp\/v2\/product_brand?post=21559"},{"taxonomy":"product_cat","embeddable":true,"href":"https:\/\/www.billigtrikotde.com\/sl\/wp-json\/wp\/v2\/product_cat?post=21559"},{"taxonomy":"product_tag","embeddable":true,"href":"https:\/\/www.billigtrikotde.com\/sl\/wp-json\/wp\/v2\/product_tag?post=21559"}],"curies":[{"name":"wp","href":"https:\/\/api.w.org\/{rel}","templated":true}]}}