{"id":21444,"date":"2025-04-10T10:24:37","date_gmt":"2025-04-10T08:24:37","guid":{"rendered":"https:\/\/www.billigtrikotde.com\/?post_type=product&#038;p=21444"},"modified":"2025-04-10T10:40:18","modified_gmt":"2025-04-10T08:40:18","slug":"kinder-real-madrid-fussballtrikots-heim-trikotsatz-2025-26-weiss","status":"publish","type":"product","link":"https:\/\/www.billigtrikotde.com\/sl\/kinder-real-madrid-fussballtrikots-heim-trikotsatz-2025-26-weiss\/","title":{"rendered":"Otro\u0161ke nogometne majice Real Madrid Home Kit 2025-26 white"},"content":{"rendered":"<h3>Opis otro\u0161kega dresa Real Madrid za nogomet domov dresa 2025-26 bele barve:<\/h3>\n<ul>\n<li>Na\u0161a po\u0161iljka vsebuje natanko to, kar je bilo prikazano na slikah izdelka ob va\u0161em naro\u010dilu.<\/li>\n<li>To je doma\u010di dres Real Madrida za otroke iz sezone 2025\/26 v kultni beli klubski barvi.<\/li>\n<li>Majica ima \u010drne \u010drte na ramenih in rumeno obrobo, ki klasi\u010dnemu videzu dajejo sodoben pridih.<\/li>\n<li>Tehnologija AEROREADY zagotavlja prenos vlage in zra\u010dnost za mlade navija\u010de.<\/li>\n<li>Idealno za mlade navija\u010de, ki \u017eelijo podpirati svojo ekipo na okolju prijazen in eleganten na\u010din, hkrati pa na tekmi ostati hladni in udobni.<\/li>\n<\/ul>\n<p>Nasveti za tiskanje: \u010ce sta ime in \u0161tevilka na sliki to\u010dno tak\u0161na, kot ju \u017eelite, ju ni treba ponovno vnesti. \u010ce ni tako, vnesite \u017eeleno ime in \u0161tevilko.<\/p>\n<p>Nasveti za pranje: Priporo\u010dljivo je, da nogometne majice perete ro\u010dno. \u010ce \u017eelite uporabiti pralni stroj, ne pozabite nogometne majice obrniti narobe in jih nato oprati. Stroj napolnite s hladno vodo in uporabite ob\u010dutljiv cikel, da bolje za\u0161\u010ditite barve.<\/p>","protected":false},"excerpt":{"rendered":"<p>Opis poceni dresa za nogomet Real Madrid doma\u010di dres set 2025-26 Jude Bellingham: Na\u0161 paket vsebuje to\u010dno tisto, kar je bilo na izdelkovih fotografijah ob va\u0161em naro\u010dilu. To je doma\u010di dres Real Madrida za otroke sezone 2025\/26 v ikoni\u010dnem belem klubski dizajnu. Trikotnik ima \u010drne \u010drte na ramenih in rumene obrobe, ki se ujemajo z [\u2026]<\/p>","protected":false},"featured_media":21446,"comment_status":"open","ping_status":"closed","template":"","meta":[],"product_brand":[],"product_cat":[165],"product_tag":[20,574,1453,24,879,880,1455,47,166],"class_list":{"0":"post-21444","1":"product","2":"type-product","3":"status-publish","4":"has-post-thumbnail","6":"product_cat-real-madrid-kindertrikot","7":"product_tag-coole-fussballtrikots","8":"product_tag-fussballtrikot-deutschland","9":"product_tag-fussballtrikots-real-madrid","10":"product_tag-guenstiges-fussballtrikot","11":"product_tag-real-madrid-fussballtrikots-kinder","12":"product_tag-real-madrid-trikot-fuer-kinder","13":"product_tag-real-madrid-trikot-kaufen","14":"product_tag-real-madrid-trikots","15":"product_tag-real-madrid-trikotsatz-fuer-kinder","17":"first","18":"instock","19":"shipping-taxable","20":"purchasable","21":"product-type-variable"},"_links":{"self":[{"href":"https:\/\/www.billigtrikotde.com\/sl\/wp-json\/wp\/v2\/product\/21444","targetHints":{"allow":["GET"]}}],"collection":[{"href":"https:\/\/www.billigtrikotde.com\/sl\/wp-json\/wp\/v2\/product"}],"about":[{"href":"https:\/\/www.billigtrikotde.com\/sl\/wp-json\/wp\/v2\/types\/product"}],"replies":[{"embeddable":true,"href":"https:\/\/www.billigtrikotde.com\/sl\/wp-json\/wp\/v2\/comments?post=21444"}],"wp:featuredmedia":[{"embeddable":true,"href":"https:\/\/www.billigtrikotde.com\/sl\/wp-json\/wp\/v2\/media\/21446"}],"wp:attachment":[{"href":"https:\/\/www.billigtrikotde.com\/sl\/wp-json\/wp\/v2\/media?parent=21444"}],"wp:term":[{"taxonomy":"product_brand","embeddable":true,"href":"https:\/\/www.billigtrikotde.com\/sl\/wp-json\/wp\/v2\/product_brand?post=21444"},{"taxonomy":"product_cat","embeddable":true,"href":"https:\/\/www.billigtrikotde.com\/sl\/wp-json\/wp\/v2\/product_cat?post=21444"},{"taxonomy":"product_tag","embeddable":true,"href":"https:\/\/www.billigtrikotde.com\/sl\/wp-json\/wp\/v2\/product_tag?post=21444"}],"curies":[{"name":"wp","href":"https:\/\/api.w.org\/{rel}","templated":true}]}}