{"id":21418,"date":"2025-03-26T15:16:57","date_gmt":"2025-03-26T14:16:57","guid":{"rendered":"https:\/\/www.billigtrikotde.com\/?post_type=product&#038;p=21418"},"modified":"2025-04-10T10:42:04","modified_gmt":"2025-04-10T08:42:04","slug":"guenstige-fussballtrikots-kinder-inter-miami-3rd-trikot-2024-25-lionel-messi-10","status":"publish","type":"product","link":"https:\/\/www.billigtrikotde.com\/sl\/guenstige-fussballtrikots-kinder-inter-miami-3rd-trikot-2024-25-lionel-messi-10\/","title":{"rendered":"Poceni nogometne majice Otroci Inter Miami 3. majica 2024-25 Lionel Messi 10"},"content":{"rendered":"<p>Kaj je tako edinstvenega v \u0161portni tradiciji Miamija? Tretji gostujo\u010di dres kluba Inter Miami FC 2024 je poklon legendarnemu Orange Bowlu, saj zdru\u017euje klasi\u010dne podrobnosti s svetlo oran\u017enimi odtenki. AEROREADY poskrbi, da so navija\u010di suhi, medtem ko navijajo za svojo ekipo. Na gladki tkanini je ime ekipe v slogu art deco ter Messijevo ime in \u0161tevilka.<\/p>\n<p>Nasveti za tiskanje: \u010ce sta ime in \u0161tevilka na sliki to\u010dno tak\u0161na, kot ju \u017eelite, ju ni treba ponovno vnesti. \u010ce ni tako, vnesite \u017eeleno ime in \u0161tevilko.<\/p>\n<p>Nasveti za pranje: Priporo\u010dljivo je, da nogometne majice perete ro\u010dno. \u010ce \u017eelite uporabiti pralni stroj, ne pozabite nogometne majice obrniti narobe in jih nato oprati. Stroj napolnite s hladno vodo in uporabite ob\u010dutljiv cikel, da bolje za\u0161\u010ditite barve.<\/p>","protected":false},"excerpt":{"rendered":"<p>Kaj je tako edinstvenega v \u0161portni tradiciji Miamija? Tretji gostujo\u010di dres kluba Inter Miami FC 2024 je poklon legendarnemu Orange Bowlu, saj zdru\u017euje klasi\u010dne podrobnosti s svetlo oran\u017enimi odtenki. AEROREADY poskrbi, da so navija\u010di suhi, medtem ko navijajo za svojo ekipo. Na gladki tkanini je ime ekipe v slogu art deco ter Messijevo ime in \u0161tevilka.<\/p>","protected":false},"featured_media":21420,"comment_status":"open","ping_status":"closed","template":"","meta":[],"product_brand":[],"product_cat":[569],"product_tag":[1462,20,22,1461,24,639,1464,571,1463,1465,1299],"class_list":{"0":"post-21418","1":"product","2":"type-product","3":"status-publish","4":"has-post-thumbnail","6":"product_cat-inter-miami-kindertrikot","7":"product_tag-billige-deutschland-trikots","8":"product_tag-coole-fussballtrikots","9":"product_tag-fussballtrikot-guenstig-kaufen","10":"product_tag-guenstige-inter-miami-trikot-kinder","11":"product_tag-guenstiges-fussballtrikot","12":"product_tag-inter-miami-fussballtrikots-kinder-mit-eigenem-namen","13":"product_tag-inter-miami-trikot-2024-25","14":"product_tag-inter-miami-trikot-fuer-kinder","15":"product_tag-inter-miami-trikot-kinder","16":"product_tag-inter-miami-trikots","17":"product_tag-lionel-messi-trikots","19":"first","20":"instock","21":"shipping-taxable","22":"purchasable","23":"product-type-variable"},"_links":{"self":[{"href":"https:\/\/www.billigtrikotde.com\/sl\/wp-json\/wp\/v2\/product\/21418","targetHints":{"allow":["GET"]}}],"collection":[{"href":"https:\/\/www.billigtrikotde.com\/sl\/wp-json\/wp\/v2\/product"}],"about":[{"href":"https:\/\/www.billigtrikotde.com\/sl\/wp-json\/wp\/v2\/types\/product"}],"replies":[{"embeddable":true,"href":"https:\/\/www.billigtrikotde.com\/sl\/wp-json\/wp\/v2\/comments?post=21418"}],"wp:featuredmedia":[{"embeddable":true,"href":"https:\/\/www.billigtrikotde.com\/sl\/wp-json\/wp\/v2\/media\/21420"}],"wp:attachment":[{"href":"https:\/\/www.billigtrikotde.com\/sl\/wp-json\/wp\/v2\/media?parent=21418"}],"wp:term":[{"taxonomy":"product_brand","embeddable":true,"href":"https:\/\/www.billigtrikotde.com\/sl\/wp-json\/wp\/v2\/product_brand?post=21418"},{"taxonomy":"product_cat","embeddable":true,"href":"https:\/\/www.billigtrikotde.com\/sl\/wp-json\/wp\/v2\/product_cat?post=21418"},{"taxonomy":"product_tag","embeddable":true,"href":"https:\/\/www.billigtrikotde.com\/sl\/wp-json\/wp\/v2\/product_tag?post=21418"}],"curies":[{"name":"wp","href":"https:\/\/api.w.org\/{rel}","templated":true}]}}