{"id":21415,"date":"2025-03-27T14:27:10","date_gmt":"2025-03-27T13:27:10","guid":{"rendered":"https:\/\/www.billigtrikotde.com\/?post_type=product&#038;p=21415"},"modified":"2025-04-10T10:41:45","modified_gmt":"2025-04-10T08:41:45","slug":"guenstige-fussballtrikots-kinder-inter-miami-auswaertstrikot-2024-25-lionel-messi-10","status":"publish","type":"product","link":"https:\/\/www.billigtrikotde.com\/sl\/guenstige-fussballtrikots-kinder-inter-miami-auswaertstrikot-2024-25-lionel-messi-10\/","title":{"rendered":"Poceni nogometne majice Otroci Inter Miami Away Shirt 2024-25 Lionel Messi 10"},"content":{"rendered":"<p>Dres Internacional Miami 2024 2025 2025, ki ga je navdihnila ble\u0161\u010de\u010da obala mesta, izstopa z ro\u017enatimi podrobnostmi in vzorcem valov. Zasnovana je za udobje nogometnih navija\u010dev, saj zdru\u017euje gladko tkanino z AEROREADY, ki odvaja vlago. Na vratni etiketi je natisnjen moto ekipe \"Freedom is my dream\" (Svoboda so moje sanje). Ta izdelek je izdelan iz 100 % materiala, ki ga je mogo\u010de reciklirati.<\/p>\n<p>Nasveti za tiskanje: \u010ce sta ime in \u0161tevilka na sliki to\u010dno tak\u0161na, kot ju \u017eelite, ju ni treba ponovno vnesti. \u010ce ni tako, vnesite \u017eeleno ime in \u0161tevilko.<\/p>\n<p>Nasveti za pranje: Priporo\u010dljivo je, da nogometne majice perete ro\u010dno. \u010ce \u017eelite uporabiti pralni stroj, ne pozabite nogometne majice obrniti narobe in jih nato oprati. Stroj napolnite s hladno vodo in uporabite ob\u010dutljiv cikel, da bolje za\u0161\u010ditite barve.<\/p>","protected":false},"excerpt":{"rendered":"<p>Dres Internacional Miami 2024 2025 2025, ki ga je navdihnila ble\u0161\u010de\u010da obala mesta, izstopa z ro\u017enatimi podrobnostmi in vzorcem valov. Zasnovana je za udobje nogometnih navija\u010dev, saj zdru\u017euje gladko tkanino z AEROREADY, ki odvaja vlago. Na vratni etiketi je natisnjen moto ekipe \"Freedom is my dream\" (Svoboda so moje sanje). Ta izdelek je izdelan iz 100 % materiala, ki ga je mogo\u010de reciklirati.<\/p>","protected":false},"featured_media":21417,"comment_status":"open","ping_status":"closed","template":"","meta":[],"product_brand":[],"product_cat":[569],"product_tag":[20,21,22,1461,24,1467,633,1299],"class_list":{"0":"post-21415","1":"product","2":"type-product","3":"status-publish","4":"has-post-thumbnail","6":"product_cat-inter-miami-kindertrikot","7":"product_tag-coole-fussballtrikots","8":"product_tag-fussballtrikot-fuer-herren","9":"product_tag-fussballtrikot-guenstig-kaufen","10":"product_tag-guenstige-inter-miami-trikot-kinder","11":"product_tag-guenstiges-fussballtrikot","12":"product_tag-inter-miami-auswaertstrikot-2024-25","13":"product_tag-inter-miami-fussballtrikot","14":"product_tag-lionel-messi-trikots","16":"first","17":"instock","18":"shipping-taxable","19":"purchasable","20":"product-type-variable"},"_links":{"self":[{"href":"https:\/\/www.billigtrikotde.com\/sl\/wp-json\/wp\/v2\/product\/21415","targetHints":{"allow":["GET"]}}],"collection":[{"href":"https:\/\/www.billigtrikotde.com\/sl\/wp-json\/wp\/v2\/product"}],"about":[{"href":"https:\/\/www.billigtrikotde.com\/sl\/wp-json\/wp\/v2\/types\/product"}],"replies":[{"embeddable":true,"href":"https:\/\/www.billigtrikotde.com\/sl\/wp-json\/wp\/v2\/comments?post=21415"}],"wp:featuredmedia":[{"embeddable":true,"href":"https:\/\/www.billigtrikotde.com\/sl\/wp-json\/wp\/v2\/media\/21417"}],"wp:attachment":[{"href":"https:\/\/www.billigtrikotde.com\/sl\/wp-json\/wp\/v2\/media?parent=21415"}],"wp:term":[{"taxonomy":"product_brand","embeddable":true,"href":"https:\/\/www.billigtrikotde.com\/sl\/wp-json\/wp\/v2\/product_brand?post=21415"},{"taxonomy":"product_cat","embeddable":true,"href":"https:\/\/www.billigtrikotde.com\/sl\/wp-json\/wp\/v2\/product_cat?post=21415"},{"taxonomy":"product_tag","embeddable":true,"href":"https:\/\/www.billigtrikotde.com\/sl\/wp-json\/wp\/v2\/product_tag?post=21415"}],"curies":[{"name":"wp","href":"https:\/\/api.w.org\/{rel}","templated":true}]}}