{"id":21403,"date":"2025-03-25T16:26:08","date_gmt":"2025-03-25T15:26:08","guid":{"rendered":"https:\/\/www.billigtrikotde.com\/?post_type=product&#038;p=21403"},"modified":"2025-04-10T10:42:50","modified_gmt":"2025-04-10T08:42:50","slug":"fussball-trikots-kaufen-kinder-inter-miami-heimtrikot-2024-25-kurzarm-kurze-hosen","status":"publish","type":"product","link":"https:\/\/www.billigtrikotde.com\/sl\/fussball-trikots-kaufen-kinder-inter-miami-heimtrikot-2024-25-kurzarm-kurze-hosen\/","title":{"rendered":"Nogometne majice Nakup Otroci Inter Miami Home Shirt 2024-25 kratkimi rokavi + kratke hla\u010de"},"content":{"rendered":"<p>Lionel Messi iz kluba Inter Miami FC je preprost, a poln ponosa: doma\u010di dres kluba je preprosto roza barve. \u010cista ro\u017enata barva je temnej\u0161a od dresa iz prej\u0161nje sezone, s \u010drnimi podrobnostmi na ovratniku, robu, straneh in logotipu. Na sredini dresa je izvezen grb kluba Inter Miami in natisnjen sponzor Royal Caribbean. Na hrbtni strani dresa je uradno ime \"Messi\" in njegova mo\u0161tvena \u0161tevilka \"10\".<\/p>\n<p>Ta nogometni dres je idealen za tekme, izkazuje zvestobo Messiju in Interju Miami ter zdru\u017euje udobje in zmogljivost. Ima rebrasti vrat, kratke rokave in ozek kroj. Vgrajena zmogljivostna tehnologija Aeroready poskrbi, da boste hladni, suhi in udobni, ne glede na to, ali igrate ali gledate nogomet.<\/p>\n<p>Nasveti za tiskanje: \u010ce sta ime in \u0161tevilka na sliki to\u010dno tak\u0161na, kot ju \u017eelite, ju ni treba ponovno vnesti. \u010ce ni tako, vnesite \u017eeleno ime in \u0161tevilko.<\/p>\n<p>Nasveti za pranje: Priporo\u010dljivo je, da nogometne majice perete ro\u010dno. \u010ce \u017eelite uporabiti pralni stroj, ne pozabite nogometne majice obrniti narobe in jih nato oprati. Stroj napolnite s hladno vodo in uporabite ob\u010dutljiv cikel, da bolje za\u0161\u010ditite barve.<\/p>","protected":false},"excerpt":{"rendered":"<p>Schlicht und doch voller Stolz f\u00fcr Lionel Messi von Inter Miami FC: Das Heimtrikot des Vereins ist schlicht rosa. Die reine Rosafarbe ist dunkler als das Trikot der letzten Saison, mit schwarzen Details an Kragen, Saum, Seiten und Logo. Das Wappen von Inter Miami ist in die Mitte des Trikots gestickt und mit dem Sponsor [&hellip;]<\/p>","protected":false},"featured_media":21405,"comment_status":"open","ping_status":"closed","template":"","meta":[],"product_brand":[],"product_cat":[569],"product_tag":[1462,20,22,1461,24,639,1466,1464,571,1463,1465],"class_list":{"0":"post-21403","1":"product","2":"type-product","3":"status-publish","4":"has-post-thumbnail","6":"product_cat-inter-miami-kindertrikot","7":"product_tag-billige-deutschland-trikots","8":"product_tag-coole-fussballtrikots","9":"product_tag-fussballtrikot-guenstig-kaufen","10":"product_tag-guenstige-inter-miami-trikot-kinder","11":"product_tag-guenstiges-fussballtrikot","12":"product_tag-inter-miami-fussballtrikots-kinder-mit-eigenem-namen","13":"product_tag-inter-miami-heimtrikot","14":"product_tag-inter-miami-trikot-2024-25","15":"product_tag-inter-miami-trikot-fuer-kinder","16":"product_tag-inter-miami-trikot-kinder","17":"product_tag-inter-miami-trikots","19":"first","20":"instock","21":"shipping-taxable","22":"purchasable","23":"product-type-variable"},"_links":{"self":[{"href":"https:\/\/www.billigtrikotde.com\/sl\/wp-json\/wp\/v2\/product\/21403","targetHints":{"allow":["GET"]}}],"collection":[{"href":"https:\/\/www.billigtrikotde.com\/sl\/wp-json\/wp\/v2\/product"}],"about":[{"href":"https:\/\/www.billigtrikotde.com\/sl\/wp-json\/wp\/v2\/types\/product"}],"replies":[{"embeddable":true,"href":"https:\/\/www.billigtrikotde.com\/sl\/wp-json\/wp\/v2\/comments?post=21403"}],"wp:featuredmedia":[{"embeddable":true,"href":"https:\/\/www.billigtrikotde.com\/sl\/wp-json\/wp\/v2\/media\/21405"}],"wp:attachment":[{"href":"https:\/\/www.billigtrikotde.com\/sl\/wp-json\/wp\/v2\/media?parent=21403"}],"wp:term":[{"taxonomy":"product_brand","embeddable":true,"href":"https:\/\/www.billigtrikotde.com\/sl\/wp-json\/wp\/v2\/product_brand?post=21403"},{"taxonomy":"product_cat","embeddable":true,"href":"https:\/\/www.billigtrikotde.com\/sl\/wp-json\/wp\/v2\/product_cat?post=21403"},{"taxonomy":"product_tag","embeddable":true,"href":"https:\/\/www.billigtrikotde.com\/sl\/wp-json\/wp\/v2\/product_tag?post=21403"}],"curies":[{"name":"wp","href":"https:\/\/api.w.org\/{rel}","templated":true}]}}