{"id":21371,"date":"2025-03-23T16:59:58","date_gmt":"2025-03-23T15:59:58","guid":{"rendered":"https:\/\/www.billigtrikotde.com\/?post_type=product&#038;p=21371"},"modified":"2025-04-10T10:43:03","modified_gmt":"2025-04-10T08:43:03","slug":"billige-trikots-kinder-ajax-auswaertstrikot-2024-25-trikot-set","status":"publish","type":"product","link":"https:\/\/www.billigtrikotde.com\/sl\/billige-trikots-kinder-ajax-auswaertstrikot-2024-25-trikot-set\/","title":{"rendered":"Otro\u0161ki dresi Ajax Away Jersey 2024-25 komplet dresov"},"content":{"rendered":"<p><strong>Otro\u0161ki dresi Ajax Away Jersey 2024-25 komplet dresov<\/strong><\/p>\n<p>Poceni dresi Ajaxa so poklon bogati zgodovini Ajaxa, hkrati pa prina\u0161ajo sodobne elemente in energijo v ta dres Ajaxa. Dres nogometne ekipe Ajax je videti kot modra paleta, v kateri se harmoni\u010dno prepletajo razli\u010dni odtenki modre barve, ki so globoko zakoreninjeni v identiteti kluba. Vendar pa je prava pa\u0161a za o\u010di tega dresa Ajaxa svetlo rumena barva, ki celotnemu videzu doda drzen in privla\u010den kontrast.<\/p>\n<p>Nasveti za tiskanje: \u010ce sta ime in \u0161tevilka na sliki to\u010dno tak\u0161na, kot ju \u017eelite, ju ni treba ponovno vnesti. \u010ce ni tako, vnesite \u017eeleno ime in \u0161tevilko.<\/p>\n<p>Nasveti za pranje: Priporo\u010dljivo je, da nogometne majice perete ro\u010dno. \u010ce \u017eelite uporabiti pralni stroj, ne pozabite nogometne majice obrniti narobe in jih nato oprati. Stroj napolnite s hladno vodo in uporabite ob\u010dutljiv cikel, da bolje za\u0161\u010ditite barve.<\/p>","protected":false},"excerpt":{"rendered":"<p>Billige Trikots Kinder Ajax Ausw\u00e4rtstrikot 2024-25 trikot set Die Billige Trikots von Ajax sind eine Hommage an die reiche Geschichte von Ajax und bringen gleichzeitig moderne Elemente und Energie in dieses Ajax-Trikot ein. Das Trikot der Ajax-Fu\u00dfballmannschaft sieht aus wie eine blaue Palette, in der verschiedene Blaut\u00f6ne, die tief in der Identit\u00e4t des Vereins verwurzelt [&hellip;]<\/p>","protected":false},"featured_media":21373,"comment_status":"open","ping_status":"closed","template":"","meta":[],"product_brand":[],"product_cat":[680],"product_tag":[1372,681,682,1456,301,20,22,23,24],"class_list":{"0":"post-21371","1":"product","2":"type-product","3":"status-publish","4":"has-post-thumbnail","6":"product_cat-ajax-kindertrikot","7":"product_tag-ajax-amsterdam-trikot","8":"product_tag-ajax-fussballtrikots-kinder-mit-eigenem-namen","9":"product_tag-ajax-trikot-fuer-kinder","10":"product_tag-ajax-trikot-kinder","11":"product_tag-ajax-trikots","12":"product_tag-coole-fussballtrikots","13":"product_tag-fussballtrikot-guenstig-kaufen","14":"product_tag-fussballtrikot-kurzarm","15":"product_tag-guenstiges-fussballtrikot","17":"first","18":"instock","19":"shipping-taxable","20":"purchasable","21":"product-type-variable"},"_links":{"self":[{"href":"https:\/\/www.billigtrikotde.com\/sl\/wp-json\/wp\/v2\/product\/21371","targetHints":{"allow":["GET"]}}],"collection":[{"href":"https:\/\/www.billigtrikotde.com\/sl\/wp-json\/wp\/v2\/product"}],"about":[{"href":"https:\/\/www.billigtrikotde.com\/sl\/wp-json\/wp\/v2\/types\/product"}],"replies":[{"embeddable":true,"href":"https:\/\/www.billigtrikotde.com\/sl\/wp-json\/wp\/v2\/comments?post=21371"}],"wp:featuredmedia":[{"embeddable":true,"href":"https:\/\/www.billigtrikotde.com\/sl\/wp-json\/wp\/v2\/media\/21373"}],"wp:attachment":[{"href":"https:\/\/www.billigtrikotde.com\/sl\/wp-json\/wp\/v2\/media?parent=21371"}],"wp:term":[{"taxonomy":"product_brand","embeddable":true,"href":"https:\/\/www.billigtrikotde.com\/sl\/wp-json\/wp\/v2\/product_brand?post=21371"},{"taxonomy":"product_cat","embeddable":true,"href":"https:\/\/www.billigtrikotde.com\/sl\/wp-json\/wp\/v2\/product_cat?post=21371"},{"taxonomy":"product_tag","embeddable":true,"href":"https:\/\/www.billigtrikotde.com\/sl\/wp-json\/wp\/v2\/product_tag?post=21371"}],"curies":[{"name":"wp","href":"https:\/\/api.w.org\/{rel}","templated":true}]}}