{"id":21362,"date":"2025-03-23T16:45:13","date_gmt":"2025-03-23T15:45:13","guid":{"rendered":"https:\/\/www.billigtrikotde.com\/?post_type=product&#038;p=21362"},"modified":"2025-03-23T17:04:42","modified_gmt":"2025-03-23T16:04:42","slug":"guenstige-kindertrikots-ajax-auswaertstrikot-2024-25-brian-brobbey-9","status":"publish","type":"product","link":"https:\/\/www.billigtrikotde.com\/sl\/guenstige-kindertrikots-ajax-auswaertstrikot-2024-25-brian-brobbey-9\/","title":{"rendered":"Poceni Otro\u0161ke majice Ajax Away Jersey 2024-25 Brian Brobbey 9"},"content":{"rendered":"<p><strong>Poceni Otro\u0161ke majice Ajax Away Jersey 2024-25 Brian Brobbey 9<\/strong><\/p>\n<p>Poceni dresi Ajaxa so poklon bogati zgodovini Ajaxa, hkrati pa prina\u0161ajo sodobne elemente in energijo v ta dres Ajaxa. Dres nogometne ekipe Ajax je videti kot modra paleta, v kateri se harmoni\u010dno prepletajo razli\u010dni odtenki modre barve, ki so globoko zakoreninjeni v identiteti kluba. Vendar pa je prava pa\u0161a za o\u010di tega dresa Ajaxa svetlo rumena barva, ki celotnemu videzu doda drzen in privla\u010den kontrast.<\/p>\n<p>Nasveti za tiskanje: \u010ce sta ime in \u0161tevilka na sliki to\u010dno tak\u0161na, kot ju \u017eelite, ju ni treba ponovno vnesti. \u010ce ni tako, vnesite \u017eeleno ime in \u0161tevilko.<\/p>\n<p>Nasveti za pranje: Priporo\u010dljivo je, da nogometne majice perete ro\u010dno. \u010ce \u017eelite uporabiti pralni stroj, ne pozabite nogometne majice obrniti narobe in jih nato oprati. Stroj napolnite s hladno vodo in uporabite ob\u010dutljiv cikel, da bolje za\u0161\u010ditite barve.<\/p>","protected":false},"excerpt":{"rendered":"<p>Poceni otro\u0161ke dresi Ajax gostujo\u010di dres 2024-25 Jordan Henderson 6 Poceni dresi Ajax so \u010dast bogati zgodovini Ajaxa in hkrati vna\u0161ajo sodobne elemente in energijo v ta Ajaxov dres. Dres Ajaxove nogometne ekipe izgleda kot modra paleta, v kateri so razli\u010dne odtenke modre, ki so globoko ukoreninjeni v identiteto kluba [\u2026]<\/p>","protected":false},"featured_media":21366,"comment_status":"open","ping_status":"closed","template":"","meta":[],"product_brand":[],"product_cat":[680],"product_tag":[1372,681,682,1456,301,20,1457,22,23,24],"class_list":{"0":"post-21362","1":"product","2":"type-product","3":"status-publish","4":"has-post-thumbnail","6":"product_cat-ajax-kindertrikot","7":"product_tag-ajax-amsterdam-trikot","8":"product_tag-ajax-fussballtrikots-kinder-mit-eigenem-namen","9":"product_tag-ajax-trikot-fuer-kinder","10":"product_tag-ajax-trikot-kinder","11":"product_tag-ajax-trikots","12":"product_tag-coole-fussballtrikots","13":"product_tag-brian-brobbey-trikots","14":"product_tag-fussballtrikot-guenstig-kaufen","15":"product_tag-fussballtrikot-kurzarm","16":"product_tag-guenstiges-fussballtrikot","18":"first","19":"instock","20":"shipping-taxable","21":"purchasable","22":"product-type-variable"},"_links":{"self":[{"href":"https:\/\/www.billigtrikotde.com\/sl\/wp-json\/wp\/v2\/product\/21362","targetHints":{"allow":["GET"]}}],"collection":[{"href":"https:\/\/www.billigtrikotde.com\/sl\/wp-json\/wp\/v2\/product"}],"about":[{"href":"https:\/\/www.billigtrikotde.com\/sl\/wp-json\/wp\/v2\/types\/product"}],"replies":[{"embeddable":true,"href":"https:\/\/www.billigtrikotde.com\/sl\/wp-json\/wp\/v2\/comments?post=21362"}],"wp:featuredmedia":[{"embeddable":true,"href":"https:\/\/www.billigtrikotde.com\/sl\/wp-json\/wp\/v2\/media\/21366"}],"wp:attachment":[{"href":"https:\/\/www.billigtrikotde.com\/sl\/wp-json\/wp\/v2\/media?parent=21362"}],"wp:term":[{"taxonomy":"product_brand","embeddable":true,"href":"https:\/\/www.billigtrikotde.com\/sl\/wp-json\/wp\/v2\/product_brand?post=21362"},{"taxonomy":"product_cat","embeddable":true,"href":"https:\/\/www.billigtrikotde.com\/sl\/wp-json\/wp\/v2\/product_cat?post=21362"},{"taxonomy":"product_tag","embeddable":true,"href":"https:\/\/www.billigtrikotde.com\/sl\/wp-json\/wp\/v2\/product_tag?post=21362"}],"curies":[{"name":"wp","href":"https:\/\/api.w.org\/{rel}","templated":true}]}}