{"id":21357,"date":"2025-03-22T15:41:40","date_gmt":"2025-03-22T14:41:40","guid":{"rendered":"https:\/\/www.billigtrikotde.com\/?post_type=product&#038;p=21357"},"modified":"2025-04-16T09:50:56","modified_gmt":"2025-04-16T07:50:56","slug":"kaufen-kinder-real-madrid-heim-trikotsatz-2024-25-weiss-fussballtrikots","status":"publish","type":"product","link":"https:\/\/www.billigtrikotde.com\/sl\/kaufen-kinder-real-madrid-heim-trikotsatz-2024-25-weiss-fussballtrikots\/","title":{"rendered":"Nakup Otro\u0161ki Real Madrid Home Kit 2024-25 White Football Shirts"},"content":{"rendered":"<p>Dres Real Madrid Club de F\u00fatbol 2024-25 ima tradicionalno belo barvo ekipe v kombinaciji s \u010drno barvo treh \u010drt. Dres Real Madrid 2024-2025 zaradi klasi\u010dne barvne kombinacije in preprostega dizajna vzbuja spomine na drese iz za\u010detka leta 2000, celoten dres pa je opremljen z vzorcem pasjega zoba, ki ustvarja modno vzdu\u0161je. Dres ima prefinjene \u010drne podrobnosti, celobarvna oznaka pa takoj pritegne pozornost, ko stopite na igri\u0161\u010de.<\/p>\n<p>Nasveti za tiskanje: \u010ce sta ime in \u0161tevilka na sliki to\u010dno tak\u0161na, kot ju \u017eelite, ju ni treba ponovno vnesti. \u010ce ni tako, vnesite \u017eeleno ime in \u0161tevilko.<\/p>\n<p>Nasveti za pranje: Priporo\u010dljivo je, da nogometne majice perete ro\u010dno. \u010ce \u017eelite uporabiti pralni stroj, ne pozabite nogometne majice obrniti narobe in jih nato oprati. Stroj napolnite s hladno vodo in uporabite ob\u010dutljiv cikel, da bolje za\u0161\u010ditite barve.<\/p>","protected":false},"excerpt":{"rendered":"<p>Das Real Madrid Club de F\u00fatbol 2024-25 Trikot hat die traditionelle wei\u00dfe Farbe der Mannschaft kombiniert mit Schwarz f\u00fcr die Drei Streifen. Das Real Madrid 2024-2025 Trikot weckt dank der klassischen Farbkombination und des schlichten Designs Erinnerungen an die Trikots der fr\u00fchen 2000er Jahre.Das gesamte Trikot weist ein Hahnentrittmuster auf, das eine modische Atmosph\u00e4re vermittelt. [&hellip;]<\/p>","protected":false},"featured_media":21359,"comment_status":"open","ping_status":"closed","template":"","meta":[],"product_brand":[],"product_cat":[165],"product_tag":[20,574,1453,24,94,879,1454,880,1455,47,166],"class_list":{"0":"post-21357","1":"product","2":"type-product","3":"status-publish","4":"has-post-thumbnail","6":"product_cat-real-madrid-kindertrikot","7":"product_tag-coole-fussballtrikots","8":"product_tag-fussballtrikot-deutschland","9":"product_tag-fussballtrikots-real-madrid","10":"product_tag-guenstiges-fussballtrikot","11":"product_tag-kinder-fussball-trikotsatz","12":"product_tag-real-madrid-fussballtrikots-kinder","13":"product_tag-real-madrid-trikot-2024-25","14":"product_tag-real-madrid-trikot-fuer-kinder","15":"product_tag-real-madrid-trikot-kaufen","16":"product_tag-real-madrid-trikots","17":"product_tag-real-madrid-trikotsatz-fuer-kinder","19":"first","20":"instock","21":"shipping-taxable","22":"purchasable","23":"product-type-variable"},"_links":{"self":[{"href":"https:\/\/www.billigtrikotde.com\/sl\/wp-json\/wp\/v2\/product\/21357","targetHints":{"allow":["GET"]}}],"collection":[{"href":"https:\/\/www.billigtrikotde.com\/sl\/wp-json\/wp\/v2\/product"}],"about":[{"href":"https:\/\/www.billigtrikotde.com\/sl\/wp-json\/wp\/v2\/types\/product"}],"replies":[{"embeddable":true,"href":"https:\/\/www.billigtrikotde.com\/sl\/wp-json\/wp\/v2\/comments?post=21357"}],"wp:featuredmedia":[{"embeddable":true,"href":"https:\/\/www.billigtrikotde.com\/sl\/wp-json\/wp\/v2\/media\/21359"}],"wp:attachment":[{"href":"https:\/\/www.billigtrikotde.com\/sl\/wp-json\/wp\/v2\/media?parent=21357"}],"wp:term":[{"taxonomy":"product_brand","embeddable":true,"href":"https:\/\/www.billigtrikotde.com\/sl\/wp-json\/wp\/v2\/product_brand?post=21357"},{"taxonomy":"product_cat","embeddable":true,"href":"https:\/\/www.billigtrikotde.com\/sl\/wp-json\/wp\/v2\/product_cat?post=21357"},{"taxonomy":"product_tag","embeddable":true,"href":"https:\/\/www.billigtrikotde.com\/sl\/wp-json\/wp\/v2\/product_tag?post=21357"}],"curies":[{"name":"wp","href":"https:\/\/api.w.org\/{rel}","templated":true}]}}