{"id":21285,"date":"2025-06-04T16:07:32","date_gmt":"2025-06-04T14:07:32","guid":{"rendered":"https:\/\/www.billigtrikotde.com\/?post_type=product&#038;p=21285"},"modified":"2025-06-09T05:10:19","modified_gmt":"2025-06-09T03:10:19","slug":"neues-fussballtrikots-arsenal-mikel-merino-23-heimtrikot-kinder-2024-25","status":"publish","type":"product","link":"https:\/\/www.billigtrikotde.com\/sl\/neues-fussballtrikots-arsenal-mikel-merino-23-heimtrikot-kinder-2024-25\/","title":{"rendered":"Arsenal Mikel Merino #23 doma\u010da majica za otroke 2024-25 kratke rokave (+ kratke hla\u010de)"},"content":{"rendered":"<h3>Novi nogometni dresi Arsenal Mikel Merino #23 doma\u010di dres otroci 2024-25<\/h3>\n<p>Doma\u010da majica Arsenal 2024-2025 zdru\u017euje klasi\u010dno rde\u010do glavno barvo kluba z belimi logotipi in temno modrimi oblikovnimi elementi. Doma\u010da majica Arsenal 2024-25 je oblikovno precej preprosta. Temelji na novi predlogi 2024-25 in ima edinstvene stranske oznake, v tem primeru v modri barvi.<\/p>\n<p>Nasveti za tiskanje: \u010ce sta ime in \u0161tevilka na sliki to\u010dno tak\u0161na, kot ju \u017eelite, ju ni treba ponovno vnesti. \u010ce ni tako, vnesite \u017eeleno ime in \u0161tevilko.<\/p>\n<p>Nasveti za pranje: Priporo\u010dljivo je, da nogometne majice perete ro\u010dno. \u010ce \u017eelite uporabiti pralni stroj, ne pozabite nogometne majice obrniti narobe in jih nato oprati. Stroj napolnite s hladno vodo in uporabite ob\u010dutljiv cikel, da bolje za\u0161\u010ditite barve.<\/p>","protected":false},"excerpt":{"rendered":"<p>Arsenalovi futsal dresi Set Takehiro Tomiyasu #18 doma\u010di dres otroci 2024-25 Doma\u010di dres Arsenala 2024-2025 zdru\u017euje klasi\u010dno rde\u010do glavno barvo kluba z belimi logotipi in temno modrimi elementi dizajna. Glede oblikovanja je doma\u010di dres Arsenal 2024-25 precej preprost. Temelji na novi predlogi 2024\u201325 in ima edinstvene stranske oznake, v tem primeru v modri barvi. [\u2026]<\/p>","protected":false},"featured_media":21287,"comment_status":"open","ping_status":"closed","template":"","meta":[],"product_brand":[],"product_cat":[167],"product_tag":[1527,1528,1446],"class_list":{"0":"post-21285","1":"product","2":"type-product","3":"status-publish","4":"has-post-thumbnail","6":"product_cat-arsenal-kindertrikot","7":"product_tag-guenstige-mikel-merino-trikot-kinder","8":"product_tag-mikel-merino-trikot-kinder-kaufen","9":"product_tag-mikel-merino-trikots","11":"first","12":"instock","13":"shipping-taxable","14":"purchasable","15":"product-type-variable"},"_links":{"self":[{"href":"https:\/\/www.billigtrikotde.com\/sl\/wp-json\/wp\/v2\/product\/21285","targetHints":{"allow":["GET"]}}],"collection":[{"href":"https:\/\/www.billigtrikotde.com\/sl\/wp-json\/wp\/v2\/product"}],"about":[{"href":"https:\/\/www.billigtrikotde.com\/sl\/wp-json\/wp\/v2\/types\/product"}],"replies":[{"embeddable":true,"href":"https:\/\/www.billigtrikotde.com\/sl\/wp-json\/wp\/v2\/comments?post=21285"}],"wp:featuredmedia":[{"embeddable":true,"href":"https:\/\/www.billigtrikotde.com\/sl\/wp-json\/wp\/v2\/media\/21287"}],"wp:attachment":[{"href":"https:\/\/www.billigtrikotde.com\/sl\/wp-json\/wp\/v2\/media?parent=21285"}],"wp:term":[{"taxonomy":"product_brand","embeddable":true,"href":"https:\/\/www.billigtrikotde.com\/sl\/wp-json\/wp\/v2\/product_brand?post=21285"},{"taxonomy":"product_cat","embeddable":true,"href":"https:\/\/www.billigtrikotde.com\/sl\/wp-json\/wp\/v2\/product_cat?post=21285"},{"taxonomy":"product_tag","embeddable":true,"href":"https:\/\/www.billigtrikotde.com\/sl\/wp-json\/wp\/v2\/product_tag?post=21285"}],"curies":[{"name":"wp","href":"https:\/\/api.w.org\/{rel}","templated":true}]}}