{"id":21279,"date":"2025-03-17T15:04:03","date_gmt":"2025-03-17T14:04:03","guid":{"rendered":"https:\/\/www.billigtrikotde.com\/?post_type=product&#038;p=21279"},"modified":"2025-03-17T15:17:58","modified_gmt":"2025-03-17T14:17:58","slug":"kinder-arsenal-auswaertstrikot-2024-25-mit-aufdruck-jakub-kiwior-15","status":"publish","type":"product","link":"https:\/\/www.billigtrikotde.com\/sl\/kinder-arsenal-auswaertstrikot-2024-25-mit-aufdruck-jakub-kiwior-15\/","title":{"rendered":"Otro\u0161ki dres Arsenal 2024-25 s potiskom Jakub Kiwior 15"},"content":{"rendered":"<p>To je najnovej\u0161a gostujo\u010da majica Arsenala 2024-25. Edinstvena je zaradi \u017eivahne \u010drne, rde\u010de in zelene barvne sheme, ki odra\u017ea slog vseafri\u0161ke zastave. Poleg tega si mora vsakdo ogledati vzorec te Arsenalove nogometne majice, saj je precej privla\u010den. Na straneh majice je bel cikcak vzorec, vzorec, ki se pogosto uporablja v afri\u0161kih vzorcih in predstavlja \u0161koljke.<\/p>\n<p>Nasveti za tiskanje: \u010ce sta ime in \u0161tevilka na sliki to\u010dno tak\u0161na, kot ju \u017eelite, ju ni treba ponovno vnesti. \u010ce ni tako, vnesite \u017eeleno ime in \u0161tevilko.<\/p>\n<p>Nasveti za pranje: Priporo\u010dljivo je, da nogometne majice perete ro\u010dno. \u010ce \u017eelite uporabiti pralni stroj, ne pozabite nogometne majice obrniti narobe in jih nato oprati. Stroj napolnite s hladno vodo in uporabite ob\u010dutljiv cikel, da bolje za\u0161\u010ditite barve.<\/p>","protected":false},"excerpt":{"rendered":"<p>Dies ist das neueste Ausw\u00e4rtstrikot von Arsenal 2024\u201325. Was dieses Arsenal-Trikot einzigartig macht, ist seine leuchtende Farbgebung in Schwarz, Rot und Gr\u00fcn, die den Stil der panafrikanischen Flagge widerspiegelt. Dar\u00fcber hinaus sollte jeder einen Blick auf das Muster dieses Arsenal-Fu\u00dfballtrikots werfen, da es ziemlich auff\u00e4llig ist. Die Shorts haben an den Seiten ein wei\u00dfes Zickzackmuster, [&hellip;]<\/p>","protected":false},"featured_media":21281,"comment_status":"open","ping_status":"closed","template":"","meta":[],"product_brand":[],"product_cat":[167],"product_tag":[851,1445,852,1263,20,1440,1439],"class_list":{"0":"post-21279","1":"product","2":"type-product","3":"status-publish","4":"has-post-thumbnail","6":"product_cat-arsenal-kindertrikot","7":"product_tag-arsenal-fussballtrikots-kinder","8":"product_tag-arsenal-fussballtrikots-kinder-mit-eigenem-namen","9":"product_tag-arsenal-trikot-fuer-kinder","10":"product_tag-arsenal-trikotsatz-fuer-kinder","11":"product_tag-coole-fussballtrikots","12":"product_tag-guenstige-jakub-kiwior-trikot-kinder","13":"product_tag-jakub-kiwior-trikot-kinder-kaufen","15":"first","16":"instock","17":"shipping-taxable","18":"purchasable","19":"product-type-variable"},"_links":{"self":[{"href":"https:\/\/www.billigtrikotde.com\/sl\/wp-json\/wp\/v2\/product\/21279","targetHints":{"allow":["GET"]}}],"collection":[{"href":"https:\/\/www.billigtrikotde.com\/sl\/wp-json\/wp\/v2\/product"}],"about":[{"href":"https:\/\/www.billigtrikotde.com\/sl\/wp-json\/wp\/v2\/types\/product"}],"replies":[{"embeddable":true,"href":"https:\/\/www.billigtrikotde.com\/sl\/wp-json\/wp\/v2\/comments?post=21279"}],"wp:featuredmedia":[{"embeddable":true,"href":"https:\/\/www.billigtrikotde.com\/sl\/wp-json\/wp\/v2\/media\/21281"}],"wp:attachment":[{"href":"https:\/\/www.billigtrikotde.com\/sl\/wp-json\/wp\/v2\/media?parent=21279"}],"wp:term":[{"taxonomy":"product_brand","embeddable":true,"href":"https:\/\/www.billigtrikotde.com\/sl\/wp-json\/wp\/v2\/product_brand?post=21279"},{"taxonomy":"product_cat","embeddable":true,"href":"https:\/\/www.billigtrikotde.com\/sl\/wp-json\/wp\/v2\/product_cat?post=21279"},{"taxonomy":"product_tag","embeddable":true,"href":"https:\/\/www.billigtrikotde.com\/sl\/wp-json\/wp\/v2\/product_tag?post=21279"}],"curies":[{"name":"wp","href":"https:\/\/api.w.org\/{rel}","templated":true}]}}