{"id":21267,"date":"2025-06-04T15:56:24","date_gmt":"2025-06-04T13:56:24","guid":{"rendered":"https:\/\/www.billigtrikotde.com\/?post_type=product&#038;p=21267"},"modified":"2025-06-11T13:57:07","modified_gmt":"2025-06-11T11:57:07","slug":"billige-fussballtrikots-trikotsatz-arsenal-riccardo-calafiori-33-heimtrikot-kinder-2024-25","status":"publish","type":"product","link":"https:\/\/www.billigtrikotde.com\/sl\/billige-fussballtrikots-trikotsatz-arsenal-riccardo-calafiori-33-heimtrikot-kinder-2024-25\/","title":{"rendered":"Arsenal Riccardo Calafiori #33 doma\u010da majica za otroke 2024-25 kratke rokave (+ kratke hla\u010de)"},"content":{"rendered":"<h3>Poceni nogometne majice trikotsatz Arsenal Riccardo Calafiori #33 doma\u010da majica za otroke 2024-25<\/h3>\n<p>Doma\u010da majica Arsenal 2024-2025 zdru\u017euje klasi\u010dno rde\u010do glavno barvo kluba z belimi logotipi in temno modrimi oblikovnimi elementi. Doma\u010da majica Arsenal 2024-25 je oblikovno precej preprosta. Temelji na novi predlogi 2024-25 in ima edinstvene stranske oznake, v tem primeru v modri barvi.<\/p>\n<p>Nasveti za tiskanje: \u010ce sta ime in \u0161tevilka na sliki to\u010dno tak\u0161na, kot ju \u017eelite, ju ni treba ponovno vnesti. \u010ce ni tako, vnesite \u017eeleno ime in \u0161tevilko.<\/p>\n<p>Nasveti za pranje: Priporo\u010dljivo je, da nogometne majice perete ro\u010dno. \u010ce \u017eelite uporabiti pralni stroj, ne pozabite nogometne majice obrniti narobe in jih nato oprati. Stroj napolnite s hladno vodo in uporabite ob\u010dutljiv cikel, da bolje za\u0161\u010ditite barve.<\/p>","protected":false},"excerpt":{"rendered":"<p>Billige Fussballtrikots trikotsatz Arsenal Riccardo Calafiori #33 Heimtrikot Kinder 2024-25 Das Arsenal Heimtrikot 2024-2025 kombiniert die klassische rote Hauptfarbe des Vereins mit wei\u00dfen Logos und dunkelblauen Designelementen. In Bezug auf das Design ist das Arsenal 2024-25 Heimtrikot recht schlicht. Es basiert auf der neuen Vorlage 2024\u201325 und verf\u00fcgt \u00fcber einzigartige Seitenmarkierungen, in diesem Fall in [&hellip;]<\/p>","protected":false},"featured_media":21269,"comment_status":"open","ping_status":"closed","template":"","meta":[],"product_brand":[],"product_cat":[167],"product_tag":[1524,1525,1447],"class_list":{"0":"post-21267","1":"product","2":"type-product","3":"status-publish","4":"has-post-thumbnail","6":"product_cat-arsenal-kindertrikot","7":"product_tag-guenstige-riccardo-calafiori-trikot-kinder","8":"product_tag-riccardo-calafiori-trikot-kinder-kaufen","9":"product_tag-riccardo-calafiori-trikots","11":"first","12":"instock","13":"shipping-taxable","14":"purchasable","15":"product-type-variable"},"_links":{"self":[{"href":"https:\/\/www.billigtrikotde.com\/sl\/wp-json\/wp\/v2\/product\/21267","targetHints":{"allow":["GET"]}}],"collection":[{"href":"https:\/\/www.billigtrikotde.com\/sl\/wp-json\/wp\/v2\/product"}],"about":[{"href":"https:\/\/www.billigtrikotde.com\/sl\/wp-json\/wp\/v2\/types\/product"}],"replies":[{"embeddable":true,"href":"https:\/\/www.billigtrikotde.com\/sl\/wp-json\/wp\/v2\/comments?post=21267"}],"wp:featuredmedia":[{"embeddable":true,"href":"https:\/\/www.billigtrikotde.com\/sl\/wp-json\/wp\/v2\/media\/21269"}],"wp:attachment":[{"href":"https:\/\/www.billigtrikotde.com\/sl\/wp-json\/wp\/v2\/media?parent=21267"}],"wp:term":[{"taxonomy":"product_brand","embeddable":true,"href":"https:\/\/www.billigtrikotde.com\/sl\/wp-json\/wp\/v2\/product_brand?post=21267"},{"taxonomy":"product_cat","embeddable":true,"href":"https:\/\/www.billigtrikotde.com\/sl\/wp-json\/wp\/v2\/product_cat?post=21267"},{"taxonomy":"product_tag","embeddable":true,"href":"https:\/\/www.billigtrikotde.com\/sl\/wp-json\/wp\/v2\/product_tag?post=21267"}],"curies":[{"name":"wp","href":"https:\/\/api.w.org\/{rel}","templated":true}]}}