{"id":21240,"date":"2025-03-16T11:37:56","date_gmt":"2025-03-16T10:37:56","guid":{"rendered":"https:\/\/www.billigtrikotde.com\/?post_type=product&#038;p=21240"},"modified":"2025-03-16T11:37:57","modified_gmt":"2025-03-16T10:37:57","slug":"guenstige-fussballtrikots-kinder-arsenal-3rd-trikot-2024-25-leandro-trossard-19","status":"publish","type":"product","link":"https:\/\/www.billigtrikotde.com\/sl\/guenstige-fussballtrikots-kinder-arsenal-3rd-trikot-2024-25-leandro-trossard-19\/","title":{"rendered":"Poceni nogometne majice Otroci Arsenal 3. dres 2024-25 Leandro Trossard 19"},"content":{"rendered":"<p>Dres Arsenal 2024-25 je presenetljiva me\u0161anica svetlo modre, polno\u010dno modre in svetlo vijoli\u010dne barve Veronica. Nekatere grafike so v vijoli\u010dni barvi, kar polep\u0161a videz Arsenalovega dresa.<\/p>\n<p>Nasveti za tiskanje: \u010ce sta ime in \u0161tevilka na sliki to\u010dno tak\u0161na, kot ju \u017eelite, ju ni treba ponovno vnesti. \u010ce ni tako, vnesite \u017eeleno ime in \u0161tevilko.<\/p>\n<p>Nasveti za pranje: Priporo\u010dljivo je, da nogometne majice perete ro\u010dno. \u010ce \u017eelite uporabiti pralni stroj, ne pozabite nogometne majice obrniti narobe in jih nato oprati. Stroj napolnite s hladno vodo in uporabite ob\u010dutljiv cikel, da bolje za\u0161\u010ditite barve.<\/p>","protected":false},"excerpt":{"rendered":"<p>Arsenalov trikot za sezono 2024\u201325 je sestavljen iz izrazite me\u0161anice svetlo modre, polno\u010dne modre in svetle Veronica fuksije. Nekateri grafi\u010dni motivi so fuksijevo obarvani, kar rahlo razjasni videz Arsene trika. Nasveti za tiskanje: \u010ce sta ime in \u0161tevilka na sliki natan\u010dno tak\u0161ni, kot si \u017eelite, jih ni treba ponovno vna\u0161ati. \u010ce ne, bi morali vnesti svoje [\u2026]<\/p>","protected":false},"featured_media":21242,"comment_status":"open","ping_status":"closed","template":"","meta":[],"product_brand":[],"product_cat":[167],"product_tag":[851,1445,852,1263,20,1436,94,1435],"class_list":{"0":"post-21240","1":"product","2":"type-product","3":"status-publish","4":"has-post-thumbnail","6":"product_cat-arsenal-kindertrikot","7":"product_tag-arsenal-fussballtrikots-kinder","8":"product_tag-arsenal-fussballtrikots-kinder-mit-eigenem-namen","9":"product_tag-arsenal-trikot-fuer-kinder","10":"product_tag-arsenal-trikotsatz-fuer-kinder","11":"product_tag-coole-fussballtrikots","12":"product_tag-guenstige-leandro-trossard-trikot-kinder","13":"product_tag-kinder-fussball-trikotsatz","14":"product_tag-leandro-trossard-trikot-kinder-kaufen","16":"first","17":"instock","18":"shipping-taxable","19":"purchasable","20":"product-type-variable"},"_links":{"self":[{"href":"https:\/\/www.billigtrikotde.com\/sl\/wp-json\/wp\/v2\/product\/21240","targetHints":{"allow":["GET"]}}],"collection":[{"href":"https:\/\/www.billigtrikotde.com\/sl\/wp-json\/wp\/v2\/product"}],"about":[{"href":"https:\/\/www.billigtrikotde.com\/sl\/wp-json\/wp\/v2\/types\/product"}],"replies":[{"embeddable":true,"href":"https:\/\/www.billigtrikotde.com\/sl\/wp-json\/wp\/v2\/comments?post=21240"}],"wp:featuredmedia":[{"embeddable":true,"href":"https:\/\/www.billigtrikotde.com\/sl\/wp-json\/wp\/v2\/media\/21242"}],"wp:attachment":[{"href":"https:\/\/www.billigtrikotde.com\/sl\/wp-json\/wp\/v2\/media?parent=21240"}],"wp:term":[{"taxonomy":"product_brand","embeddable":true,"href":"https:\/\/www.billigtrikotde.com\/sl\/wp-json\/wp\/v2\/product_brand?post=21240"},{"taxonomy":"product_cat","embeddable":true,"href":"https:\/\/www.billigtrikotde.com\/sl\/wp-json\/wp\/v2\/product_cat?post=21240"},{"taxonomy":"product_tag","embeddable":true,"href":"https:\/\/www.billigtrikotde.com\/sl\/wp-json\/wp\/v2\/product_tag?post=21240"}],"curies":[{"name":"wp","href":"https:\/\/api.w.org\/{rel}","templated":true}]}}