{"id":2089,"date":"2024-10-23T13:59:21","date_gmt":"2024-10-23T11:59:21","guid":{"rendered":"http:\/\/billigtrikots.com\/?post_type=product&#038;p=2089"},"modified":"2024-10-23T14:01:23","modified_gmt":"2024-10-23T12:01:23","slug":"inter-mailand-stadium-auswaertstrikot-2022-weiss-blau-mit-aufdruck-asamoah-18","status":"publish","type":"product","link":"https:\/\/www.billigtrikotde.com\/sl\/inter-mailand-stadium-auswaertstrikot-2022-weiss-blau-mit-aufdruck-asamoah-18\/","title":{"rendered":"Inter Mil\u00e1n Stadium Zunanje doma\u010de majice 2022 belo\/modra z napisom Asamoah 18"},"content":{"rendered":"<p>Podpri Nerazzurije z Nike Inter Milan 21\/22 stadion gostujo\u010do majico, razli\u010dico majice za navija\u010de, ki jo nosijo profesionalci, z nekoliko ohlapnej\u0161o prileganjem.<\/p>\n<p>Majica Nike Inter Milan 21\/22 stadion gostujo\u010da, posebej zasnovana za navija\u010de, je izdelana iz lahkega materiala Nike Breathe, ki te ohranja hladnega in udobnega, ne glede na to, ali posnema\u0161 svojega junaka med igro ali ga navija\u0161 z tribune.<\/p>\n<p>Gostujo\u010da majica Inter Milan 21\/22 praznuje novo vizualno identiteto kluba in poleg novo oblikovanega grba \u201eIM\u201c prikazuje ro\u010dno narisano grafiko ka\u010de Biscione, ki spominja na klasi\u010dno majico iz leta 10\/11 in predstavlja prehod iz ene dobe v drugo.<\/p>\n<p>Nasveti za tiskanje: \u010ce sta ime in \u0161tevilka na sliki to\u010dno tak\u0161na, kot ju \u017eelite, ju ni treba ponovno vnesti. \u010ce ni tako, vnesite \u017eeleno ime in \u0161tevilko.<\/p>\n<p>Nasveti za pranje: Priporo\u010dljivo je, da nogometne majice perete ro\u010dno. \u010ce \u017eelite uporabiti pralni stroj, ne pozabite nogometne majice obrniti narobe in jih nato oprati. Stroj napolnite s hladno vodo in uporabite ob\u010dutljiv cikel, da bolje za\u0161\u010ditite barve.<\/p>","protected":false},"excerpt":{"rendered":"<p>Podpri Nerazzurije z Nike Inter Milan 21\/22 stadion gostujo\u010do majico, razli\u010dico majice za navija\u010de, ki jo nosijo profesionalci, z nekoliko ohlapnej\u0161o prileganjem. Nike Inter Milan 21\/22 stadion gostujo\u010da majica, posebej zasnovana za navija\u010de, je izdelana iz lahkega materiala Nike Breathe, ki te ohranja hladnega in udobnega, ne glede na to, ali navija\u0161 za svoje junake pri [...]<\/p>","protected":false},"featured_media":2119,"comment_status":"open","ping_status":"closed","template":"","meta":[],"product_brand":[],"product_cat":[77],"product_tag":[20,21,22,23,24,79,78],"class_list":{"0":"post-2089","1":"product","2":"type-product","3":"status-publish","4":"has-post-thumbnail","6":"product_cat-inter-milan","7":"product_tag-coole-fussballtrikots","8":"product_tag-fussballtrikot-fuer-herren","9":"product_tag-fussballtrikot-guenstig-kaufen","10":"product_tag-fussballtrikot-kurzarm","11":"product_tag-guenstiges-fussballtrikot","12":"product_tag-inter-milan-auswaertstrikot","13":"product_tag-inter-milan-trikots","15":"first","16":"instock","17":"shipping-taxable","18":"purchasable","19":"product-type-variable"},"_links":{"self":[{"href":"https:\/\/www.billigtrikotde.com\/sl\/wp-json\/wp\/v2\/product\/2089","targetHints":{"allow":["GET"]}}],"collection":[{"href":"https:\/\/www.billigtrikotde.com\/sl\/wp-json\/wp\/v2\/product"}],"about":[{"href":"https:\/\/www.billigtrikotde.com\/sl\/wp-json\/wp\/v2\/types\/product"}],"replies":[{"embeddable":true,"href":"https:\/\/www.billigtrikotde.com\/sl\/wp-json\/wp\/v2\/comments?post=2089"}],"wp:featuredmedia":[{"embeddable":true,"href":"https:\/\/www.billigtrikotde.com\/sl\/wp-json\/wp\/v2\/media\/2119"}],"wp:attachment":[{"href":"https:\/\/www.billigtrikotde.com\/sl\/wp-json\/wp\/v2\/media?parent=2089"}],"wp:term":[{"taxonomy":"product_brand","embeddable":true,"href":"https:\/\/www.billigtrikotde.com\/sl\/wp-json\/wp\/v2\/product_brand?post=2089"},{"taxonomy":"product_cat","embeddable":true,"href":"https:\/\/www.billigtrikotde.com\/sl\/wp-json\/wp\/v2\/product_cat?post=2089"},{"taxonomy":"product_tag","embeddable":true,"href":"https:\/\/www.billigtrikotde.com\/sl\/wp-json\/wp\/v2\/product_tag?post=2089"}],"curies":[{"name":"wp","href":"https:\/\/api.w.org\/{rel}","templated":true}]}}