{"id":20748,"date":"2025-02-08T14:34:45","date_gmt":"2025-02-08T13:34:45","guid":{"rendered":"https:\/\/www.billigtrikotde.com\/?post_type=product&#038;p=20748"},"modified":"2025-03-01T09:17:39","modified_gmt":"2025-03-01T08:17:39","slug":"guenstige-chelsea-fussballtrikots-kinder-auswaerts-trikotsatz-2024-25","status":"publish","type":"product","link":"https:\/\/www.billigtrikotde.com\/sl\/guenstige-chelsea-fussballtrikots-kinder-auswaerts-trikotsatz-2024-25\/","title":{"rendered":"Poceni Chelsea Nogometne majice Kids Away Kit 2024-25"},"content":{"rendered":"<p>Motiv \"Blue Blame\" (Modra krivda) na doma\u010dem dresu FC Chelsea 24\/25 je prenesen tudi na gostujo\u010dem dresu in poudarja skupne ambicije, gore\u010do strast in odlo\u010denost kluba, da uspe. Osupljiva oran\u017ena barva poudarka simbolizira ogenj in predstavlja skupni zagon vseh, ki so povezani s Chelsea, tako na igri\u0161\u010du kot zunaj njega. Slogan \"Together, We Burn Blue\" povzema ta etos ter odra\u017ea enotnost in intenzivnost, ki ju \u017eeli klub vnesti v novo sezono.Izletni\u0161ki dres Chelsea 2024\/25 ima prilagojen grb, ki na sodoben na\u010din poudarja oran\u017ene odtenke prej\u0161njih klubskih dresov. Ta po meri izdelan element poudarja zavezanost kluba k inovacijam in spo\u0161tovanje njegove dedi\u0161\u010dine.<\/p>\n<p>Nasveti za tiskanje: \u010ce sta ime in \u0161tevilka na sliki to\u010dno tak\u0161na, kot ju \u017eelite, ju ni treba ponovno vnesti. \u010ce ni tako, vnesite \u017eeleno ime in \u0161tevilko.<\/p>\n<p>Nasveti za pranje: Priporo\u010dljivo je, da nogometne majice perete ro\u010dno. \u010ce \u017eelite uporabiti pralni stroj, ne pozabite nogometne majice obrniti narobe in jih nato oprati. Stroj napolnite s hladno vodo in uporabite ob\u010dutljiv cikel, da bolje za\u0161\u010ditite barve.<\/p>","protected":false},"excerpt":{"rendered":"<p>Das \u201eBlue Blame\u201c-Thema dieses Heimtrikots 24\/25 des FC Chelsea wird auch auf dem Ausw\u00e4rtstrikot wiedergegeben und unterstreicht den gemeinsamen Ehrgeiz, die brennende Leidenschaft und die Entschlossenheit des Vereins, erfolgreich zu sein. Die auff\u00e4llige orange Akzentfarbe symbolisiert Feuer und repr\u00e4sentiert den gemeinsamen Antrieb aller, die mit Chelsea verbunden sind, sowohl auf als auch neben dem Spielfeld. [&hellip;]<\/p>","protected":false},"featured_media":20750,"comment_status":"open","ping_status":"closed","template":"","meta":[],"product_brand":[],"product_cat":[162],"product_tag":[20,1280,831,832,163,24,94],"class_list":{"0":"post-20748","1":"product","2":"type-product","3":"status-publish","4":"has-post-thumbnail","6":"product_cat-chelsea-kindertrikot","7":"product_tag-coole-fussballtrikots","8":"product_tag-chelsea-fc-24-25-trikot","9":"product_tag-chelsea-fussballtrikots-kinder","10":"product_tag-chelsea-trikot-fuer-kinder","11":"product_tag-chelsea-trikotsatz-fuer-kinder","12":"product_tag-guenstiges-fussballtrikot","13":"product_tag-kinder-fussball-trikotsatz","15":"first","16":"instock","17":"shipping-taxable","18":"purchasable","19":"product-type-variable"},"_links":{"self":[{"href":"https:\/\/www.billigtrikotde.com\/sl\/wp-json\/wp\/v2\/product\/20748","targetHints":{"allow":["GET"]}}],"collection":[{"href":"https:\/\/www.billigtrikotde.com\/sl\/wp-json\/wp\/v2\/product"}],"about":[{"href":"https:\/\/www.billigtrikotde.com\/sl\/wp-json\/wp\/v2\/types\/product"}],"replies":[{"embeddable":true,"href":"https:\/\/www.billigtrikotde.com\/sl\/wp-json\/wp\/v2\/comments?post=20748"}],"wp:featuredmedia":[{"embeddable":true,"href":"https:\/\/www.billigtrikotde.com\/sl\/wp-json\/wp\/v2\/media\/20750"}],"wp:attachment":[{"href":"https:\/\/www.billigtrikotde.com\/sl\/wp-json\/wp\/v2\/media?parent=20748"}],"wp:term":[{"taxonomy":"product_brand","embeddable":true,"href":"https:\/\/www.billigtrikotde.com\/sl\/wp-json\/wp\/v2\/product_brand?post=20748"},{"taxonomy":"product_cat","embeddable":true,"href":"https:\/\/www.billigtrikotde.com\/sl\/wp-json\/wp\/v2\/product_cat?post=20748"},{"taxonomy":"product_tag","embeddable":true,"href":"https:\/\/www.billigtrikotde.com\/sl\/wp-json\/wp\/v2\/product_tag?post=20748"}],"curies":[{"name":"wp","href":"https:\/\/api.w.org\/{rel}","templated":true}]}}